{"id":1858,"date":"2025-03-11T08:17:38","date_gmt":"2025-03-11T08:17:38","guid":{"rendered":"https:\/\/brave-sutherland.217-18-163-79.plesk.page\/securite-alimentaire\/"},"modified":"2025-03-17T16:09:35","modified_gmt":"2025-03-17T16:09:35","slug":"securite-alimentaire","status":"publish","type":"page","link":"https:\/\/brave-sutherland.217-18-163-79.plesk.page\/fr\/secteurs\/securite-alimentaire\/","title":{"rendered":"S\u00e9curit\u00e9 alimentaire"},"content":{"rendered":"\t\t<div data-elementor-type=\"wp-page\" data-elementor-id=\"1858\" class=\"elementor elementor-1858 elementor-1147\" data-elementor-post-type=\"page\">\n\t\t\t\t<div class=\"elementor-element elementor-element-2f244eb e-con-full e-flex e-con e-parent\" data-id=\"2f244eb\" data-element_type=\"container\">\n\t\t<div class=\"elementor-element elementor-element-b462c5e e-flex e-con-boxed e-con e-child\" data-id=\"b462c5e\" data-element_type=\"container\" data-settings=\"{&quot;background_background&quot;:&quot;classic&quot;}\">\n\t\t\t\t\t<div class=\"e-con-inner\">\n\t\t<div class=\"elementor-element elementor-element-a3e0547 e-con-full e-flex e-con e-child\" data-id=\"a3e0547\" data-element_type=\"container\">\n\t\t\t\t<div class=\"elementor-element elementor-element-10d1920 elementor-widget elementor-widget-heading\" data-id=\"10d1920\" data-element_type=\"widget\" data-widget_type=\"heading.default\">\n\t\t\t\t<div class=\"elementor-widget-container\">\n\t\t\t\t\t<h1 class=\"elementor-heading-title elementor-size-default\">S\u00e9curit\u00e9 alimentaire<\/h1>\t\t\t\t<\/div>\n\t\t\t\t<\/div>\n\t\t\t\t<\/div>\n\t\t<div class=\"elementor-element elementor-element-6f944fb e-con-full e-flex e-con e-child\" data-id=\"6f944fb\" data-element_type=\"container\">\n\t\t<div class=\"elementor-element elementor-element-4b4b706 e-con-full e-flex e-con e-child\" data-id=\"4b4b706\" data-element_type=\"container\" data-settings=\"{&quot;background_background&quot;:&quot;classic&quot;}\">\n\t\t\t\t<div class=\"elementor-element elementor-element-6859aa9 elementor-widget elementor-widget-heading\" data-id=\"6859aa9\" data-element_type=\"widget\" data-widget_type=\"heading.default\">\n\t\t\t\t<div class=\"elementor-widget-container\">\n\t\t\t\t\t<h2 class=\"elementor-heading-title elementor-size-default\">Dans les secteurs n\u00e9cessaires<\/h2>\t\t\t\t<\/div>\n\t\t\t\t<\/div>\n\t\t\t\t<div class=\"elementor-element elementor-element-de3073f elementor-widget elementor-widget-text-editor\" data-id=\"de3073f\" data-element_type=\"widget\" data-widget_type=\"text-editor.default\">\n\t\t\t\t<div class=\"elementor-widget-container\">\n\t\t\t\t\t\t\t\t\t<p>La s\u00e9curit\u00e9 alimentaire est responsable de la transformation des produits issus du secteur agricole, c&rsquo;est-\u00e0-dire de l&rsquo;agriculture et de l&rsquo;\u00e9levage.<\/p><p>Ce processus de manipulation comporte certains risques pour la sant\u00e9. Les infections et les maladies infectieuses ou parasitaires propag\u00e9es par les animaux ou les d\u00e9chets animaux utilis\u00e9s dans la fabrication sont des probl\u00e8mes professionnels courants dans l&rsquo;industrie alimentaire. Ces zoonoses comprennent le charbon, la brucellose, la leptospirose, la tuberculose bovine, la morve, l&rsquo;\u00e9rysip\u00e8le, la fi\u00e8vre Q, la fi\u00e8vre aphteuse, l&rsquo;hydrophobie, etc.    <\/p>\t\t\t\t\t\t\t\t<\/div>\n\t\t\t\t<\/div>\n\t\t\t\t<div class=\"elementor-element elementor-element-6ff9abb elementor-widget-divider--view-line elementor-widget elementor-widget-divider\" data-id=\"6ff9abb\" data-element_type=\"widget\" data-widget_type=\"divider.default\">\n\t\t\t\t<div class=\"elementor-widget-container\">\n\t\t\t\t\t\t\t<div class=\"elementor-divider\">\n\t\t\t<span class=\"elementor-divider-separator\">\n\t\t\t\t\t\t<\/span>\n\t\t<\/div>\n\t\t\t\t\t\t<\/div>\n\t\t\t\t<\/div>\n\t\t\t\t<\/div>\n\t\t\t\t<\/div>\n\t\t\t\t\t<\/div>\n\t\t\t\t<\/div>\n\t\t\t\t<\/div>\n\t\t<div class=\"elementor-element elementor-element-7cd0aa5 e-flex e-con-boxed e-con e-parent\" data-id=\"7cd0aa5\" data-element_type=\"container\" data-settings=\"{&quot;background_background&quot;:&quot;classic&quot;}\">\n\t\t\t\t\t<div class=\"e-con-inner\">\n\t\t<div class=\"elementor-element elementor-element-269c14c e-con-full e-flex e-con e-child\" data-id=\"269c14c\" data-element_type=\"container\">\n\t\t<div class=\"elementor-element elementor-element-1210089 e-con-full e-flex e-con e-child\" data-id=\"1210089\" data-element_type=\"container\">\n\t\t<div class=\"elementor-element elementor-element-0fee4c7 e-con-full e-flex elementor-invisible e-con e-child\" data-id=\"0fee4c7\" data-element_type=\"container\" data-settings=\"{&quot;animation&quot;:&quot;fadeIn&quot;}\">\n\t\t\t\t<div class=\"elementor-element elementor-element-226e147 elementor-widget-divider--view-line elementor-widget elementor-widget-divider\" data-id=\"226e147\" data-element_type=\"widget\" data-widget_type=\"divider.default\">\n\t\t\t\t<div class=\"elementor-widget-container\">\n\t\t\t\t\t\t\t<div class=\"elementor-divider\">\n\t\t\t<span class=\"elementor-divider-separator\">\n\t\t\t\t\t\t<\/span>\n\t\t<\/div>\n\t\t\t\t\t\t<\/div>\n\t\t\t\t<\/div>\n\t\t\t\t<div class=\"elementor-element elementor-element-2402281 elementor-view-default elementor-position-top elementor-mobile-position-top elementor-widget elementor-widget-icon-box\" data-id=\"2402281\" data-element_type=\"widget\" data-widget_type=\"icon-box.default\">\n\t\t\t\t<div class=\"elementor-widget-container\">\n\t\t\t\t\t\t\t<div class=\"elementor-icon-box-wrapper\">\n\n\t\t\t\t\t\t<div class=\"elementor-icon-box-icon\">\n\t\t\t\t<span  class=\"elementor-icon\">\n\t\t\t\t<svg aria-hidden=\"true\" class=\"e-font-icon-svg e-fas-spray-can\" viewBox=\"0 0 512 512\" xmlns=\"http:\/\/www.w3.org\/2000\/svg\"><path d=\"M224 32c0-17.67-14.33-32-32-32h-64c-17.67 0-32 14.33-32 32v96h128V32zm256 96c-17.67 0-32 14.33-32 32s14.33 32 32 32 32-14.33 32-32-14.33-32-32-32zm-256 32H96c-53.02 0-96 42.98-96 96v224c0 17.67 14.33 32 32 32h256c17.67 0 32-14.33 32-32V256c0-53.02-42.98-96-96-96zm-64 256c-44.18 0-80-35.82-80-80s35.82-80 80-80 80 35.82 80 80-35.82 80-80 80zM480 96c17.67 0 32-14.33 32-32s-14.33-32-32-32-32 14.33-32 32 14.33 32 32 32zm-96 32c-17.67 0-32 14.33-32 32s14.33 32 32 32 32-14.33 32-32-14.33-32-32-32zm-96-96c-17.67 0-32 14.33-32 32s14.33 32 32 32 32-14.33 32-32-14.33-32-32-32zm96 0c-17.67 0-32 14.33-32 32s14.33 32 32 32 32-14.33 32-32-14.33-32-32-32zm96 192c-17.67 0-32 14.33-32 32s14.33 32 32 32 32-14.33 32-32-14.33-32-32-32z\"><\/path><\/svg>\t\t\t\t<\/span>\n\t\t\t<\/div>\n\t\t\t\n\t\t\t\t\t\t<div class=\"elementor-icon-box-content\">\n\n\t\t\t\t\t\t\t\t\t<h3 class=\"elementor-icon-box-title\">\n\t\t\t\t\t\t<span  >\n\t\t\t\t\t\t\tLutte contre les parasites\t\t\t\t\t\t<\/span>\n\t\t\t\t\t<\/h3>\n\t\t\t\t\n\t\t\t\t\t\t\t\t\t<p class=\"elementor-icon-box-description\">\n\t\t\t\t\t\tNous proposons des solutions efficaces pour pr\u00e9server les entrep\u00f4ts, les cuisines industrielles et les zones de production des nuisibles. Nos traitements \u00e0 sec emp\u00eachent la contamination crois\u00e9e et garantissent la s\u00e9curit\u00e9 alimentaire. \t\t\t\t\t<\/p>\n\t\t\t\t\n\t\t\t<\/div>\n\t\t\t\n\t\t<\/div>\n\t\t\t\t\t\t<\/div>\n\t\t\t\t<\/div>\n\t\t\t\t<\/div>\n\t\t<div class=\"elementor-element elementor-element-1244562 e-con-full e-flex elementor-invisible e-con e-child\" data-id=\"1244562\" data-element_type=\"container\" data-settings=\"{&quot;animation&quot;:&quot;fadeIn&quot;}\">\n\t\t\t\t<div class=\"elementor-element elementor-element-90d3e74 elementor-widget-divider--view-line elementor-widget elementor-widget-divider\" data-id=\"90d3e74\" data-element_type=\"widget\" data-widget_type=\"divider.default\">\n\t\t\t\t<div class=\"elementor-widget-container\">\n\t\t\t\t\t\t\t<div class=\"elementor-divider\">\n\t\t\t<span class=\"elementor-divider-separator\">\n\t\t\t\t\t\t<\/span>\n\t\t<\/div>\n\t\t\t\t\t\t<\/div>\n\t\t\t\t<\/div>\n\t\t\t\t<div class=\"elementor-element elementor-element-30a0256 elementor-view-default elementor-position-top elementor-mobile-position-top elementor-widget elementor-widget-icon-box\" data-id=\"30a0256\" data-element_type=\"widget\" data-widget_type=\"icon-box.default\">\n\t\t\t\t<div class=\"elementor-widget-container\">\n\t\t\t\t\t\t\t<div class=\"elementor-icon-box-wrapper\">\n\n\t\t\t\t\t\t<div class=\"elementor-icon-box-icon\">\n\t\t\t\t<span  class=\"elementor-icon\">\n\t\t\t\t<svg aria-hidden=\"true\" class=\"e-font-icon-svg e-fas-file-medical\" viewBox=\"0 0 384 512\" xmlns=\"http:\/\/www.w3.org\/2000\/svg\"><path d=\"M377 105L279.1 7c-4.5-4.5-10.6-7-17-7H256v128h128v-6.1c0-6.3-2.5-12.4-7-16.9zm-153 31V0H24C10.7 0 0 10.7 0 24v464c0 13.3 10.7 24 24 24h336c13.3 0 24-10.7 24-24V160H248c-13.2 0-24-10.8-24-24zm64 160v48c0 4.4-3.6 8-8 8h-56v56c0 4.4-3.6 8-8 8h-48c-4.4 0-8-3.6-8-8v-56h-56c-4.4 0-8-3.6-8-8v-48c0-4.4 3.6-8 8-8h56v-56c0-4.4 3.6-8 8-8h48c4.4 0 8 3.6 8 8v56h56c4.4 0 8 3.6 8 8z\"><\/path><\/svg>\t\t\t\t<\/span>\n\t\t\t<\/div>\n\t\t\t\n\t\t\t\t\t\t<div class=\"elementor-icon-box-content\">\n\n\t\t\t\t\t\t\t\t\t<h3 class=\"elementor-icon-box-title\">\n\t\t\t\t\t\t<span  >\n\t\t\t\t\t\t\tConformit\u00e9 r\u00e9glementaire\t\t\t\t\t\t<\/span>\n\t\t\t\t\t<\/h3>\n\t\t\t\t\n\t\t\t\t\t\t\t\t\t<p class=\"elementor-icon-box-description\">\n\t\t\t\t\t\tNos produits sont conformes aux r\u00e9glementations sanitaires en vigueur dans l'industrie alimentaire, ce qui facilite le respect des r\u00e9glementations et garantit que les installations sont toujours pr\u00eates pour les inspections.\t\t\t\t\t<\/p>\n\t\t\t\t\n\t\t\t<\/div>\n\t\t\t\n\t\t<\/div>\n\t\t\t\t\t\t<\/div>\n\t\t\t\t<\/div>\n\t\t\t\t<\/div>\n\t\t\t\t<\/div>\n\t\t<div class=\"elementor-element elementor-element-f35086a e-con-full e-flex e-con e-child\" data-id=\"f35086a\" data-element_type=\"container\">\n\t\t\t\t<div class=\"elementor-element elementor-element-935352a elementor-widget elementor-widget-heading\" data-id=\"935352a\" data-element_type=\"widget\" data-widget_type=\"heading.default\">\n\t\t\t\t<div class=\"elementor-widget-container\">\n\t\t\t\t\t<h2 class=\"elementor-heading-title elementor-size-default\"><b>S\u00e9curit\u00e9 et pr\u00e9vention<\/b><\/h2>\t\t\t\t<\/div>\n\t\t\t\t<\/div>\n\t\t\t\t<div class=\"elementor-element elementor-element-1161c2e elementor-widget elementor-widget-text-editor\" data-id=\"1161c2e\" data-element_type=\"widget\" data-widget_type=\"text-editor.default\">\n\t\t\t\t<div class=\"elementor-widget-container\">\n\t\t\t\t\t\t\t\t\t<p>Certains manipulateurs d&rsquo;aliments peuvent contracter un large \u00e9ventail d&rsquo;infections cutan\u00e9es, dont l&rsquo;anthrax, l&rsquo;actinomycose et l&rsquo;\u00e9rysip\u00e8le. Certains fruits \u00e0 coque sont infest\u00e9s d&rsquo;acariens qui peuvent affecter les travailleurs des op\u00e9rations de triage. Il est donc tr\u00e8s important de prendre toutes les mesures n\u00e9cessaires, telles que la vaccination prophylactique sp\u00e9cifique contre les maladies infectieuses, l&rsquo;utilisation de gants appropri\u00e9s et une bonne hygi\u00e8ne personnelle ; mais surtout, des installations sanitaires permettant de prendre de telles pr\u00e9cautions, qui sont une condition pr\u00e9alable \u00e0 toute industrie alimentaire pour la protection du produit.  <\/p>\t\t\t\t\t\t\t\t<\/div>\n\t\t\t\t<\/div>\n\t\t\t\t<\/div>\n\t\t\t\t<\/div>\n\t\t\t\t\t<\/div>\n\t\t\t\t<\/div>\n\t\t<div class=\"elementor-element elementor-element-e07669b e-con-full e-flex e-con e-parent\" data-id=\"e07669b\" data-element_type=\"container\" data-settings=\"{&quot;background_background&quot;:&quot;classic&quot;}\">\n\t\t<div class=\"elementor-element elementor-element-3031c48 e-flex e-con-boxed e-con e-child\" data-id=\"3031c48\" data-element_type=\"container\">\n\t\t\t\t\t<div class=\"e-con-inner\">\n\t\t\t\t<div class=\"elementor-element elementor-element-eba9487 elementor-widget elementor-widget-heading\" data-id=\"eba9487\" data-element_type=\"widget\" data-widget_type=\"heading.default\">\n\t\t\t\t<div class=\"elementor-widget-container\">\n\t\t\t\t\t<h2 class=\"elementor-heading-title elementor-size-default\">FumiHogar<\/h2>\t\t\t\t<\/div>\n\t\t\t\t<\/div>\n\t\t\t\t<div class=\"elementor-element elementor-element-15d7239 elementor-widget-mobile__width-inherit elementor-widget elementor-widget-text-editor\" data-id=\"15d7239\" data-element_type=\"widget\" data-widget_type=\"text-editor.default\">\n\t\t\t\t<div class=\"elementor-widget-container\">\n\t\t\t\t\t\t\t\t\t<p>Il est donc consolid\u00e9 comme un label de garantie pour ce type d&rsquo;industrie, car les installations r\u00e9pondront aux exigences n\u00e9cessaires pour pouvoir effectuer la manipulation des denr\u00e9es alimentaires une fois que nos produits auront \u00e9t\u00e9 appliqu\u00e9s.<\/p>\t\t\t\t\t\t\t\t<\/div>\n\t\t\t\t<\/div>\n\t\t\t\t\t<\/div>\n\t\t\t\t<\/div>\n\t\t<div class=\"elementor-element elementor-element-70788b1 e-con-full contenedor-producto e-flex e-con e-child\" data-id=\"70788b1\" data-element_type=\"container\" data-settings=\"{&quot;background_background&quot;:&quot;classic&quot;}\">\n\t\t\t\t<\/div>\n\t\t\t\t<\/div>\n\t\t\t\t<\/div>\n\t\t","protected":false},"excerpt":{"rendered":"<p>Dans les secteurs n\u00e9cessaires La s\u00e9curit\u00e9 alimentaire est responsable de la transformation des produits issus du secteur agricole, c&rsquo;est-\u00e0-dire de l&rsquo;agriculture et de l&rsquo;\u00e9levage. Ce processus de manipulation comporte certains risques pour la sant\u00e9. Les infections et les maladies infectieuses ou parasitaires propag\u00e9es par les animaux ou les d\u00e9chets animaux utilis\u00e9s dans la fabrication sont [&hellip;]<\/p>\n","protected":false},"author":1,"featured_media":0,"parent":1933,"menu_order":0,"comment_status":"closed","ping_status":"closed","template":"","meta":{"footnotes":""},"class_list":["post-1858","page","type-page","status-publish","hentry"],"yoast_head":"<!-- This site is optimized with the Yoast SEO plugin v24.6 - https:\/\/yoast.com\/wordpress\/plugins\/seo\/ -->\n<title>Sanitation des aliments | FumiHogar Solutions<\/title>\n<meta name=\"description\" content=\"FumiHogar garantit la s\u00e9curit\u00e9 alimentaire gr\u00e2ce \u00e0 des solutions efficaces de lutte contre les parasites et les agents pathog\u00e8nes dans l&#039;industrie alimentaire.\" \/>\n<meta name=\"robots\" content=\"index, follow, max-snippet:-1, max-image-preview:large, max-video-preview:-1\" \/>\n<link rel=\"canonical\" href=\"https:\/\/brave-sutherland.217-18-163-79.plesk.page\/fr\/secteurs\/securite-alimentaire\/\" \/>\n<meta property=\"og:locale\" content=\"fr_FR\" \/>\n<meta property=\"og:type\" content=\"article\" \/>\n<meta property=\"og:title\" content=\"Sanitation des aliments | FumiHogar Solutions\" \/>\n<meta property=\"og:description\" content=\"FumiHogar garantit la s\u00e9curit\u00e9 alimentaire gr\u00e2ce \u00e0 des solutions efficaces de lutte contre les parasites et les agents pathog\u00e8nes dans l&#039;industrie alimentaire.\" \/>\n<meta property=\"og:url\" content=\"https:\/\/brave-sutherland.217-18-163-79.plesk.page\/fr\/secteurs\/securite-alimentaire\/\" \/>\n<meta property=\"og:site_name\" content=\"Fumihogar\" \/>\n<meta property=\"article:modified_time\" content=\"2025-03-17T16:09:35+00:00\" \/>\n<meta name=\"twitter:card\" content=\"summary_large_image\" \/>\n<meta name=\"twitter:label1\" content=\"Dur\u00e9e de lecture estim\u00e9e\" \/>\n\t<meta name=\"twitter:data1\" content=\"2 minutes\" \/>\n<script type=\"application\/ld+json\" class=\"yoast-schema-graph\">{\"@context\":\"https:\/\/schema.org\",\"@graph\":[{\"@type\":\"WebPage\",\"@id\":\"https:\/\/brave-sutherland.217-18-163-79.plesk.page\/fr\/secteurs\/securite-alimentaire\/\",\"url\":\"https:\/\/brave-sutherland.217-18-163-79.plesk.page\/fr\/secteurs\/securite-alimentaire\/\",\"name\":\"Sanitation des aliments | FumiHogar Solutions\",\"isPartOf\":{\"@id\":\"https:\/\/brave-sutherland.217-18-163-79.plesk.page\/#website\"},\"datePublished\":\"2025-03-11T08:17:38+00:00\",\"dateModified\":\"2025-03-17T16:09:35+00:00\",\"description\":\"FumiHogar garantit la s\u00e9curit\u00e9 alimentaire gr\u00e2ce \u00e0 des solutions efficaces de lutte contre les parasites et les agents pathog\u00e8nes dans l'industrie alimentaire.\",\"breadcrumb\":{\"@id\":\"https:\/\/brave-sutherland.217-18-163-79.plesk.page\/fr\/secteurs\/securite-alimentaire\/#breadcrumb\"},\"inLanguage\":\"fr-FR\",\"potentialAction\":[{\"@type\":\"ReadAction\",\"target\":[\"https:\/\/brave-sutherland.217-18-163-79.plesk.page\/fr\/secteurs\/securite-alimentaire\/\"]}]},{\"@type\":\"BreadcrumbList\",\"@id\":\"https:\/\/brave-sutherland.217-18-163-79.plesk.page\/fr\/secteurs\/securite-alimentaire\/#breadcrumb\",\"itemListElement\":[{\"@type\":\"ListItem\",\"position\":1,\"name\":\"Portada\",\"item\":\"https:\/\/brave-sutherland.217-18-163-79.plesk.page\/fr\/accueil\/\"},{\"@type\":\"ListItem\",\"position\":2,\"name\":\"Secteurs\",\"item\":\"https:\/\/brave-sutherland.217-18-163-79.plesk.page\/fr\/secteurs\/\"},{\"@type\":\"ListItem\",\"position\":3,\"name\":\"S\u00e9curit\u00e9 alimentaire\"}]},{\"@type\":\"WebSite\",\"@id\":\"https:\/\/brave-sutherland.217-18-163-79.plesk.page\/#website\",\"url\":\"https:\/\/brave-sutherland.217-18-163-79.plesk.page\/\",\"name\":\"Fumihogar\",\"description\":\"Tratamientos fum\u00edgenos en seco\",\"publisher\":{\"@id\":\"https:\/\/brave-sutherland.217-18-163-79.plesk.page\/#organization\"},\"potentialAction\":[{\"@type\":\"SearchAction\",\"target\":{\"@type\":\"EntryPoint\",\"urlTemplate\":\"https:\/\/brave-sutherland.217-18-163-79.plesk.page\/?s={search_term_string}\"},\"query-input\":{\"@type\":\"PropertyValueSpecification\",\"valueRequired\":true,\"valueName\":\"search_term_string\"}}],\"inLanguage\":\"fr-FR\"},{\"@type\":\"Organization\",\"@id\":\"https:\/\/brave-sutherland.217-18-163-79.plesk.page\/#organization\",\"name\":\"Fumihogar\",\"url\":\"https:\/\/brave-sutherland.217-18-163-79.plesk.page\/\",\"logo\":{\"@type\":\"ImageObject\",\"inLanguage\":\"fr-FR\",\"@id\":\"https:\/\/brave-sutherland.217-18-163-79.plesk.page\/#\/schema\/logo\/image\/\",\"url\":\"https:\/\/brave-sutherland.217-18-163-79.plesk.page\/wp-content\/uploads\/2024\/11\/FumiHogar-LogoNuevo.png\",\"contentUrl\":\"https:\/\/brave-sutherland.217-18-163-79.plesk.page\/wp-content\/uploads\/2024\/11\/FumiHogar-LogoNuevo.png\",\"width\":400,\"height\":178,\"caption\":\"Fumihogar\"},\"image\":{\"@id\":\"https:\/\/brave-sutherland.217-18-163-79.plesk.page\/#\/schema\/logo\/image\/\"}}]}<\/script>\n<!-- \/ Yoast SEO plugin. -->","yoast_head_json":{"title":"Sanitation des aliments | FumiHogar Solutions","description":"FumiHogar garantit la s\u00e9curit\u00e9 alimentaire gr\u00e2ce \u00e0 des solutions efficaces de lutte contre les parasites et les agents pathog\u00e8nes dans l'industrie alimentaire.","robots":{"index":"index","follow":"follow","max-snippet":"max-snippet:-1","max-image-preview":"max-image-preview:large","max-video-preview":"max-video-preview:-1"},"canonical":"https:\/\/brave-sutherland.217-18-163-79.plesk.page\/fr\/secteurs\/securite-alimentaire\/","og_locale":"fr_FR","og_type":"article","og_title":"Sanitation des aliments | FumiHogar Solutions","og_description":"FumiHogar garantit la s\u00e9curit\u00e9 alimentaire gr\u00e2ce \u00e0 des solutions efficaces de lutte contre les parasites et les agents pathog\u00e8nes dans l'industrie alimentaire.","og_url":"https:\/\/brave-sutherland.217-18-163-79.plesk.page\/fr\/secteurs\/securite-alimentaire\/","og_site_name":"Fumihogar","article_modified_time":"2025-03-17T16:09:35+00:00","twitter_card":"summary_large_image","twitter_misc":{"Dur\u00e9e de lecture estim\u00e9e":"2 minutes"},"schema":{"@context":"https:\/\/schema.org","@graph":[{"@type":"WebPage","@id":"https:\/\/brave-sutherland.217-18-163-79.plesk.page\/fr\/secteurs\/securite-alimentaire\/","url":"https:\/\/brave-sutherland.217-18-163-79.plesk.page\/fr\/secteurs\/securite-alimentaire\/","name":"Sanitation des aliments | FumiHogar Solutions","isPartOf":{"@id":"https:\/\/brave-sutherland.217-18-163-79.plesk.page\/#website"},"datePublished":"2025-03-11T08:17:38+00:00","dateModified":"2025-03-17T16:09:35+00:00","description":"FumiHogar garantit la s\u00e9curit\u00e9 alimentaire gr\u00e2ce \u00e0 des solutions efficaces de lutte contre les parasites et les agents pathog\u00e8nes dans l'industrie alimentaire.","breadcrumb":{"@id":"https:\/\/brave-sutherland.217-18-163-79.plesk.page\/fr\/secteurs\/securite-alimentaire\/#breadcrumb"},"inLanguage":"fr-FR","potentialAction":[{"@type":"ReadAction","target":["https:\/\/brave-sutherland.217-18-163-79.plesk.page\/fr\/secteurs\/securite-alimentaire\/"]}]},{"@type":"BreadcrumbList","@id":"https:\/\/brave-sutherland.217-18-163-79.plesk.page\/fr\/secteurs\/securite-alimentaire\/#breadcrumb","itemListElement":[{"@type":"ListItem","position":1,"name":"Portada","item":"https:\/\/brave-sutherland.217-18-163-79.plesk.page\/fr\/accueil\/"},{"@type":"ListItem","position":2,"name":"Secteurs","item":"https:\/\/brave-sutherland.217-18-163-79.plesk.page\/fr\/secteurs\/"},{"@type":"ListItem","position":3,"name":"S\u00e9curit\u00e9 alimentaire"}]},{"@type":"WebSite","@id":"https:\/\/brave-sutherland.217-18-163-79.plesk.page\/#website","url":"https:\/\/brave-sutherland.217-18-163-79.plesk.page\/","name":"Fumihogar","description":"Tratamientos fum\u00edgenos en seco","publisher":{"@id":"https:\/\/brave-sutherland.217-18-163-79.plesk.page\/#organization"},"potentialAction":[{"@type":"SearchAction","target":{"@type":"EntryPoint","urlTemplate":"https:\/\/brave-sutherland.217-18-163-79.plesk.page\/?s={search_term_string}"},"query-input":{"@type":"PropertyValueSpecification","valueRequired":true,"valueName":"search_term_string"}}],"inLanguage":"fr-FR"},{"@type":"Organization","@id":"https:\/\/brave-sutherland.217-18-163-79.plesk.page\/#organization","name":"Fumihogar","url":"https:\/\/brave-sutherland.217-18-163-79.plesk.page\/","logo":{"@type":"ImageObject","inLanguage":"fr-FR","@id":"https:\/\/brave-sutherland.217-18-163-79.plesk.page\/#\/schema\/logo\/image\/","url":"https:\/\/brave-sutherland.217-18-163-79.plesk.page\/wp-content\/uploads\/2024\/11\/FumiHogar-LogoNuevo.png","contentUrl":"https:\/\/brave-sutherland.217-18-163-79.plesk.page\/wp-content\/uploads\/2024\/11\/FumiHogar-LogoNuevo.png","width":400,"height":178,"caption":"Fumihogar"},"image":{"@id":"https:\/\/brave-sutherland.217-18-163-79.plesk.page\/#\/schema\/logo\/image\/"}}]}},"_links":{"self":[{"href":"https:\/\/brave-sutherland.217-18-163-79.plesk.page\/fr\/wp-json\/wp\/v2\/pages\/1858","targetHints":{"allow":["GET"]}}],"collection":[{"href":"https:\/\/brave-sutherland.217-18-163-79.plesk.page\/fr\/wp-json\/wp\/v2\/pages"}],"about":[{"href":"https:\/\/brave-sutherland.217-18-163-79.plesk.page\/fr\/wp-json\/wp\/v2\/types\/page"}],"author":[{"embeddable":true,"href":"https:\/\/brave-sutherland.217-18-163-79.plesk.page\/fr\/wp-json\/wp\/v2\/users\/1"}],"replies":[{"embeddable":true,"href":"https:\/\/brave-sutherland.217-18-163-79.plesk.page\/fr\/wp-json\/wp\/v2\/comments?post=1858"}],"version-history":[{"count":1,"href":"https:\/\/brave-sutherland.217-18-163-79.plesk.page\/fr\/wp-json\/wp\/v2\/pages\/1858\/revisions"}],"predecessor-version":[{"id":1864,"href":"https:\/\/brave-sutherland.217-18-163-79.plesk.page\/fr\/wp-json\/wp\/v2\/pages\/1858\/revisions\/1864"}],"up":[{"embeddable":true,"href":"https:\/\/brave-sutherland.217-18-163-79.plesk.page\/fr\/wp-json\/wp\/v2\/pages\/1933"}],"wp:attachment":[{"href":"https:\/\/brave-sutherland.217-18-163-79.plesk.page\/fr\/wp-json\/wp\/v2\/media?parent=1858"}],"curies":[{"name":"wp","href":"https:\/\/api.w.org\/{rel}","templated":true}]}}