{"id":1863,"date":"2025-03-11T08:17:59","date_gmt":"2025-03-11T08:17:59","guid":{"rendered":"https:\/\/brave-sutherland.217-18-163-79.plesk.page\/agriculture\/"},"modified":"2025-03-17T16:09:35","modified_gmt":"2025-03-17T16:09:35","slug":"agriculture","status":"publish","type":"page","link":"https:\/\/brave-sutherland.217-18-163-79.plesk.page\/fr\/secteurs\/agriculture\/","title":{"rendered":"Agriculture"},"content":{"rendered":"\t\t<div data-elementor-type=\"wp-page\" data-elementor-id=\"1863\" class=\"elementor elementor-1863 elementor-1149\" data-elementor-post-type=\"page\">\n\t\t\t\t<div class=\"elementor-element elementor-element-2d20aa0 e-con-full e-flex e-con e-parent\" data-id=\"2d20aa0\" data-element_type=\"container\">\n\t\t<div class=\"elementor-element elementor-element-30db175 e-flex e-con-boxed e-con e-child\" data-id=\"30db175\" data-element_type=\"container\" data-settings=\"{&quot;background_background&quot;:&quot;classic&quot;}\">\n\t\t\t\t\t<div class=\"e-con-inner\">\n\t\t<div class=\"elementor-element elementor-element-6f1766e e-con-full e-flex e-con e-child\" data-id=\"6f1766e\" data-element_type=\"container\">\n\t\t\t\t<div class=\"elementor-element elementor-element-9a94eb8 elementor-widget elementor-widget-heading\" data-id=\"9a94eb8\" data-element_type=\"widget\" data-widget_type=\"heading.default\">\n\t\t\t\t<div class=\"elementor-widget-container\">\n\t\t\t\t\t<h1 class=\"elementor-heading-title elementor-size-default\">Agriculture<\/h1>\t\t\t\t<\/div>\n\t\t\t\t<\/div>\n\t\t\t\t<\/div>\n\t\t<div class=\"elementor-element elementor-element-c874687 e-con-full e-flex e-con e-child\" data-id=\"c874687\" data-element_type=\"container\">\n\t\t<div class=\"elementor-element elementor-element-f5ea214 e-con-full e-flex e-con e-child\" data-id=\"f5ea214\" data-element_type=\"container\" data-settings=\"{&quot;background_background&quot;:&quot;classic&quot;}\">\n\t\t\t\t<div class=\"elementor-element elementor-element-38aff60 elementor-widget elementor-widget-heading\" data-id=\"38aff60\" data-element_type=\"widget\" data-widget_type=\"heading.default\">\n\t\t\t\t<div class=\"elementor-widget-container\">\n\t\t\t\t\t<h2 class=\"elementor-heading-title elementor-size-default\">Commencer par les bases<\/h2>\t\t\t\t<\/div>\n\t\t\t\t<\/div>\n\t\t\t\t<div class=\"elementor-element elementor-element-516f1f3 elementor-widget elementor-widget-text-editor\" data-id=\"516f1f3\" data-element_type=\"widget\" data-widget_type=\"text-editor.default\">\n\t\t\t\t<div class=\"elementor-widget-container\">\n\t\t\t\t\t\t\t\t\t<p>L&rsquo;<strong>agriculture<\/strong> est une activit\u00e9 qui concerne la production de la culture du sol, les exploitations verticales, leur d\u00e9veloppement et leur r\u00e9colte, ainsi que l&rsquo;exploitation des for\u00eats et des jungles (sylviculture). C&rsquo;est une activit\u00e9 du secteur primaire et la ressource la plus importante dont l&rsquo;homme d\u00e9pend pour sa subsistance, puisqu&rsquo;une partie des produits agricoles est consomm\u00e9e directement et qu&rsquo;une autre partie est fournie \u00e0 l&rsquo;industrie pour obtenir des d\u00e9riv\u00e9s alimentaires, des textiles, des produits chimiques ou des mat\u00e9riaux de fabrication. <\/p>\t\t\t\t\t\t\t\t<\/div>\n\t\t\t\t<\/div>\n\t\t\t\t<div class=\"elementor-element elementor-element-37af40b elementor-widget-divider--view-line elementor-widget elementor-widget-divider\" data-id=\"37af40b\" data-element_type=\"widget\" data-widget_type=\"divider.default\">\n\t\t\t\t<div class=\"elementor-widget-container\">\n\t\t\t\t\t\t\t<div class=\"elementor-divider\">\n\t\t\t<span class=\"elementor-divider-separator\">\n\t\t\t\t\t\t<\/span>\n\t\t<\/div>\n\t\t\t\t\t\t<\/div>\n\t\t\t\t<\/div>\n\t\t\t\t<\/div>\n\t\t\t\t<\/div>\n\t\t\t\t\t<\/div>\n\t\t\t\t<\/div>\n\t\t\t\t<\/div>\n\t\t<div class=\"elementor-element elementor-element-0a2487b e-flex e-con-boxed e-con e-parent\" data-id=\"0a2487b\" data-element_type=\"container\" data-settings=\"{&quot;background_background&quot;:&quot;classic&quot;}\">\n\t\t\t\t\t<div class=\"e-con-inner\">\n\t\t<div class=\"elementor-element elementor-element-0e3f0dc e-con-full e-flex e-con e-child\" data-id=\"0e3f0dc\" data-element_type=\"container\">\n\t\t<div class=\"elementor-element elementor-element-88d8a51 e-con-full e-flex e-con e-child\" data-id=\"88d8a51\" data-element_type=\"container\">\n\t\t<div class=\"elementor-element elementor-element-9c51403 e-con-full e-flex elementor-invisible e-con e-child\" data-id=\"9c51403\" data-element_type=\"container\" data-settings=\"{&quot;animation&quot;:&quot;fadeIn&quot;}\">\n\t\t\t\t<div class=\"elementor-element elementor-element-3fe5125 elementor-widget-divider--view-line elementor-widget elementor-widget-divider\" data-id=\"3fe5125\" data-element_type=\"widget\" data-widget_type=\"divider.default\">\n\t\t\t\t<div class=\"elementor-widget-container\">\n\t\t\t\t\t\t\t<div class=\"elementor-divider\">\n\t\t\t<span class=\"elementor-divider-separator\">\n\t\t\t\t\t\t<\/span>\n\t\t<\/div>\n\t\t\t\t\t\t<\/div>\n\t\t\t\t<\/div>\n\t\t\t\t<div class=\"elementor-element elementor-element-c446dac elementor-view-default elementor-position-top elementor-mobile-position-top elementor-widget elementor-widget-icon-box\" data-id=\"c446dac\" data-element_type=\"widget\" data-widget_type=\"icon-box.default\">\n\t\t\t\t<div class=\"elementor-widget-container\">\n\t\t\t\t\t\t\t<div class=\"elementor-icon-box-wrapper\">\n\n\t\t\t\t\t\t<div class=\"elementor-icon-box-icon\">\n\t\t\t\t<span  class=\"elementor-icon\">\n\t\t\t\t<svg aria-hidden=\"true\" class=\"e-font-icon-svg e-fas-tractor\" viewBox=\"0 0 640 512\" xmlns=\"http:\/\/www.w3.org\/2000\/svg\"><path d=\"M528 336c-48.6 0-88 39.4-88 88s39.4 88 88 88 88-39.4 88-88-39.4-88-88-88zm0 112c-13.23 0-24-10.77-24-24s10.77-24 24-24 24 10.77 24 24-10.77 24-24 24zm80-288h-64v-40.2c0-14.12 4.7-27.76 13.15-38.84 4.42-5.8 3.55-14.06-1.32-19.49L534.2 37.3c-6.66-7.45-18.32-6.92-24.7.78C490.58 60.9 480 89.81 480 119.8V160H377.67L321.58 29.14A47.914 47.914 0 0 0 277.45 0H144c-26.47 0-48 21.53-48 48v146.52c-8.63-6.73-20.96-6.46-28.89 1.47L36 227.1c-8.59 8.59-8.59 22.52 0 31.11l5.06 5.06c-4.99 9.26-8.96 18.82-11.91 28.72H22c-12.15 0-22 9.85-22 22v44c0 12.15 9.85 22 22 22h7.14c2.96 9.91 6.92 19.46 11.91 28.73l-5.06 5.06c-8.59 8.59-8.59 22.52 0 31.11L67.1 476c8.59 8.59 22.52 8.59 31.11 0l5.06-5.06c9.26 4.99 18.82 8.96 28.72 11.91V490c0 12.15 9.85 22 22 22h44c12.15 0 22-9.85 22-22v-7.14c9.9-2.95 19.46-6.92 28.72-11.91l5.06 5.06c8.59 8.59 22.52 8.59 31.11 0l31.11-31.11c8.59-8.59 8.59-22.52 0-31.11l-5.06-5.06c4.99-9.26 8.96-18.82 11.91-28.72H330c12.15 0 22-9.85 22-22v-6h80.54c21.91-28.99 56.32-48 95.46-48 18.64 0 36.07 4.61 51.8 12.2l50.82-50.82c6-6 9.37-14.14 9.37-22.63V192c.01-17.67-14.32-32-31.99-32zM176 416c-44.18 0-80-35.82-80-80s35.82-80 80-80 80 35.82 80 80-35.82 80-80 80zm22-256h-38V64h106.89l41.15 96H198z\"><\/path><\/svg>\t\t\t\t<\/span>\n\t\t\t<\/div>\n\t\t\t\n\t\t\t\t\t\t<div class=\"elementor-icon-box-content\">\n\n\t\t\t\t\t\t\t\t\t<h3 class=\"elementor-icon-box-title\">\n\t\t\t\t\t\t<span  >\n\t\t\t\t\t\t\tProtection des cultures\t\t\t\t\t\t<\/span>\n\t\t\t\t\t<\/h3>\n\t\t\t\t\n\t\t\t\t\t\t\t\t\t<p class=\"elementor-icon-box-description\">\n\t\t\t\t\t\tNos produits permettent de lutter contre les parasites dans les serres, les entrep\u00f4ts de c\u00e9r\u00e9ales et les exploitations agricoles sans affecter la qualit\u00e9 du sol et des produits stock\u00e9s. Le syst\u00e8me de fum\u00e9e s\u00e8che \u00e9vite les r\u00e9sidus liquides qui peuvent perturber la production. \t\t\t\t\t<\/p>\n\t\t\t\t\n\t\t\t<\/div>\n\t\t\t\n\t\t<\/div>\n\t\t\t\t\t\t<\/div>\n\t\t\t\t<\/div>\n\t\t\t\t<\/div>\n\t\t<div class=\"elementor-element elementor-element-e572543 e-con-full e-flex elementor-invisible e-con e-child\" data-id=\"e572543\" data-element_type=\"container\" data-settings=\"{&quot;animation&quot;:&quot;fadeIn&quot;}\">\n\t\t\t\t<div class=\"elementor-element elementor-element-7e0378b elementor-widget-divider--view-line elementor-widget elementor-widget-divider\" data-id=\"7e0378b\" data-element_type=\"widget\" data-widget_type=\"divider.default\">\n\t\t\t\t<div class=\"elementor-widget-container\">\n\t\t\t\t\t\t\t<div class=\"elementor-divider\">\n\t\t\t<span class=\"elementor-divider-separator\">\n\t\t\t\t\t\t<\/span>\n\t\t<\/div>\n\t\t\t\t\t\t<\/div>\n\t\t\t\t<\/div>\n\t\t\t\t<div class=\"elementor-element elementor-element-c8d680a elementor-view-default elementor-position-top elementor-mobile-position-top elementor-widget elementor-widget-icon-box\" data-id=\"c8d680a\" data-element_type=\"widget\" id=\"cropped-container\" data-widget_type=\"icon-box.default\">\n\t\t\t\t<div class=\"elementor-widget-container\">\n\t\t\t\t\t\t\t<div class=\"elementor-icon-box-wrapper\">\n\n\t\t\t\t\t\t<div class=\"elementor-icon-box-icon\">\n\t\t\t\t<span  class=\"elementor-icon\">\n\t\t\t\t<svg aria-hidden=\"true\" class=\"e-font-icon-svg e-fas-shield-virus\" viewBox=\"0 0 512 512\" xmlns=\"http:\/\/www.w3.org\/2000\/svg\"><path d=\"M224,192a16,16,0,1,0,16,16A16,16,0,0,0,224,192ZM466.5,83.68l-192-80A57.4,57.4,0,0,0,256.05,0a57.4,57.4,0,0,0-18.46,3.67l-192,80A47.93,47.93,0,0,0,16,128C16,326.5,130.5,463.72,237.5,508.32a48.09,48.09,0,0,0,36.91,0C360.09,472.61,496,349.3,496,128A48,48,0,0,0,466.5,83.68ZM384,256H371.88c-28.51,0-42.79,34.47-22.63,54.63l8.58,8.57a16,16,0,1,1-22.63,22.63l-8.57-8.58C306.47,313.09,272,327.37,272,355.88V368a16,16,0,0,1-32,0V355.88c0-28.51-34.47-42.79-54.63-22.63l-8.57,8.58a16,16,0,0,1-22.63-22.63l8.58-8.57c20.16-20.16,5.88-54.63-22.63-54.63H128a16,16,0,0,1,0-32h12.12c28.51,0,42.79-34.47,22.63-54.63l-8.58-8.57a16,16,0,0,1,22.63-22.63l8.57,8.58c20.16,20.16,54.63,5.88,54.63-22.63V112a16,16,0,0,1,32,0v12.12c0,28.51,34.47,42.79,54.63,22.63l8.57-8.58a16,16,0,0,1,22.63,22.63l-8.58,8.57C329.09,189.53,343.37,224,371.88,224H384a16,16,0,0,1,0,32Zm-96,0a16,16,0,1,0,16,16A16,16,0,0,0,288,256Z\"><\/path><\/svg>\t\t\t\t<\/span>\n\t\t\t<\/div>\n\t\t\t\n\t\t\t\t\t\t<div class=\"elementor-icon-box-content\">\n\n\t\t\t\t\t\t\t\t\t<h3 class=\"elementor-icon-box-title\">\n\t\t\t\t\t\t<span  >\n\t\t\t\t\t\t\tPr\u00e9vention de la r\u00e9infection\t\t\t\t\t\t<\/span>\n\t\t\t\t\t<\/h3>\n\t\t\t\t\n\t\t\t\t\t\t\t\t\t<p class=\"elementor-icon-box-description\">\n\t\t\t\t\t\tNos solutions offrent une protection durable, emp\u00eachant les ravageurs de revenir dans les cultures et r\u00e9duisant la n\u00e9cessit\u00e9 d'applications fr\u00e9quentes. Cela permet non seulement d'am\u00e9liorer la productivit\u00e9, mais aussi d'optimiser les co\u00fbts pour les agriculteurs. \t\t\t\t\t<\/p>\n\t\t\t\t\n\t\t\t<\/div>\n\t\t\t\n\t\t<\/div>\n\t\t\t\t\t\t<\/div>\n\t\t\t\t<\/div>\n\t\t\t\t<\/div>\n\t\t\t\t<\/div>\n\t\t<div class=\"elementor-element elementor-element-9286644 e-con-full e-flex e-con e-child\" data-id=\"9286644\" data-element_type=\"container\">\n\t\t\t\t<div class=\"elementor-element elementor-element-cf809b2 elementor-widget elementor-widget-heading\" data-id=\"cf809b2\" data-element_type=\"widget\" data-widget_type=\"heading.default\">\n\t\t\t\t<div class=\"elementor-widget-container\">\n\t\t\t\t\t<h2 class=\"elementor-heading-title elementor-size-default\"><b>Notre candidature<\/b><\/h2>\t\t\t\t<\/div>\n\t\t\t\t<\/div>\n\t\t\t\t<div class=\"elementor-element elementor-element-9770a39 elementor-widget elementor-widget-text-editor\" data-id=\"9770a39\" data-element_type=\"widget\" data-widget_type=\"text-editor.default\">\n\t\t\t\t<div class=\"elementor-widget-container\">\n\t\t\t\t\t\t\t\t\t<p data-start=\"635\" data-end=\"1243\">Chez FumiHogar, nous comprenons l&rsquo;importance de disposer de solutions efficaces pour prot\u00e9ger les cultures. Nous proposons des traitements par fumigation \u00e0 sec qui permettent de prot\u00e9ger les cultures plus longtemps, en \u00e9vitant les r\u00e9infestations et en contribuant \u00e0 une lutte efficace contre les parasites. Les produits fumig\u00e8nes pr\u00e9-dos\u00e9s que nous utilisons permettent une dispersion homog\u00e8ne de la fum\u00e9e, atteignant les recoins les plus difficiles sans avoir recours \u00e0 des machines complexes, ce qui facilite son utilisation dans diff\u00e9rents environnements agricoles, tels que les serres, les entrep\u00f4ts de c\u00e9r\u00e9ales ou les fermes en plein air.  <\/p><p data-start=\"1245\" data-end=\"1822\">En tant que syst\u00e8me fumig\u00e8ne, le produit se disperse rapidement, assurant une couverture totale sans laisser de r\u00e9sidu liquide ni endommager l&rsquo;environnement. Cela signifie que les agriculteurs peuvent prot\u00e9ger leurs cultures sans compromettre la qualit\u00e9 du sol ou du produit, ni la sant\u00e9 de ceux qui travaillent la terre. En outre, notre syst\u00e8me de pr\u00e9-dosage r\u00e9duit les risques li\u00e9s \u00e0 la manipulation des produits chimiques, garantissant ainsi une plus grande s\u00e9curit\u00e9 pour toutes les personnes concern\u00e9es.  <\/p>\t\t\t\t\t\t\t\t<\/div>\n\t\t\t\t<\/div>\n\t\t\t\t<\/div>\n\t\t\t\t<\/div>\n\t\t\t\t\t<\/div>\n\t\t\t\t<\/div>\n\t\t<div class=\"elementor-element elementor-element-0985655 e-con-full e-flex e-con e-parent\" data-id=\"0985655\" data-element_type=\"container\" data-settings=\"{&quot;background_background&quot;:&quot;classic&quot;}\">\n\t\t<div class=\"elementor-element elementor-element-cd062f9 e-flex e-con-boxed e-con e-child\" data-id=\"cd062f9\" data-element_type=\"container\">\n\t\t\t\t\t<div class=\"e-con-inner\">\n\t\t\t\t<div class=\"elementor-element elementor-element-ecc5ee5 elementor-widget elementor-widget-heading\" data-id=\"ecc5ee5\" data-element_type=\"widget\" data-widget_type=\"heading.default\">\n\t\t\t\t<div class=\"elementor-widget-container\">\n\t\t\t\t\t<h2 class=\"elementor-heading-title elementor-size-default\">Protection intelligente pour une agriculture durable<\/h2>\t\t\t\t<\/div>\n\t\t\t\t<\/div>\n\t\t\t\t<div class=\"elementor-element elementor-element-f22a05a elementor-widget-mobile__width-inherit elementor-widget elementor-widget-text-editor\" data-id=\"f22a05a\" data-element_type=\"widget\" data-widget_type=\"text-editor.default\">\n\t\t\t\t<div class=\"elementor-widget-container\">\n\t\t\t\t\t\t\t\t\t<p>Chez FumiHogar, nous nous engageons en faveur de l&rsquo;innovation et de la durabilit\u00e9. Gr\u00e2ce aux progr\u00e8s constants de la R&amp;D&amp;I, nous d\u00e9veloppons des solutions efficaces qui prot\u00e8gent les cultures sans compromettre l&rsquo;environnement ou la s\u00e9curit\u00e9 de ceux qui travaillent la terre. Nos traitements sont conformes \u00e0 la r\u00e9glementation en vigueur et permettent d&rsquo;atteindre un \u00e9quilibre entre la productivit\u00e9 agricole et la protection de l&rsquo;environnement, en offrant une fumigation responsable qui favorise une agriculture plus saine et plus respectueuse.  <\/p>\t\t\t\t\t\t\t\t<\/div>\n\t\t\t\t<\/div>\n\t\t\t\t\t<\/div>\n\t\t\t\t<\/div>\n\t\t<div class=\"elementor-element elementor-element-b075d95 e-con-full contenedor-producto e-flex e-con e-child\" data-id=\"b075d95\" data-element_type=\"container\" data-settings=\"{&quot;background_background&quot;:&quot;classic&quot;}\">\n\t\t\t\t<\/div>\n\t\t\t\t<\/div>\n\t\t\t\t<\/div>\n\t\t","protected":false},"excerpt":{"rendered":"<p>Commencer par les bases L&rsquo;agriculture est une activit\u00e9 qui concerne la production de la culture du sol, les exploitations verticales, leur d\u00e9veloppement et leur r\u00e9colte, ainsi que l&rsquo;exploitation des for\u00eats et des jungles (sylviculture). C&rsquo;est une activit\u00e9 du secteur primaire et la ressource la plus importante dont l&rsquo;homme d\u00e9pend pour sa subsistance, puisqu&rsquo;une partie des [&hellip;]<\/p>\n","protected":false},"author":1,"featured_media":0,"parent":1933,"menu_order":0,"comment_status":"closed","ping_status":"closed","template":"","meta":{"footnotes":""},"class_list":["post-1863","page","type-page","status-publish","hentry"],"yoast_head":"<!-- This site is optimized with the Yoast SEO plugin v24.6 - https:\/\/yoast.com\/wordpress\/plugins\/seo\/ -->\n<title>Agriculture | FumiHogar<\/title>\n<meta name=\"description\" content=\"FumiHogar propose des solutions pour la lutte contre les parasites dans l&#039;agriculture, avec des produits efficaces qui prot\u00e8gent les cultures sans impact sur l&#039;environnement.\" \/>\n<meta name=\"robots\" content=\"index, follow, max-snippet:-1, max-image-preview:large, max-video-preview:-1\" \/>\n<link rel=\"canonical\" href=\"https:\/\/brave-sutherland.217-18-163-79.plesk.page\/fr\/secteurs\/agriculture\/\" \/>\n<meta property=\"og:locale\" content=\"fr_FR\" \/>\n<meta property=\"og:type\" content=\"article\" \/>\n<meta property=\"og:title\" content=\"Agriculture | FumiHogar\" \/>\n<meta property=\"og:description\" content=\"FumiHogar propose des solutions pour la lutte contre les parasites dans l&#039;agriculture, avec des produits efficaces qui prot\u00e8gent les cultures sans impact sur l&#039;environnement.\" \/>\n<meta property=\"og:url\" content=\"https:\/\/brave-sutherland.217-18-163-79.plesk.page\/fr\/secteurs\/agriculture\/\" \/>\n<meta property=\"og:site_name\" content=\"Fumihogar\" \/>\n<meta property=\"article:modified_time\" content=\"2025-03-17T16:09:35+00:00\" \/>\n<meta name=\"twitter:card\" content=\"summary_large_image\" \/>\n<meta name=\"twitter:label1\" content=\"Dur\u00e9e de lecture estim\u00e9e\" \/>\n\t<meta name=\"twitter:data1\" content=\"2 minutes\" \/>\n<script type=\"application\/ld+json\" class=\"yoast-schema-graph\">{\"@context\":\"https:\/\/schema.org\",\"@graph\":[{\"@type\":\"WebPage\",\"@id\":\"https:\/\/brave-sutherland.217-18-163-79.plesk.page\/fr\/secteurs\/agriculture\/\",\"url\":\"https:\/\/brave-sutherland.217-18-163-79.plesk.page\/fr\/secteurs\/agriculture\/\",\"name\":\"Agriculture | FumiHogar\",\"isPartOf\":{\"@id\":\"https:\/\/brave-sutherland.217-18-163-79.plesk.page\/#website\"},\"datePublished\":\"2025-03-11T08:17:59+00:00\",\"dateModified\":\"2025-03-17T16:09:35+00:00\",\"description\":\"FumiHogar propose des solutions pour la lutte contre les parasites dans l'agriculture, avec des produits efficaces qui prot\u00e8gent les cultures sans impact sur l'environnement.\",\"breadcrumb\":{\"@id\":\"https:\/\/brave-sutherland.217-18-163-79.plesk.page\/fr\/secteurs\/agriculture\/#breadcrumb\"},\"inLanguage\":\"fr-FR\",\"potentialAction\":[{\"@type\":\"ReadAction\",\"target\":[\"https:\/\/brave-sutherland.217-18-163-79.plesk.page\/fr\/secteurs\/agriculture\/\"]}]},{\"@type\":\"BreadcrumbList\",\"@id\":\"https:\/\/brave-sutherland.217-18-163-79.plesk.page\/fr\/secteurs\/agriculture\/#breadcrumb\",\"itemListElement\":[{\"@type\":\"ListItem\",\"position\":1,\"name\":\"Portada\",\"item\":\"https:\/\/brave-sutherland.217-18-163-79.plesk.page\/fr\/accueil\/\"},{\"@type\":\"ListItem\",\"position\":2,\"name\":\"Secteurs\",\"item\":\"https:\/\/brave-sutherland.217-18-163-79.plesk.page\/fr\/secteurs\/\"},{\"@type\":\"ListItem\",\"position\":3,\"name\":\"Agriculture\"}]},{\"@type\":\"WebSite\",\"@id\":\"https:\/\/brave-sutherland.217-18-163-79.plesk.page\/#website\",\"url\":\"https:\/\/brave-sutherland.217-18-163-79.plesk.page\/\",\"name\":\"Fumihogar\",\"description\":\"Tratamientos fum\u00edgenos en seco\",\"publisher\":{\"@id\":\"https:\/\/brave-sutherland.217-18-163-79.plesk.page\/#organization\"},\"potentialAction\":[{\"@type\":\"SearchAction\",\"target\":{\"@type\":\"EntryPoint\",\"urlTemplate\":\"https:\/\/brave-sutherland.217-18-163-79.plesk.page\/?s={search_term_string}\"},\"query-input\":{\"@type\":\"PropertyValueSpecification\",\"valueRequired\":true,\"valueName\":\"search_term_string\"}}],\"inLanguage\":\"fr-FR\"},{\"@type\":\"Organization\",\"@id\":\"https:\/\/brave-sutherland.217-18-163-79.plesk.page\/#organization\",\"name\":\"Fumihogar\",\"url\":\"https:\/\/brave-sutherland.217-18-163-79.plesk.page\/\",\"logo\":{\"@type\":\"ImageObject\",\"inLanguage\":\"fr-FR\",\"@id\":\"https:\/\/brave-sutherland.217-18-163-79.plesk.page\/#\/schema\/logo\/image\/\",\"url\":\"https:\/\/brave-sutherland.217-18-163-79.plesk.page\/wp-content\/uploads\/2024\/11\/FumiHogar-LogoNuevo.png\",\"contentUrl\":\"https:\/\/brave-sutherland.217-18-163-79.plesk.page\/wp-content\/uploads\/2024\/11\/FumiHogar-LogoNuevo.png\",\"width\":400,\"height\":178,\"caption\":\"Fumihogar\"},\"image\":{\"@id\":\"https:\/\/brave-sutherland.217-18-163-79.plesk.page\/#\/schema\/logo\/image\/\"}}]}<\/script>\n<!-- \/ Yoast SEO plugin. -->","yoast_head_json":{"title":"Agriculture | FumiHogar","description":"FumiHogar propose des solutions pour la lutte contre les parasites dans l'agriculture, avec des produits efficaces qui prot\u00e8gent les cultures sans impact sur l'environnement.","robots":{"index":"index","follow":"follow","max-snippet":"max-snippet:-1","max-image-preview":"max-image-preview:large","max-video-preview":"max-video-preview:-1"},"canonical":"https:\/\/brave-sutherland.217-18-163-79.plesk.page\/fr\/secteurs\/agriculture\/","og_locale":"fr_FR","og_type":"article","og_title":"Agriculture | FumiHogar","og_description":"FumiHogar propose des solutions pour la lutte contre les parasites dans l'agriculture, avec des produits efficaces qui prot\u00e8gent les cultures sans impact sur l'environnement.","og_url":"https:\/\/brave-sutherland.217-18-163-79.plesk.page\/fr\/secteurs\/agriculture\/","og_site_name":"Fumihogar","article_modified_time":"2025-03-17T16:09:35+00:00","twitter_card":"summary_large_image","twitter_misc":{"Dur\u00e9e de lecture estim\u00e9e":"2 minutes"},"schema":{"@context":"https:\/\/schema.org","@graph":[{"@type":"WebPage","@id":"https:\/\/brave-sutherland.217-18-163-79.plesk.page\/fr\/secteurs\/agriculture\/","url":"https:\/\/brave-sutherland.217-18-163-79.plesk.page\/fr\/secteurs\/agriculture\/","name":"Agriculture | FumiHogar","isPartOf":{"@id":"https:\/\/brave-sutherland.217-18-163-79.plesk.page\/#website"},"datePublished":"2025-03-11T08:17:59+00:00","dateModified":"2025-03-17T16:09:35+00:00","description":"FumiHogar propose des solutions pour la lutte contre les parasites dans l'agriculture, avec des produits efficaces qui prot\u00e8gent les cultures sans impact sur l'environnement.","breadcrumb":{"@id":"https:\/\/brave-sutherland.217-18-163-79.plesk.page\/fr\/secteurs\/agriculture\/#breadcrumb"},"inLanguage":"fr-FR","potentialAction":[{"@type":"ReadAction","target":["https:\/\/brave-sutherland.217-18-163-79.plesk.page\/fr\/secteurs\/agriculture\/"]}]},{"@type":"BreadcrumbList","@id":"https:\/\/brave-sutherland.217-18-163-79.plesk.page\/fr\/secteurs\/agriculture\/#breadcrumb","itemListElement":[{"@type":"ListItem","position":1,"name":"Portada","item":"https:\/\/brave-sutherland.217-18-163-79.plesk.page\/fr\/accueil\/"},{"@type":"ListItem","position":2,"name":"Secteurs","item":"https:\/\/brave-sutherland.217-18-163-79.plesk.page\/fr\/secteurs\/"},{"@type":"ListItem","position":3,"name":"Agriculture"}]},{"@type":"WebSite","@id":"https:\/\/brave-sutherland.217-18-163-79.plesk.page\/#website","url":"https:\/\/brave-sutherland.217-18-163-79.plesk.page\/","name":"Fumihogar","description":"Tratamientos fum\u00edgenos en seco","publisher":{"@id":"https:\/\/brave-sutherland.217-18-163-79.plesk.page\/#organization"},"potentialAction":[{"@type":"SearchAction","target":{"@type":"EntryPoint","urlTemplate":"https:\/\/brave-sutherland.217-18-163-79.plesk.page\/?s={search_term_string}"},"query-input":{"@type":"PropertyValueSpecification","valueRequired":true,"valueName":"search_term_string"}}],"inLanguage":"fr-FR"},{"@type":"Organization","@id":"https:\/\/brave-sutherland.217-18-163-79.plesk.page\/#organization","name":"Fumihogar","url":"https:\/\/brave-sutherland.217-18-163-79.plesk.page\/","logo":{"@type":"ImageObject","inLanguage":"fr-FR","@id":"https:\/\/brave-sutherland.217-18-163-79.plesk.page\/#\/schema\/logo\/image\/","url":"https:\/\/brave-sutherland.217-18-163-79.plesk.page\/wp-content\/uploads\/2024\/11\/FumiHogar-LogoNuevo.png","contentUrl":"https:\/\/brave-sutherland.217-18-163-79.plesk.page\/wp-content\/uploads\/2024\/11\/FumiHogar-LogoNuevo.png","width":400,"height":178,"caption":"Fumihogar"},"image":{"@id":"https:\/\/brave-sutherland.217-18-163-79.plesk.page\/#\/schema\/logo\/image\/"}}]}},"_links":{"self":[{"href":"https:\/\/brave-sutherland.217-18-163-79.plesk.page\/fr\/wp-json\/wp\/v2\/pages\/1863","targetHints":{"allow":["GET"]}}],"collection":[{"href":"https:\/\/brave-sutherland.217-18-163-79.plesk.page\/fr\/wp-json\/wp\/v2\/pages"}],"about":[{"href":"https:\/\/brave-sutherland.217-18-163-79.plesk.page\/fr\/wp-json\/wp\/v2\/types\/page"}],"author":[{"embeddable":true,"href":"https:\/\/brave-sutherland.217-18-163-79.plesk.page\/fr\/wp-json\/wp\/v2\/users\/1"}],"replies":[{"embeddable":true,"href":"https:\/\/brave-sutherland.217-18-163-79.plesk.page\/fr\/wp-json\/wp\/v2\/comments?post=1863"}],"version-history":[{"count":1,"href":"https:\/\/brave-sutherland.217-18-163-79.plesk.page\/fr\/wp-json\/wp\/v2\/pages\/1863\/revisions"}],"predecessor-version":[{"id":1867,"href":"https:\/\/brave-sutherland.217-18-163-79.plesk.page\/fr\/wp-json\/wp\/v2\/pages\/1863\/revisions\/1867"}],"up":[{"embeddable":true,"href":"https:\/\/brave-sutherland.217-18-163-79.plesk.page\/fr\/wp-json\/wp\/v2\/pages\/1933"}],"wp:attachment":[{"href":"https:\/\/brave-sutherland.217-18-163-79.plesk.page\/fr\/wp-json\/wp\/v2\/media?parent=1863"}],"curies":[{"name":"wp","href":"https:\/\/api.w.org\/{rel}","templated":true}]}}