{"id":1876,"date":"2025-03-11T08:17:15","date_gmt":"2025-03-11T08:17:15","guid":{"rendered":"https:\/\/brave-sutherland.217-18-163-79.plesk.page\/veterinaire\/"},"modified":"2025-03-17T16:09:35","modified_gmt":"2025-03-17T16:09:35","slug":"veterinaire","status":"publish","type":"page","link":"https:\/\/brave-sutherland.217-18-163-79.plesk.page\/fr\/secteurs\/veterinaire\/","title":{"rendered":"V\u00e9t\u00e9rinaire"},"content":{"rendered":"\t\t<div data-elementor-type=\"wp-page\" data-elementor-id=\"1876\" class=\"elementor elementor-1876 elementor-1145\" data-elementor-post-type=\"page\">\n\t\t\t\t<div class=\"elementor-element elementor-element-4eefbd3 e-con-full e-flex e-con e-parent\" data-id=\"4eefbd3\" data-element_type=\"container\">\n\t\t<div class=\"elementor-element elementor-element-38fac13 e-flex e-con-boxed e-con e-child\" data-id=\"38fac13\" data-element_type=\"container\" data-settings=\"{&quot;background_background&quot;:&quot;classic&quot;}\">\n\t\t\t\t\t<div class=\"e-con-inner\">\n\t\t<div class=\"elementor-element elementor-element-a0dd45a e-con-full e-flex e-con e-child\" data-id=\"a0dd45a\" data-element_type=\"container\">\n\t\t\t\t<div class=\"elementor-element elementor-element-b2f2ba5 elementor-widget elementor-widget-heading\" data-id=\"b2f2ba5\" data-element_type=\"widget\" data-widget_type=\"heading.default\">\n\t\t\t\t<div class=\"elementor-widget-container\">\n\t\t\t\t\t<h1 class=\"elementor-heading-title elementor-size-default\">V\u00e9t\u00e9rinaire<\/h1>\t\t\t\t<\/div>\n\t\t\t\t<\/div>\n\t\t\t\t<\/div>\n\t\t<div class=\"elementor-element elementor-element-9766a10 e-con-full e-flex e-con e-child\" data-id=\"9766a10\" data-element_type=\"container\">\n\t\t<div class=\"elementor-element elementor-element-6d09149 e-con-full e-flex e-con e-child\" data-id=\"6d09149\" data-element_type=\"container\" data-settings=\"{&quot;background_background&quot;:&quot;classic&quot;}\">\n\t\t\t\t<div class=\"elementor-element elementor-element-7d320d0 elementor-widget elementor-widget-heading\" data-id=\"7d320d0\" data-element_type=\"widget\" data-widget_type=\"heading.default\">\n\t\t\t\t<div class=\"elementor-widget-container\">\n\t\t\t\t\t<h2 class=\"elementor-heading-title elementor-size-default\">Prendre soin de tous<\/h2>\t\t\t\t<\/div>\n\t\t\t\t<\/div>\n\t\t\t\t<div class=\"elementor-element elementor-element-eaf8eff elementor-widget elementor-widget-text-editor\" data-id=\"eaf8eff\" data-element_type=\"widget\" data-widget_type=\"text-editor.default\">\n\t\t\t\t<div class=\"elementor-widget-container\">\n\t\t\t\t\t\t\t\t\t<p>La <strong>m\u00e9decine v\u00e9t\u00e9rinaire<\/strong> est la <strong>science<\/strong> de la pr\u00e9vention, du diagnostic et de la gu\u00e9rison des maladies des animaux domestiques, des animaux sauvages et des animaux de rente, ainsi que de la gestion des programmes sanitaires visant \u00e0 garantir la s\u00e9curit\u00e9 alimentaire. Elle comprend \u00e9galement l&rsquo;\u00e9tude des zoonoses, qui repr\u00e9sentent 60 % des maladies animales, dont 75 % ont des r\u00e9servoirs sauvages. <\/p>\t\t\t\t\t\t\t\t<\/div>\n\t\t\t\t<\/div>\n\t\t\t\t<div class=\"elementor-element elementor-element-8899c63 elementor-widget-divider--view-line elementor-widget elementor-widget-divider\" data-id=\"8899c63\" data-element_type=\"widget\" data-widget_type=\"divider.default\">\n\t\t\t\t<div class=\"elementor-widget-container\">\n\t\t\t\t\t\t\t<div class=\"elementor-divider\">\n\t\t\t<span class=\"elementor-divider-separator\">\n\t\t\t\t\t\t<\/span>\n\t\t<\/div>\n\t\t\t\t\t\t<\/div>\n\t\t\t\t<\/div>\n\t\t\t\t<\/div>\n\t\t\t\t<\/div>\n\t\t\t\t\t<\/div>\n\t\t\t\t<\/div>\n\t\t\t\t<\/div>\n\t\t<div class=\"elementor-element elementor-element-2115389 e-flex e-con-boxed e-con e-parent\" data-id=\"2115389\" data-element_type=\"container\" data-settings=\"{&quot;background_background&quot;:&quot;classic&quot;}\">\n\t\t\t\t\t<div class=\"e-con-inner\">\n\t\t<div class=\"elementor-element elementor-element-64dc014 e-con-full e-flex e-con e-child\" data-id=\"64dc014\" data-element_type=\"container\">\n\t\t<div class=\"elementor-element elementor-element-a13c41c e-con-full e-flex e-con e-child\" data-id=\"a13c41c\" data-element_type=\"container\">\n\t\t<div class=\"elementor-element elementor-element-e997f85 e-con-full e-flex elementor-invisible e-con e-child\" data-id=\"e997f85\" data-element_type=\"container\" data-settings=\"{&quot;animation&quot;:&quot;fadeIn&quot;}\">\n\t\t\t\t<div class=\"elementor-element elementor-element-95cb1db elementor-widget-divider--view-line elementor-widget elementor-widget-divider\" data-id=\"95cb1db\" data-element_type=\"widget\" data-widget_type=\"divider.default\">\n\t\t\t\t<div class=\"elementor-widget-container\">\n\t\t\t\t\t\t\t<div class=\"elementor-divider\">\n\t\t\t<span class=\"elementor-divider-separator\">\n\t\t\t\t\t\t<\/span>\n\t\t<\/div>\n\t\t\t\t\t\t<\/div>\n\t\t\t\t<\/div>\n\t\t\t\t<div class=\"elementor-element elementor-element-537b985 elementor-view-default elementor-position-top elementor-mobile-position-top elementor-widget elementor-widget-icon-box\" data-id=\"537b985\" data-element_type=\"widget\" data-widget_type=\"icon-box.default\">\n\t\t\t\t<div class=\"elementor-widget-container\">\n\t\t\t\t\t\t\t<div class=\"elementor-icon-box-wrapper\">\n\n\t\t\t\t\t\t<div class=\"elementor-icon-box-icon\">\n\t\t\t\t<span  class=\"elementor-icon\">\n\t\t\t\t<svg aria-hidden=\"true\" class=\"e-font-icon-svg e-fas-clinic-medical\" viewBox=\"0 0 576 512\" xmlns=\"http:\/\/www.w3.org\/2000\/svg\"><path d=\"M288 115L69.47 307.71c-1.62 1.46-3.69 2.14-5.47 3.35V496a16 16 0 0 0 16 16h416a16 16 0 0 0 16-16V311.1c-1.7-1.16-3.72-1.82-5.26-3.2zm96 261a8 8 0 0 1-8 8h-56v56a8 8 0 0 1-8 8h-48a8 8 0 0 1-8-8v-56h-56a8 8 0 0 1-8-8v-48a8 8 0 0 1 8-8h56v-56a8 8 0 0 1 8-8h48a8 8 0 0 1 8 8v56h56a8 8 0 0 1 8 8zm186.69-139.72l-255.94-226a39.85 39.85 0 0 0-53.45 0l-256 226a16 16 0 0 0-1.21 22.6L25.5 282.7a16 16 0 0 0 22.6 1.21L277.42 81.63a16 16 0 0 1 21.17 0L527.91 283.9a16 16 0 0 0 22.6-1.21l21.4-23.82a16 16 0 0 0-1.22-22.59z\"><\/path><\/svg>\t\t\t\t<\/span>\n\t\t\t<\/div>\n\t\t\t\n\t\t\t\t\t\t<div class=\"elementor-icon-box-content\">\n\n\t\t\t\t\t\t\t\t\t<h3 class=\"elementor-icon-box-title\">\n\t\t\t\t\t\t<span  >\n\t\t\t\t\t\t\tFumigation s\u00fbre  \t\t\t\t\t\t<\/span>\n\t\t\t\t\t<\/h3>\n\t\t\t\t\n\t\t\t\t\t\t\t\t\t<p class=\"elementor-icon-box-description\">\n\t\t\t\t\t\tLa fum\u00e9e s\u00e8che permet de traiter les fermes, les \u00e9tables et les magasins d'alimentation sans affecter la sant\u00e9 du b\u00e9tail. Sa dispersion uniforme atteint tous les recoins et permet de lutter contre les parasites sans laisser de r\u00e9sidus nocifs. \t\t\t\t\t<\/p>\n\t\t\t\t\n\t\t\t<\/div>\n\t\t\t\n\t\t<\/div>\n\t\t\t\t\t\t<\/div>\n\t\t\t\t<\/div>\n\t\t\t\t<\/div>\n\t\t<div class=\"elementor-element elementor-element-ea8bbc5 e-con-full e-flex elementor-invisible e-con e-child\" data-id=\"ea8bbc5\" data-element_type=\"container\" data-settings=\"{&quot;animation&quot;:&quot;fadeIn&quot;}\">\n\t\t\t\t<div class=\"elementor-element elementor-element-2966672 elementor-widget-divider--view-line elementor-widget elementor-widget-divider\" data-id=\"2966672\" data-element_type=\"widget\" data-widget_type=\"divider.default\">\n\t\t\t\t<div class=\"elementor-widget-container\">\n\t\t\t\t\t\t\t<div class=\"elementor-divider\">\n\t\t\t<span class=\"elementor-divider-separator\">\n\t\t\t\t\t\t<\/span>\n\t\t<\/div>\n\t\t\t\t\t\t<\/div>\n\t\t\t\t<\/div>\n\t\t\t\t<div class=\"elementor-element elementor-element-c235520 elementor-view-default elementor-position-top elementor-mobile-position-top elementor-widget elementor-widget-icon-box\" data-id=\"c235520\" data-element_type=\"widget\" data-widget_type=\"icon-box.default\">\n\t\t\t\t<div class=\"elementor-widget-container\">\n\t\t\t\t\t\t\t<div class=\"elementor-icon-box-wrapper\">\n\n\t\t\t\t\t\t<div class=\"elementor-icon-box-icon\">\n\t\t\t\t<span  class=\"elementor-icon\">\n\t\t\t\t<svg aria-hidden=\"true\" class=\"e-font-icon-svg e-fas-carrot\" viewBox=\"0 0 512 512\" xmlns=\"http:\/\/www.w3.org\/2000\/svg\"><path d=\"M298.2 156.6c-52.7-25.7-114.5-10.5-150.2 32.8l55.2 55.2c6.3 6.3 6.3 16.4 0 22.6-3.1 3.1-7.2 4.7-11.3 4.7s-8.2-1.6-11.3-4.7L130.4 217 2.3 479.7c-2.9 6-3.1 13.3 0 19.7 5.4 11.1 18.9 15.7 30 10.3l133.6-65.2-49.2-49.2c-6.3-6.2-6.3-16.4 0-22.6 6.3-6.2 16.4-6.2 22.6 0l57 57 102-49.8c24-11.7 44.5-31.3 57.1-57.1 30.1-61.7 4.5-136.1-57.2-166.2zm92.1-34.9C409.8 81 399.7 32.9 360 0c-50.3 41.7-52.5 107.5-7.9 151.9l8 8c44.4 44.6 110.3 42.4 151.9-7.9-32.9-39.7-81-49.8-121.7-30.3z\"><\/path><\/svg>\t\t\t\t<\/span>\n\t\t\t<\/div>\n\t\t\t\n\t\t\t\t\t\t<div class=\"elementor-icon-box-content\">\n\n\t\t\t\t\t\t\t\t\t<h3 class=\"elementor-icon-box-title\">\n\t\t\t\t\t\t<span  >\n\t\t\t\t\t\t\tProtection des aliments  \t\t\t\t\t\t<\/span>\n\t\t\t\t\t<\/h3>\n\t\t\t\t\n\t\t\t\t\t\t\t\t\t<p class=\"elementor-icon-box-description\">\n\t\t\t\t\t\tLes parasites peuvent contaminer les aliments pour animaux et compromettre la nutrition du b\u00e9tail. Nos traitements garantissent la conservation des aliments pour animaux, en emp\u00eachant la prolif\u00e9ration des insectes dans les entrep\u00f4ts et les silos. \t\t\t\t\t<\/p>\n\t\t\t\t\n\t\t\t<\/div>\n\t\t\t\n\t\t<\/div>\n\t\t\t\t\t\t<\/div>\n\t\t\t\t<\/div>\n\t\t\t\t<\/div>\n\t\t\t\t<\/div>\n\t\t<div class=\"elementor-element elementor-element-515e737 e-con-full e-flex e-con e-child\" data-id=\"515e737\" data-element_type=\"container\">\n\t\t\t\t<div class=\"elementor-element elementor-element-a2e4486 elementor-widget elementor-widget-heading\" data-id=\"a2e4486\" data-element_type=\"widget\" data-widget_type=\"heading.default\">\n\t\t\t\t<div class=\"elementor-widget-container\">\n\t\t\t\t\t<h2 class=\"elementor-heading-title elementor-size-default\"><b>FumiHogar<\/b><\/h2>\t\t\t\t<\/div>\n\t\t\t\t<\/div>\n\t\t\t\t<div class=\"elementor-element elementor-element-ea33603 elementor-widget elementor-widget-text-editor\" data-id=\"ea33603\" data-element_type=\"widget\" data-widget_type=\"text-editor.default\">\n\t\t\t\t<div class=\"elementor-widget-container\">\n\t\t\t\t\t\t\t\t\t<p>Elle englobe \u00e9galement le diagnostic, le traitement et la pr\u00e9vention des maladies des animaux de production, l&rsquo;\u00e9tude \u00e9pid\u00e9miologique des maladies animales et des zoonoses, ainsi que la conception de politiques sanitaires, l&rsquo;analyse des risques et l&rsquo;identification du b\u00e9tail.<\/p><p>Il couvre \u00e9galement la classification et la commercialisation des produits animaux, le contr\u00f4le des mouvements d&rsquo;animaux et l&rsquo;impact environnemental de la production animale, ainsi que tous les aspects li\u00e9s \u00e0 la production de produits animaux destin\u00e9s \u00e0 la consommation humaine et \u00e0 la production de denr\u00e9es alimentaires destin\u00e9es \u00e0 la consommation animale, ainsi que toutes les implications \u00e9conomiques que ces processus peuvent avoir.<\/p>\t\t\t\t\t\t\t\t<\/div>\n\t\t\t\t<\/div>\n\t\t\t\t<\/div>\n\t\t\t\t<\/div>\n\t\t\t\t\t<\/div>\n\t\t\t\t<\/div>\n\t\t<div class=\"elementor-element elementor-element-2fe0e17 e-con-full e-flex e-con e-parent\" data-id=\"2fe0e17\" data-element_type=\"container\" data-settings=\"{&quot;background_background&quot;:&quot;classic&quot;}\">\n\t\t<div class=\"elementor-element elementor-element-bf13c1c e-flex e-con-boxed e-con e-child\" data-id=\"bf13c1c\" data-element_type=\"container\">\n\t\t\t\t\t<div class=\"e-con-inner\">\n\t\t\t\t<div class=\"elementor-element elementor-element-b6a47a4 elementor-widget elementor-widget-heading\" data-id=\"b6a47a4\" data-element_type=\"widget\" data-widget_type=\"heading.default\">\n\t\t\t\t<div class=\"elementor-widget-container\">\n\t\t\t\t\t<h2 class=\"elementor-heading-title elementor-size-default\">Relations entre les secteurs<\/h2>\t\t\t\t<\/div>\n\t\t\t\t<\/div>\n\t\t\t\t<div class=\"elementor-element elementor-element-4d18388 elementor-widget-mobile__width-inherit elementor-widget elementor-widget-text-editor\" data-id=\"4d18388\" data-element_type=\"widget\" data-widget_type=\"text-editor.default\">\n\t\t\t\t<div class=\"elementor-widget-container\">\n\t\t\t\t\t\t\t\t\t<p>Comme l&rsquo;agriculture, le secteur de l&rsquo;\u00e9levage fait partie du secteur primaire et joue un r\u00f4le \u00e9l\u00e9mentaire dans le r\u00e9gime alimentaire de la grande majorit\u00e9 de la population mondiale. C&rsquo;est pourquoi un bon contr\u00f4le v\u00e9t\u00e9rinaire des diff\u00e9rentes esp\u00e8ces potentiellement consommables \u00e0 diff\u00e9rents stades (\u00e9levage, d\u00e9veloppement, post-mortem, etc.) est essentiel.<\/p><p>Chez FumiHogar, nous disposons des produits n\u00e9cessaires pour maintenir tous les environnements et \u00e9tapes de chaque sous-processus compl\u00e8tement d\u00e9sinfect\u00e9s et d\u00e9sinsectis\u00e9s, garantissant ainsi leur s\u00e9curit\u00e9 et leur contr\u00f4le.<\/p>\t\t\t\t\t\t\t\t<\/div>\n\t\t\t\t<\/div>\n\t\t\t\t\t<\/div>\n\t\t\t\t<\/div>\n\t\t<div class=\"elementor-element elementor-element-4e2aef6 e-con-full contenedor-producto e-flex e-con e-child\" data-id=\"4e2aef6\" data-element_type=\"container\" data-settings=\"{&quot;background_background&quot;:&quot;classic&quot;}\">\n\t\t\t\t<\/div>\n\t\t\t\t<\/div>\n\t\t\t\t<\/div>\n\t\t","protected":false},"excerpt":{"rendered":"<p>Prendre soin de tous La m\u00e9decine v\u00e9t\u00e9rinaire est la science de la pr\u00e9vention, du diagnostic et de la gu\u00e9rison des maladies des animaux domestiques, des animaux sauvages et des animaux de rente, ainsi que de la gestion des programmes sanitaires visant \u00e0 garantir la s\u00e9curit\u00e9 alimentaire. Elle comprend \u00e9galement l&rsquo;\u00e9tude des zoonoses, qui repr\u00e9sentent 60 [&hellip;]<\/p>\n","protected":false},"author":1,"featured_media":0,"parent":1933,"menu_order":0,"comment_status":"closed","ping_status":"closed","template":"","meta":{"footnotes":""},"class_list":["post-1876","page","type-page","status-publish","hentry"],"yoast_head":"<!-- This site is optimized with the Yoast SEO plugin v24.6 - https:\/\/yoast.com\/wordpress\/plugins\/seo\/ -->\n<title>V\u00e9t\u00e9rinaire : FumiHogar<\/title>\n<meta name=\"description\" content=\"FumiHogar propose des solutions pour la sant\u00e9 v\u00e9t\u00e9rinaire, la lutte contre les parasites et la d\u00e9sinfection des installations d&#039;\u00e9levage et des cliniques v\u00e9t\u00e9rinaires.\" \/>\n<meta name=\"robots\" content=\"index, follow, max-snippet:-1, max-image-preview:large, max-video-preview:-1\" \/>\n<link rel=\"canonical\" href=\"https:\/\/brave-sutherland.217-18-163-79.plesk.page\/fr\/secteurs\/veterinaire\/\" \/>\n<meta property=\"og:locale\" content=\"fr_FR\" \/>\n<meta property=\"og:type\" content=\"article\" \/>\n<meta property=\"og:title\" content=\"V\u00e9t\u00e9rinaire : FumiHogar\" \/>\n<meta property=\"og:description\" content=\"FumiHogar propose des solutions pour la sant\u00e9 v\u00e9t\u00e9rinaire, la lutte contre les parasites et la d\u00e9sinfection des installations d&#039;\u00e9levage et des cliniques v\u00e9t\u00e9rinaires.\" \/>\n<meta property=\"og:url\" content=\"https:\/\/brave-sutherland.217-18-163-79.plesk.page\/fr\/secteurs\/veterinaire\/\" \/>\n<meta property=\"og:site_name\" content=\"Fumihogar\" \/>\n<meta property=\"article:modified_time\" content=\"2025-03-17T16:09:35+00:00\" \/>\n<meta name=\"twitter:card\" content=\"summary_large_image\" \/>\n<meta name=\"twitter:label1\" content=\"Dur\u00e9e de lecture estim\u00e9e\" \/>\n\t<meta name=\"twitter:data1\" content=\"2 minutes\" \/>\n<script type=\"application\/ld+json\" class=\"yoast-schema-graph\">{\"@context\":\"https:\/\/schema.org\",\"@graph\":[{\"@type\":\"WebPage\",\"@id\":\"https:\/\/brave-sutherland.217-18-163-79.plesk.page\/fr\/secteurs\/veterinaire\/\",\"url\":\"https:\/\/brave-sutherland.217-18-163-79.plesk.page\/fr\/secteurs\/veterinaire\/\",\"name\":\"V\u00e9t\u00e9rinaire : FumiHogar\",\"isPartOf\":{\"@id\":\"https:\/\/brave-sutherland.217-18-163-79.plesk.page\/#website\"},\"datePublished\":\"2025-03-11T08:17:15+00:00\",\"dateModified\":\"2025-03-17T16:09:35+00:00\",\"description\":\"FumiHogar propose des solutions pour la sant\u00e9 v\u00e9t\u00e9rinaire, la lutte contre les parasites et la d\u00e9sinfection des installations d'\u00e9levage et des cliniques v\u00e9t\u00e9rinaires.\",\"breadcrumb\":{\"@id\":\"https:\/\/brave-sutherland.217-18-163-79.plesk.page\/fr\/secteurs\/veterinaire\/#breadcrumb\"},\"inLanguage\":\"fr-FR\",\"potentialAction\":[{\"@type\":\"ReadAction\",\"target\":[\"https:\/\/brave-sutherland.217-18-163-79.plesk.page\/fr\/secteurs\/veterinaire\/\"]}]},{\"@type\":\"BreadcrumbList\",\"@id\":\"https:\/\/brave-sutherland.217-18-163-79.plesk.page\/fr\/secteurs\/veterinaire\/#breadcrumb\",\"itemListElement\":[{\"@type\":\"ListItem\",\"position\":1,\"name\":\"Portada\",\"item\":\"https:\/\/brave-sutherland.217-18-163-79.plesk.page\/fr\/accueil\/\"},{\"@type\":\"ListItem\",\"position\":2,\"name\":\"Secteurs\",\"item\":\"https:\/\/brave-sutherland.217-18-163-79.plesk.page\/fr\/secteurs\/\"},{\"@type\":\"ListItem\",\"position\":3,\"name\":\"V\u00e9t\u00e9rinaire\"}]},{\"@type\":\"WebSite\",\"@id\":\"https:\/\/brave-sutherland.217-18-163-79.plesk.page\/#website\",\"url\":\"https:\/\/brave-sutherland.217-18-163-79.plesk.page\/\",\"name\":\"Fumihogar\",\"description\":\"Tratamientos fum\u00edgenos en seco\",\"publisher\":{\"@id\":\"https:\/\/brave-sutherland.217-18-163-79.plesk.page\/#organization\"},\"potentialAction\":[{\"@type\":\"SearchAction\",\"target\":{\"@type\":\"EntryPoint\",\"urlTemplate\":\"https:\/\/brave-sutherland.217-18-163-79.plesk.page\/?s={search_term_string}\"},\"query-input\":{\"@type\":\"PropertyValueSpecification\",\"valueRequired\":true,\"valueName\":\"search_term_string\"}}],\"inLanguage\":\"fr-FR\"},{\"@type\":\"Organization\",\"@id\":\"https:\/\/brave-sutherland.217-18-163-79.plesk.page\/#organization\",\"name\":\"Fumihogar\",\"url\":\"https:\/\/brave-sutherland.217-18-163-79.plesk.page\/\",\"logo\":{\"@type\":\"ImageObject\",\"inLanguage\":\"fr-FR\",\"@id\":\"https:\/\/brave-sutherland.217-18-163-79.plesk.page\/#\/schema\/logo\/image\/\",\"url\":\"https:\/\/brave-sutherland.217-18-163-79.plesk.page\/wp-content\/uploads\/2024\/11\/FumiHogar-LogoNuevo.png\",\"contentUrl\":\"https:\/\/brave-sutherland.217-18-163-79.plesk.page\/wp-content\/uploads\/2024\/11\/FumiHogar-LogoNuevo.png\",\"width\":400,\"height\":178,\"caption\":\"Fumihogar\"},\"image\":{\"@id\":\"https:\/\/brave-sutherland.217-18-163-79.plesk.page\/#\/schema\/logo\/image\/\"}}]}<\/script>\n<!-- \/ Yoast SEO plugin. -->","yoast_head_json":{"title":"V\u00e9t\u00e9rinaire : FumiHogar","description":"FumiHogar propose des solutions pour la sant\u00e9 v\u00e9t\u00e9rinaire, la lutte contre les parasites et la d\u00e9sinfection des installations d'\u00e9levage et des cliniques v\u00e9t\u00e9rinaires.","robots":{"index":"index","follow":"follow","max-snippet":"max-snippet:-1","max-image-preview":"max-image-preview:large","max-video-preview":"max-video-preview:-1"},"canonical":"https:\/\/brave-sutherland.217-18-163-79.plesk.page\/fr\/secteurs\/veterinaire\/","og_locale":"fr_FR","og_type":"article","og_title":"V\u00e9t\u00e9rinaire : FumiHogar","og_description":"FumiHogar propose des solutions pour la sant\u00e9 v\u00e9t\u00e9rinaire, la lutte contre les parasites et la d\u00e9sinfection des installations d'\u00e9levage et des cliniques v\u00e9t\u00e9rinaires.","og_url":"https:\/\/brave-sutherland.217-18-163-79.plesk.page\/fr\/secteurs\/veterinaire\/","og_site_name":"Fumihogar","article_modified_time":"2025-03-17T16:09:35+00:00","twitter_card":"summary_large_image","twitter_misc":{"Dur\u00e9e de lecture estim\u00e9e":"2 minutes"},"schema":{"@context":"https:\/\/schema.org","@graph":[{"@type":"WebPage","@id":"https:\/\/brave-sutherland.217-18-163-79.plesk.page\/fr\/secteurs\/veterinaire\/","url":"https:\/\/brave-sutherland.217-18-163-79.plesk.page\/fr\/secteurs\/veterinaire\/","name":"V\u00e9t\u00e9rinaire : FumiHogar","isPartOf":{"@id":"https:\/\/brave-sutherland.217-18-163-79.plesk.page\/#website"},"datePublished":"2025-03-11T08:17:15+00:00","dateModified":"2025-03-17T16:09:35+00:00","description":"FumiHogar propose des solutions pour la sant\u00e9 v\u00e9t\u00e9rinaire, la lutte contre les parasites et la d\u00e9sinfection des installations d'\u00e9levage et des cliniques v\u00e9t\u00e9rinaires.","breadcrumb":{"@id":"https:\/\/brave-sutherland.217-18-163-79.plesk.page\/fr\/secteurs\/veterinaire\/#breadcrumb"},"inLanguage":"fr-FR","potentialAction":[{"@type":"ReadAction","target":["https:\/\/brave-sutherland.217-18-163-79.plesk.page\/fr\/secteurs\/veterinaire\/"]}]},{"@type":"BreadcrumbList","@id":"https:\/\/brave-sutherland.217-18-163-79.plesk.page\/fr\/secteurs\/veterinaire\/#breadcrumb","itemListElement":[{"@type":"ListItem","position":1,"name":"Portada","item":"https:\/\/brave-sutherland.217-18-163-79.plesk.page\/fr\/accueil\/"},{"@type":"ListItem","position":2,"name":"Secteurs","item":"https:\/\/brave-sutherland.217-18-163-79.plesk.page\/fr\/secteurs\/"},{"@type":"ListItem","position":3,"name":"V\u00e9t\u00e9rinaire"}]},{"@type":"WebSite","@id":"https:\/\/brave-sutherland.217-18-163-79.plesk.page\/#website","url":"https:\/\/brave-sutherland.217-18-163-79.plesk.page\/","name":"Fumihogar","description":"Tratamientos fum\u00edgenos en seco","publisher":{"@id":"https:\/\/brave-sutherland.217-18-163-79.plesk.page\/#organization"},"potentialAction":[{"@type":"SearchAction","target":{"@type":"EntryPoint","urlTemplate":"https:\/\/brave-sutherland.217-18-163-79.plesk.page\/?s={search_term_string}"},"query-input":{"@type":"PropertyValueSpecification","valueRequired":true,"valueName":"search_term_string"}}],"inLanguage":"fr-FR"},{"@type":"Organization","@id":"https:\/\/brave-sutherland.217-18-163-79.plesk.page\/#organization","name":"Fumihogar","url":"https:\/\/brave-sutherland.217-18-163-79.plesk.page\/","logo":{"@type":"ImageObject","inLanguage":"fr-FR","@id":"https:\/\/brave-sutherland.217-18-163-79.plesk.page\/#\/schema\/logo\/image\/","url":"https:\/\/brave-sutherland.217-18-163-79.plesk.page\/wp-content\/uploads\/2024\/11\/FumiHogar-LogoNuevo.png","contentUrl":"https:\/\/brave-sutherland.217-18-163-79.plesk.page\/wp-content\/uploads\/2024\/11\/FumiHogar-LogoNuevo.png","width":400,"height":178,"caption":"Fumihogar"},"image":{"@id":"https:\/\/brave-sutherland.217-18-163-79.plesk.page\/#\/schema\/logo\/image\/"}}]}},"_links":{"self":[{"href":"https:\/\/brave-sutherland.217-18-163-79.plesk.page\/fr\/wp-json\/wp\/v2\/pages\/1876","targetHints":{"allow":["GET"]}}],"collection":[{"href":"https:\/\/brave-sutherland.217-18-163-79.plesk.page\/fr\/wp-json\/wp\/v2\/pages"}],"about":[{"href":"https:\/\/brave-sutherland.217-18-163-79.plesk.page\/fr\/wp-json\/wp\/v2\/types\/page"}],"author":[{"embeddable":true,"href":"https:\/\/brave-sutherland.217-18-163-79.plesk.page\/fr\/wp-json\/wp\/v2\/users\/1"}],"replies":[{"embeddable":true,"href":"https:\/\/brave-sutherland.217-18-163-79.plesk.page\/fr\/wp-json\/wp\/v2\/comments?post=1876"}],"version-history":[{"count":1,"href":"https:\/\/brave-sutherland.217-18-163-79.plesk.page\/fr\/wp-json\/wp\/v2\/pages\/1876\/revisions"}],"predecessor-version":[{"id":1880,"href":"https:\/\/brave-sutherland.217-18-163-79.plesk.page\/fr\/wp-json\/wp\/v2\/pages\/1876\/revisions\/1880"}],"up":[{"embeddable":true,"href":"https:\/\/brave-sutherland.217-18-163-79.plesk.page\/fr\/wp-json\/wp\/v2\/pages\/1933"}],"wp:attachment":[{"href":"https:\/\/brave-sutherland.217-18-163-79.plesk.page\/fr\/wp-json\/wp\/v2\/media?parent=1876"}],"curies":[{"name":"wp","href":"https:\/\/api.w.org\/{rel}","templated":true}]}}