{"id":1884,"date":"2025-03-11T10:33:22","date_gmt":"2025-03-11T10:33:22","guid":{"rendered":"https:\/\/brave-sutherland.217-18-163-79.plesk.page\/politique-en-matiere-de-cookies\/"},"modified":"2025-03-17T16:08:37","modified_gmt":"2025-03-17T16:08:37","slug":"politique-en-matiere-de-cookies","status":"publish","type":"page","link":"https:\/\/brave-sutherland.217-18-163-79.plesk.page\/fr\/politique-en-matiere-de-cookies\/","title":{"rendered":"Politique en mati\u00e8re de cookies"},"content":{"rendered":"\n<h4 class=\"wp-block-heading\"><br\/><strong>1.<\/strong><strong> QUOI<\/strong><strong>QU&rsquo;EST-CE QU&rsquo;UN BISCUIT ?<\/strong><\/h4>\n\n<p><strong>Fumi<\/strong><strong> Hogar, S.L.<\/strong> est responsable du site web https:\/\/fumihogar.es\/, et utilise des cookies et\/ou d&rsquo;autres fichiers ayant une fonctionnalit\u00e9 similaire (ci-apr\u00e8s \u00ab\u00a0Cookies\u00a0\u00bb).<\/p>\n\n<p>Un cookie est un fichier texte qu&rsquo;un site web, une application ou une autre plateforme enregistre sur votre appareil, tel que votre ordinateur, votre tablette ou votre smartphone. Les cookies sont n\u00e9cessaires pour faciliter la navigation et comprendre comment les utilisateurs interagissent avec les sites web, ce qui permet d&rsquo;apporter des am\u00e9liorations. Ils sont \u00e9galement utiles pour personnaliser la publicit\u00e9 en fonction de vos pr\u00e9f\u00e9rences et \u00e0 d&rsquo;autres fins d\u00e9taill\u00e9es ci-dessous. Les cookies n&rsquo;endommagent pas votre appareil.   <\/p>\n\n<p><strong>2.<\/strong><strong> TYPES DE COOKIES <\/strong> <\/p>\n\n<p>Cette section donne un aper\u00e7u des diff\u00e9rents types de cookies qui peuvent \u00eatre utilis\u00e9s dans un environnement en ligne.<\/p>\n\n<p>En fonction du propri\u00e9taire des cookies, ceux-ci peuvent \u00eatre class\u00e9s comme suit :<\/p>\n\n<p>a) Cookies de premi\u00e8re partie : ces cookies sont envoy\u00e9s \u00e0 l&rsquo;ordinateur ou au dispositif de l&rsquo;utilisateur \u00e0 partir de l&rsquo;\u00e9quipement ou du domaine g\u00e9r\u00e9 par l&rsquo;\u00e9diteur lui-m\u00eame, qui fournit le site web ou le service demand\u00e9 par l&rsquo;utilisateur.<\/p>\n\n<p>b) Cookies de tiers : ces cookies sont envoy\u00e9s \u00e0 l&rsquo;ordinateur ou au dispositif de l&rsquo;utilisateur \u00e0 partir d&rsquo;un ordinateur ou d&rsquo;un domaine qui n&rsquo;est pas g\u00e9r\u00e9 par l&rsquo;\u00e9diteur, mais par une autre entit\u00e9 qui traite les donn\u00e9es obtenues par le biais des cookies.<\/p>\n\n<p>En fonction de la finalit\u00e9 du cookie, ils peuvent \u00eatre class\u00e9s comme suit :<\/p>\n\n<p>&#8211; Les <strong>cookies strictement n\u00e9cessaires (techniques)<\/strong> sont ceux qui permettent \u00e0 l&rsquo;utilisateur de naviguer sur un site web, une plateforme ou une application et d&rsquo;utiliser les diff\u00e9rentes options ou services qui y sont propos\u00e9s. Ces cookies remplissent des fonctions essentielles, telles que le contr\u00f4le du trafic, l&rsquo;identification des donn\u00e9es ou des sessions, l&rsquo;acc\u00e8s \u00e0 des sections restreintes, la m\u00e9morisation des \u00e9l\u00e9ments d&rsquo;une commande, la gestion des paiements, la garantie de la s\u00e9curit\u00e9 du service, la participation \u00e0 des \u00e9v\u00e9nements, le stockage de contenus multim\u00e9dias et le partage de contenus sur les r\u00e9seaux sociaux. Ces cookies techniques sont automatiquement t\u00e9l\u00e9charg\u00e9s lors de l&rsquo;affichage du site web ou de la fourniture du service demand\u00e9 par l&rsquo;utilisateur.  <\/p>\n\n<p>&#8211; Les <strong>cookies de fonctionnalit\u00e9 ou de personnalisation<\/strong> sont ceux qui permettent de m\u00e9moriser des informations afin de fournir \u00e0 l&rsquo;utilisateur d&rsquo;un service ou d&rsquo;une plateforme des caract\u00e9ristiques sp\u00e9cifiques qui diff\u00e9rencient son exp\u00e9rience de celle des autres utilisateurs. Ces caract\u00e9ristiques peuvent inclure la langue, le nombre de r\u00e9sultats affich\u00e9s lors d&rsquo;une recherche, l&rsquo;apparence ou le contenu du service en fonction du navigateur utilis\u00e9 ou de la r\u00e9gion \u00e0 partir de laquelle le service est accessible, entre autres. Le fait de ne pas accepter ces cookies peut entra\u00eener une lenteur des performances du site web ou des recommandations inappropri\u00e9es.  <\/p>\n\n<p>&#8211; Les<strong>cookies analytiques<\/strong> sont utilis\u00e9s pour collecter des informations sur le nombre d&rsquo;utilisateurs, les sections visit\u00e9es sur le site web et leur interaction avec celui-ci. Ces donn\u00e9es sont utilis\u00e9es pour effectuer une analyse statistique de la mani\u00e8re dont les utilisateurs utilisent le service, dans le but d&rsquo;identifier les domaines \u00e0 am\u00e9liorer en fonction des sch\u00e9mas d&rsquo;utilisation. <\/p>\n\n<p>&#8211; <strong>Les cookies de publicit\u00e9 comportementale<\/strong> enregistrent et stockent des informations sur les habitudes de navigation des utilisateurs, ce qui facilite la cr\u00e9ation de profils sp\u00e9cifiques pour afficher des publicit\u00e9s personnalis\u00e9es. Ces cookies permettent une gestion efficace des espaces publicitaires que l&rsquo;\u00e9diteur a inclus, soit directement, soit en collaboration avec des tiers. <a><\/a><\/p>\n\n<p><strong>3.<\/strong><strong> OBJECTIF DES COOKIES SUR NOTRE SITE WEB<\/strong><\/p>\n\n<p>Les cookies jouent un r\u00f4le fondamental dans le fonctionnement de notre site web. Leur principal objectif est de rendre la navigation plus pratique et plus efficace. Par exemple, ils sont utilis\u00e9s pour m\u00e9moriser vos pr\u00e9f\u00e9rences pendant la navigation et lors de visites ult\u00e9rieures.    <\/p>\n\n<p>Ils nous aident \u00e9galement \u00e0 personnaliser la publicit\u00e9 en fonction de vos habitudes de navigation. Les informations collect\u00e9es par le biais des cookies nous permettent de r\u00e9aliser des estimations statistiques et des analyses d&rsquo;utilisation, telles que le nombre de visites et les rubriques les plus consult\u00e9es. Cela nous permet d&rsquo;am\u00e9liorer nos services et d&rsquo;adapter la plateforme \u00e0 vos int\u00e9r\u00eats personnels.    <\/p>\n\n<p>Nous utilisons parfois des cookies pour collecter des informations qui nous permettent d&rsquo;afficher de la publicit\u00e9 en fonction de vos habitudes de navigation sur notre plateforme et d&rsquo;autres plateformes tierces.<\/p>\n\n<p>Les tiers qui peuvent configurer des cookies sur votre ordinateur et y acc\u00e9der, ainsi que les fins auxquelles les informations qu&rsquo;ils stockent sont utilis\u00e9es, sont d\u00e9taill\u00e9s ci-dessous :<\/p>\n\n<p>(PERSONNALISATION ET CONFIGURATION DE LA BO\u00ceTE PAR LE PROGRAMMEUR EN INTRODUISANT LES COOKIES UTILIS\u00c9S PAR LE SITE)<\/p>\n\n<figure class=\"wp-block-table\"><table class=\"has-fixed-layout\"><tbody><tr><td><strong>OBJECTIF<\/strong><\/td><td><strong>TROISI\u00c8ME<\/strong><\/td><td><strong>PLUS D&rsquo;INFORMATIONS<\/strong><\/td><\/tr><tr><td>Analyse : Les cookies analytiques sont utilis\u00e9s<br\/>pour cr\u00e9er des profils de navigation et pour pouvoir<br\/>conna\u00eetre les pr\u00e9f\u00e9rences des utilisateurs avec<br\/>afin d&rsquo;am\u00e9liorer l&rsquo;offre de produits et de services.<\/td><td>Google<\/td><td><a href=\"https:\/\/developers.google.com\/analytics\/devguides\/collection\/analyticsjs\/cookie-usage\">Cliquez ici<\/a><\/td><\/tr><tr><td>R\u00e9seaux sociaux : ceux avec lesquels nous interagissons sur notre site web utilisent des cookies dans leurs boutons de partage. Nous n&rsquo;avons aucun droit d&rsquo;intervention, de contr\u00f4le ou de communication des r\u00e9sultats, qui rel\u00e8vent de la responsabilit\u00e9 de chaque r\u00e9seau social. Lorsque l&rsquo;utilisateur s&rsquo;inscrit \u00e0 un service avec des informations d&rsquo;identification d&rsquo;un r\u00e9seau social, il autorise le r\u00e9seau social \u00e0 stocker un cookie persistant qui se souvient de son identit\u00e9 et garantit l&rsquo;acc\u00e8s aux services jusqu&rsquo;\u00e0 ce qu&rsquo;il expire. L&rsquo;utilisateur peut supprimer ce cookie et r\u00e9voquer l&rsquo;acc\u00e8s aux services via les r\u00e9seaux sociaux en mettant \u00e0 jour ses pr\u00e9f\u00e9rences sur le r\u00e9seau social concern\u00e9.     <\/td><td>Facebook Connect<\/td><td><a href=\"https:\/\/www.facebook.com\/about\/privacy\">Cliquez ici<\/a><\/td><\/tr><\/tbody><\/table><\/figure>\n\n<p><strong>4.<\/strong><strong> GESTION DES COOKIES SUR NOTRE SITE WEB<\/strong><\/p>\n\n<p>Dans le panneau de configuration des cookies, auquel vous pouvez acc\u00e9der \u00e0 tout moment sur notre plateforme, vous trouverez des informations d\u00e9taill\u00e9es sur les cookies que nous utilisons. Il pr\u00e9cise leur finalit\u00e9, leur dur\u00e9e et qui les g\u00e8re (nous ou des tiers). Ce panneau vous permet de g\u00e9rer l&rsquo;activation et la d\u00e9sactivation des cookies qui ne sont pas strictement n\u00e9cessaires au fonctionnement de la plateforme, ainsi que de modifier votre consentement \u00e0 tout moment.    <\/p>\n\n<p>Vous pouvez acc\u00e9der aux param\u00e8tres en cliquant <strong>ici<\/strong>, pour modifier vos pr\u00e9f\u00e9rences ou retirer votre consentement (lien d&rsquo;activation).<\/p>\n\n<p>D&rsquo;autre part, vous avez \u00e9galement la possibilit\u00e9 de d\u00e9sactiver l&rsquo;utilisation des cookies dans votre navigateur lorsque vous naviguez sur Internet. Nous vous montrons ci-dessous comment effectuer ces r\u00e9glages dans les navigateurs les plus courants : <\/p>\n\n<p>&#8211; <a href=\"https:\/\/support.google.com\/chrome\/answer\/95647?co=GENIE.Platform=Desktop&amp;&amp;hl=es\"><strong>Google <\/strong><strong>Chromes<\/strong><\/a><\/p>\n\n<p>&#8211; <a href=\"https:\/\/support.mozilla.org\/es\/kb\/impedir-que-los-sitios-web-guarden-sus-preferencia\"><strong>Mozilla Firefox<\/strong><\/a><\/p>\n\n<p>&#8211; <a href=\"https:\/\/support.microsoft.com\/es-es\/help\/17442\/windows-internet-explorer-delete-manage-cookies\"><strong>Internet Explorer<\/strong><\/a><\/p>\n\n<p>&#8211; <a href=\"https:\/\/privacy.microsoft.com\/es-ES\/windows-10-microsoft-edge-and-privacy\"><strong>Microsoft <\/strong><strong>Bordure<\/strong><\/a><\/p>\n\n<p>&#8211; <a href=\"https:\/\/support.apple.com\/es-es\/HT201265\"><strong>Safari<\/strong><\/a><\/p>\n\n<p>&#8211; <a href=\"http:\/\/help.opera.com\/Linux\/10.60\/es-ES\/cookies.html\"><strong>Op\u00e9ra<\/strong><\/a><\/p>\n\n<p>Vous pouvez exercer cette option pour emp\u00eacher l&rsquo;utilisation des cookies \u00e0 tout moment. Veuillez noter que la gestion du panneau de configuration des cookies et la possibilit\u00e9 de les refuser sont sp\u00e9cifiques \u00e0 chaque navigateur que vous utilisez.   <\/p>\n\n<p>Par cons\u00e9quent, si vous param\u00e9trez les cookies d&rsquo;une certaine mani\u00e8re sur un appareil et que vous souhaitez que ce param\u00e8tre s&rsquo;applique de la m\u00eame mani\u00e8re sur un autre appareil, vous devrez activer le m\u00eame param\u00e8tre sur cet autre appareil.<\/p>\n\n<p>L&rsquo;utilisateur doit tenir compte du fait que certaines fonctionnalit\u00e9s du contenu de notre site Web ne sont disponibles que si l&rsquo;installation de cookies dans votre navigateur est autoris\u00e9e. Si vous d\u00e9cidez de ne pas accepter ou de bloquer certains cookies (en fonction de leur finalit\u00e9), cela peut affecter, en tout ou en partie, le fonctionnement normal du site web ou emp\u00eacher l&rsquo;acc\u00e8s \u00e0 certains de ses services. <\/p>\n\n<p><strong>5.<\/strong><strong> UTILISATION DES INFORMATIONS STOCK\u00c9ES DANS LES COOKIES<\/strong><\/p>\n\n<p>Les informations stock\u00e9es dans les cookies de notre site web sont utilis\u00e9es uniquement par nous. Toutefois, certains cookies de tiers, g\u00e9r\u00e9s par des entit\u00e9s externes, peuvent \u00eatre utilis\u00e9s pour nous fournir des services suppl\u00e9mentaires. Pour plus de d\u00e9tails, veuillez consulter notre panneau de configuration des cookies, accessible \u00e0 tout moment sur notre site web.  <\/p>\n\n<p>Nous vous sugg\u00e9rons de consulter notre politique de confidentialit\u00e9 sur notre site web pour obtenir des informations d\u00e9taill\u00e9es sur la mani\u00e8re dont vos donn\u00e9es personnelles sont trait\u00e9es dans le cadre de notre collaboration avec des tiers, ainsi que dans le cadre de transferts internationaux de donn\u00e9es. En outre, nous vous recommandons de consulter les politiques de confidentialit\u00e9 et les param\u00e8tres de confidentialit\u00e9 de ces partenaires tiers sur leurs propres plateformes. <\/p>\n\n<p><strong>6.<\/strong><strong> MISES A JOUR ET MODIFICATIONS DE LA POLITIQUE EN MATIERE DE COOKIES<\/strong><\/p>\n\n<p><strong>Fumi<\/strong><strong> <\/strong><strong>Hogar, S.L.<\/strong> peut modifier cette politique de cookies conform\u00e9ment aux nouvelles exigences l\u00e9gislatives ou r\u00e9glementaires, ou afin d&rsquo;adapter ladite politique aux instructions \u00e9mises par l&rsquo;Agence espagnole de protection des donn\u00e9es.<\/p>\n\n<p>Si vous souhaitez obtenir plus d&rsquo;informations sur la mani\u00e8re dont nous utilisons les cookies, vous pouvez envoyer un courrier \u00e9lectronique \u00e0 l&rsquo;adresse suivante : fumi-hogar@fumi-hogar.com<\/p>\n","protected":false},"excerpt":{"rendered":"<p>1. QUOIQU&rsquo;EST-CE QU&rsquo;UN BISCUIT ? Fumi Hogar, S.L. est responsable du site web https:\/\/fumihogar.es\/, et utilise des cookies et\/ou d&rsquo;autres fichiers ayant une fonctionnalit\u00e9 similaire (ci-apr\u00e8s \u00ab\u00a0Cookies\u00a0\u00bb). Un cookie est un fichier texte qu&rsquo;un site web, une application ou une autre plateforme enregistre sur votre appareil, tel que votre ordinateur, votre tablette ou votre smartphone. [&hellip;]<\/p>\n","protected":false},"author":1,"featured_media":0,"parent":0,"menu_order":9,"comment_status":"closed","ping_status":"closed","template":"","meta":{"footnotes":""},"class_list":["post-1884","page","type-page","status-publish","hentry"],"yoast_head":"<!-- This site is optimized with the Yoast SEO plugin v24.6 - https:\/\/yoast.com\/wordpress\/plugins\/seo\/ -->\n<title>Politique en mati\u00e8re de cookies | FumiHogar<\/title>\n<meta name=\"description\" content=\"D\u00e9couvrez comment FumiHogar utilise les cookies pour am\u00e9liorer votre exp\u00e9rience et en savoir plus sur la politique de confidentialit\u00e9 et la gestion des donn\u00e9es.\" \/>\n<meta name=\"robots\" content=\"index, follow, max-snippet:-1, max-image-preview:large, max-video-preview:-1\" \/>\n<link rel=\"canonical\" href=\"https:\/\/brave-sutherland.217-18-163-79.plesk.page\/fr\/politique-en-matiere-de-cookies\/\" \/>\n<meta property=\"og:locale\" content=\"fr_FR\" \/>\n<meta property=\"og:type\" content=\"article\" \/>\n<meta property=\"og:title\" content=\"Politique en mati\u00e8re de cookies | FumiHogar\" \/>\n<meta property=\"og:description\" content=\"D\u00e9couvrez comment FumiHogar utilise les cookies pour am\u00e9liorer votre exp\u00e9rience et en savoir plus sur la politique de confidentialit\u00e9 et la gestion des donn\u00e9es.\" \/>\n<meta property=\"og:url\" content=\"https:\/\/brave-sutherland.217-18-163-79.plesk.page\/fr\/politique-en-matiere-de-cookies\/\" \/>\n<meta property=\"og:site_name\" content=\"Fumihogar\" \/>\n<meta property=\"article:modified_time\" content=\"2025-03-17T16:08:37+00:00\" \/>\n<meta name=\"twitter:card\" content=\"summary_large_image\" \/>\n<meta name=\"twitter:label1\" content=\"Dur\u00e9e de lecture estim\u00e9e\" \/>\n\t<meta name=\"twitter:data1\" content=\"7 minutes\" \/>\n<script type=\"application\/ld+json\" class=\"yoast-schema-graph\">{\"@context\":\"https:\/\/schema.org\",\"@graph\":[{\"@type\":\"WebPage\",\"@id\":\"https:\/\/brave-sutherland.217-18-163-79.plesk.page\/fr\/politique-en-matiere-de-cookies\/\",\"url\":\"https:\/\/brave-sutherland.217-18-163-79.plesk.page\/fr\/politique-en-matiere-de-cookies\/\",\"name\":\"Politique en mati\u00e8re de cookies | FumiHogar\",\"isPartOf\":{\"@id\":\"https:\/\/brave-sutherland.217-18-163-79.plesk.page\/#website\"},\"datePublished\":\"2025-03-11T10:33:22+00:00\",\"dateModified\":\"2025-03-17T16:08:37+00:00\",\"description\":\"D\u00e9couvrez comment FumiHogar utilise les cookies pour am\u00e9liorer votre exp\u00e9rience et en savoir plus sur la politique de confidentialit\u00e9 et la gestion des donn\u00e9es.\",\"breadcrumb\":{\"@id\":\"https:\/\/brave-sutherland.217-18-163-79.plesk.page\/fr\/politique-en-matiere-de-cookies\/#breadcrumb\"},\"inLanguage\":\"fr-FR\",\"potentialAction\":[{\"@type\":\"ReadAction\",\"target\":[\"https:\/\/brave-sutherland.217-18-163-79.plesk.page\/fr\/politique-en-matiere-de-cookies\/\"]}]},{\"@type\":\"BreadcrumbList\",\"@id\":\"https:\/\/brave-sutherland.217-18-163-79.plesk.page\/fr\/politique-en-matiere-de-cookies\/#breadcrumb\",\"itemListElement\":[{\"@type\":\"ListItem\",\"position\":1,\"name\":\"Portada\",\"item\":\"https:\/\/brave-sutherland.217-18-163-79.plesk.page\/fr\/accueil\/\"},{\"@type\":\"ListItem\",\"position\":2,\"name\":\"Politique en mati\u00e8re de cookies\"}]},{\"@type\":\"WebSite\",\"@id\":\"https:\/\/brave-sutherland.217-18-163-79.plesk.page\/#website\",\"url\":\"https:\/\/brave-sutherland.217-18-163-79.plesk.page\/\",\"name\":\"Fumihogar\",\"description\":\"Tratamientos fum\u00edgenos en seco\",\"publisher\":{\"@id\":\"https:\/\/brave-sutherland.217-18-163-79.plesk.page\/#organization\"},\"potentialAction\":[{\"@type\":\"SearchAction\",\"target\":{\"@type\":\"EntryPoint\",\"urlTemplate\":\"https:\/\/brave-sutherland.217-18-163-79.plesk.page\/?s={search_term_string}\"},\"query-input\":{\"@type\":\"PropertyValueSpecification\",\"valueRequired\":true,\"valueName\":\"search_term_string\"}}],\"inLanguage\":\"fr-FR\"},{\"@type\":\"Organization\",\"@id\":\"https:\/\/brave-sutherland.217-18-163-79.plesk.page\/#organization\",\"name\":\"Fumihogar\",\"url\":\"https:\/\/brave-sutherland.217-18-163-79.plesk.page\/\",\"logo\":{\"@type\":\"ImageObject\",\"inLanguage\":\"fr-FR\",\"@id\":\"https:\/\/brave-sutherland.217-18-163-79.plesk.page\/#\/schema\/logo\/image\/\",\"url\":\"https:\/\/brave-sutherland.217-18-163-79.plesk.page\/wp-content\/uploads\/2024\/11\/FumiHogar-LogoNuevo.png\",\"contentUrl\":\"https:\/\/brave-sutherland.217-18-163-79.plesk.page\/wp-content\/uploads\/2024\/11\/FumiHogar-LogoNuevo.png\",\"width\":400,\"height\":178,\"caption\":\"Fumihogar\"},\"image\":{\"@id\":\"https:\/\/brave-sutherland.217-18-163-79.plesk.page\/#\/schema\/logo\/image\/\"}}]}<\/script>\n<!-- \/ Yoast SEO plugin. -->","yoast_head_json":{"title":"Politique en mati\u00e8re de cookies | FumiHogar","description":"D\u00e9couvrez comment FumiHogar utilise les cookies pour am\u00e9liorer votre exp\u00e9rience et en savoir plus sur la politique de confidentialit\u00e9 et la gestion des donn\u00e9es.","robots":{"index":"index","follow":"follow","max-snippet":"max-snippet:-1","max-image-preview":"max-image-preview:large","max-video-preview":"max-video-preview:-1"},"canonical":"https:\/\/brave-sutherland.217-18-163-79.plesk.page\/fr\/politique-en-matiere-de-cookies\/","og_locale":"fr_FR","og_type":"article","og_title":"Politique en mati\u00e8re de cookies | FumiHogar","og_description":"D\u00e9couvrez comment FumiHogar utilise les cookies pour am\u00e9liorer votre exp\u00e9rience et en savoir plus sur la politique de confidentialit\u00e9 et la gestion des donn\u00e9es.","og_url":"https:\/\/brave-sutherland.217-18-163-79.plesk.page\/fr\/politique-en-matiere-de-cookies\/","og_site_name":"Fumihogar","article_modified_time":"2025-03-17T16:08:37+00:00","twitter_card":"summary_large_image","twitter_misc":{"Dur\u00e9e de lecture estim\u00e9e":"7 minutes"},"schema":{"@context":"https:\/\/schema.org","@graph":[{"@type":"WebPage","@id":"https:\/\/brave-sutherland.217-18-163-79.plesk.page\/fr\/politique-en-matiere-de-cookies\/","url":"https:\/\/brave-sutherland.217-18-163-79.plesk.page\/fr\/politique-en-matiere-de-cookies\/","name":"Politique en mati\u00e8re de cookies | FumiHogar","isPartOf":{"@id":"https:\/\/brave-sutherland.217-18-163-79.plesk.page\/#website"},"datePublished":"2025-03-11T10:33:22+00:00","dateModified":"2025-03-17T16:08:37+00:00","description":"D\u00e9couvrez comment FumiHogar utilise les cookies pour am\u00e9liorer votre exp\u00e9rience et en savoir plus sur la politique de confidentialit\u00e9 et la gestion des donn\u00e9es.","breadcrumb":{"@id":"https:\/\/brave-sutherland.217-18-163-79.plesk.page\/fr\/politique-en-matiere-de-cookies\/#breadcrumb"},"inLanguage":"fr-FR","potentialAction":[{"@type":"ReadAction","target":["https:\/\/brave-sutherland.217-18-163-79.plesk.page\/fr\/politique-en-matiere-de-cookies\/"]}]},{"@type":"BreadcrumbList","@id":"https:\/\/brave-sutherland.217-18-163-79.plesk.page\/fr\/politique-en-matiere-de-cookies\/#breadcrumb","itemListElement":[{"@type":"ListItem","position":1,"name":"Portada","item":"https:\/\/brave-sutherland.217-18-163-79.plesk.page\/fr\/accueil\/"},{"@type":"ListItem","position":2,"name":"Politique en mati\u00e8re de cookies"}]},{"@type":"WebSite","@id":"https:\/\/brave-sutherland.217-18-163-79.plesk.page\/#website","url":"https:\/\/brave-sutherland.217-18-163-79.plesk.page\/","name":"Fumihogar","description":"Tratamientos fum\u00edgenos en seco","publisher":{"@id":"https:\/\/brave-sutherland.217-18-163-79.plesk.page\/#organization"},"potentialAction":[{"@type":"SearchAction","target":{"@type":"EntryPoint","urlTemplate":"https:\/\/brave-sutherland.217-18-163-79.plesk.page\/?s={search_term_string}"},"query-input":{"@type":"PropertyValueSpecification","valueRequired":true,"valueName":"search_term_string"}}],"inLanguage":"fr-FR"},{"@type":"Organization","@id":"https:\/\/brave-sutherland.217-18-163-79.plesk.page\/#organization","name":"Fumihogar","url":"https:\/\/brave-sutherland.217-18-163-79.plesk.page\/","logo":{"@type":"ImageObject","inLanguage":"fr-FR","@id":"https:\/\/brave-sutherland.217-18-163-79.plesk.page\/#\/schema\/logo\/image\/","url":"https:\/\/brave-sutherland.217-18-163-79.plesk.page\/wp-content\/uploads\/2024\/11\/FumiHogar-LogoNuevo.png","contentUrl":"https:\/\/brave-sutherland.217-18-163-79.plesk.page\/wp-content\/uploads\/2024\/11\/FumiHogar-LogoNuevo.png","width":400,"height":178,"caption":"Fumihogar"},"image":{"@id":"https:\/\/brave-sutherland.217-18-163-79.plesk.page\/#\/schema\/logo\/image\/"}}]}},"_links":{"self":[{"href":"https:\/\/brave-sutherland.217-18-163-79.plesk.page\/fr\/wp-json\/wp\/v2\/pages\/1884","targetHints":{"allow":["GET"]}}],"collection":[{"href":"https:\/\/brave-sutherland.217-18-163-79.plesk.page\/fr\/wp-json\/wp\/v2\/pages"}],"about":[{"href":"https:\/\/brave-sutherland.217-18-163-79.plesk.page\/fr\/wp-json\/wp\/v2\/types\/page"}],"author":[{"embeddable":true,"href":"https:\/\/brave-sutherland.217-18-163-79.plesk.page\/fr\/wp-json\/wp\/v2\/users\/1"}],"replies":[{"embeddable":true,"href":"https:\/\/brave-sutherland.217-18-163-79.plesk.page\/fr\/wp-json\/wp\/v2\/comments?post=1884"}],"version-history":[{"count":1,"href":"https:\/\/brave-sutherland.217-18-163-79.plesk.page\/fr\/wp-json\/wp\/v2\/pages\/1884\/revisions"}],"predecessor-version":[{"id":1885,"href":"https:\/\/brave-sutherland.217-18-163-79.plesk.page\/fr\/wp-json\/wp\/v2\/pages\/1884\/revisions\/1885"}],"wp:attachment":[{"href":"https:\/\/brave-sutherland.217-18-163-79.plesk.page\/fr\/wp-json\/wp\/v2\/media?parent=1884"}],"curies":[{"name":"wp","href":"https:\/\/api.w.org\/{rel}","templated":true}]}}