{"id":1903,"date":"2024-11-22T13:13:14","date_gmt":"2024-11-22T13:13:14","guid":{"rendered":"https:\/\/brave-sutherland.217-18-163-79.plesk.page\/politique-de-confidentialite\/"},"modified":"2025-03-17T16:09:26","modified_gmt":"2025-03-17T16:09:26","slug":"politique-de-confidentialite","status":"publish","type":"page","link":"https:\/\/brave-sutherland.217-18-163-79.plesk.page\/fr\/politique-de-confidentialite\/","title":{"rendered":"Politique de confidentialit\u00e9"},"content":{"rendered":"\n<h2 class=\"wp-block-heading\">FumiHogar<\/h2>\n\n<p>Ce texte juridique d\u00e9taille la mani\u00e8re dont nous collectons et traitons vos donn\u00e9es personnelles dans le cadre de votre utilisation de notre site web https:\/\/fumihogar.es\/, y compris toute information que vous pouvez nous fournir par le biais du site lorsque vous fournissez vos donn\u00e9es par le biais du formulaire pr\u00e9vu \u00e0 cet effet.  <\/p>\n\n<p>Lorsque vous nous fournissez vos donn\u00e9es, nous vous informons que nos services ne sont pas possibles pour les personnes qui ne sont pas en mesure de donner leur consentement, de sorte que lorsque vous nous envoyez les formulaires, vous garantissez que vous avez la capacit\u00e9 suffisante pour donner votre consentement.  <\/p>\n\n<p>Nous vous informons ci-dessous de la politique de protection des donn\u00e9es de : <strong>Fumi<\/strong><strong> Hogar, S.L<\/strong><\/p>\n\n<p><strong>1. le contr\u00f4leur des donn\u00e9es.<\/strong><\/p>\n\n<p>Coordonn\u00e9es de la personne responsable :  <\/p>\n\n<p><strong>Fumi<\/strong><strong> Hogar, S.L., <\/strong>CIF : B92963024, adresse : Avenida<strong> Ortega <\/strong>y Gasset<strong>, <\/strong>n\u00ba 268, Pol\u00edgono Industrial el Viso 29006 M\u00e1laga : Avenida Ortega y Gasset, n\u00ba 268, Pol\u00edgono Industrial el Viso 29006 M\u00e1laga et t\u00e9l\u00e9phone : 952338600. Courriel : fumi-hogar@fumi-hogar.com  <\/p>\n\n<p>Inscrit au registre du commerce de Malaga, le 20 septembre 2006, au volume 1185, livre 98, folio 110, section 8, page MA 4359, I\/A 7.<\/p>\n\n<p><strong>Fumi<\/strong><strong> Hogar, S.L.<\/strong>, est responsable de vos donn\u00e9es (ci-apr\u00e8s \u00ab\u00a0nous\u00a0\u00bb ou \u00ab\u00a0notre\u00a0\u00bb). <strong><\/strong><\/p>\n\n<p><strong>2. quelles sont les donn\u00e9es collect\u00e9es ?  <\/strong><\/p>\n\n<p>Le r\u00e8glement g\u00e9n\u00e9ral sur la protection des donn\u00e9es d\u00e9finit les <strong>donn\u00e9es \u00e0 caract\u00e8re personnel<\/strong> comme toute information relative \u00e0 une personne physique identifi\u00e9e ou identifiable, c&rsquo;est-\u00e0-dire toute information permettant d&rsquo;identifier une personne. Cela n&rsquo;inclut pas les donn\u00e9es anonymes, ni les donn\u00e9es en pourcentage.   <\/p>\n\n<p>Les donn\u00e9es personnelles qui pourraient \u00eatre collect\u00e9es directement aupr\u00e8s de l&rsquo;int\u00e9ress\u00e9 seront trait\u00e9es de mani\u00e8re confidentielle et seront incorpor\u00e9es aux activit\u00e9s de traitement correspondantes, propri\u00e9t\u00e9 de <strong>Fumi<\/strong><strong> Hogar, S.L.<\/strong><\/p>\n\n<p>Nous pouvons traiter certains types de donn\u00e9es \u00e0 caract\u00e8re personnel sur notre site web :<\/p>\n\n<p>&#8211; Donn\u00e9es d&rsquo;identit\u00e9 : nom,  <\/p>\n\n<p>&#8211; Coordonn\u00e9es : courriel et t\u00e9l\u00e9phone.<\/p>\n\n<p>Nous ne collectons aucune donn\u00e9e relative \u00e0 des cat\u00e9gories particuli\u00e8res de donn\u00e9es \u00e0 caract\u00e8re personnel (donn\u00e9es r\u00e9v\u00e9lant l&rsquo;origine raciale ou ethnique, les opinions politiques, les convictions religieuses ou philosophiques, l&rsquo;appartenance syndicale et les informations relatives \u00e0 la sant\u00e9, les donn\u00e9es g\u00e9n\u00e9tiques ou biom\u00e9triques).  <\/p>\n\n<p>Si vous \u00eates tenu de collecter des donn\u00e9es \u00e0 caract\u00e8re personnel en vertu de la loi ou d&rsquo;un contrat conclu entre nous et que vous refusez de les fournir, il se peut que nous ne soyons pas en mesure de conclure ce contrat ou de fournir le service et vous devez nous en informer \u00e0 l&rsquo;avance.  <\/p>\n\n<p><strong>3. comment recueillons-nous vos donn\u00e9es personnelles ?  <\/strong><\/p>\n\n<p>Les moyens que nous utilisons pour collecter les donn\u00e9es personnelles sont les suivants :<\/p>\n\n<p>&#8211; <strong>Par le biais du formulaire sur notre site web, par notre courriel de contact, par t\u00e9l\u00e9phone ou par courrier,<\/strong><strong>lorsque :<\/strong><\/p>\n\n<p><strong>o <\/strong>Demander des informations sur nos produits ou services<\/p>\n\n<p>Afin de garantir la qualit\u00e9 de notre site, nous nous r\u00e9servons le droit de <strong>refuser toute demande d&rsquo;enregistrement<\/strong> ou de suspendre ou d&rsquo;annuler un enregistrement pr\u00e9c\u00e9demment accept\u00e9 si nous estimons qu&rsquo;il n&rsquo;est pas conforme \u00e0 ces exigences ou \u00e0 toute autre loi ou r\u00e9glementation. Dans ce cas, nous nous efforcerons de motiver notre d\u00e9cision, mais nous ne pouvons pas nous engager \u00e0 le faire dans tous les cas. <\/p>\n\n<p>&#8211; <strong>Par le biais de la technologie ou d&rsquo;interactions automatis\u00e9es<\/strong>: sur notre site, nous pouvons collecter automatiquement des donn\u00e9es techniques sur votre ordinateur, vos actions de navigation et vos habitudes d&rsquo;utilisation. Ces donn\u00e9es sont collect\u00e9es par le biais de cookies ou de technologies similaires. Pour plus d&rsquo;informations, veuillez consulter notre politique en mati\u00e8re de cookies ici (lien).  <\/p>\n\n<p>&#8211; <strong>Par l&rsquo;interm\u00e9diaire de tiers :<\/strong><\/p>\n\n<p><strong>o <\/strong><strong>Google : <\/strong>donn\u00e9es analytiques ou donn\u00e9es de recherche. En dehors de l&rsquo;Union europ\u00e9enne. <\/p>\n\n<p><strong>4. Finalit\u00e9 et l\u00e9gitimit\u00e9 de l&rsquo;utilisation de vos donn\u00e9es.  <\/strong><\/p>\n\n<p>Les utilisations les plus courantes de vos donn\u00e9es personnelles sont les suivantes :<\/p>\n\n<p>&#8211; Pour la formalisation d&rsquo;un contrat entre <strong>Fumi<\/strong><strong> Hogar, S.L.<\/strong> et vous.<\/p>\n\n<p>&#8211; Lorsque vous consentez au traitement de vos donn\u00e9es.<\/p>\n\n<p>&#8211; lorsque nous en avons besoin pour nous conformer \u00e0 une obligation l\u00e9gale ou r\u00e9glementaire.<\/p>\n\n<p>&#8211; Lorsque cela est n\u00e9cessaire pour notre int\u00e9r\u00eat l\u00e9gitime ou celui d&rsquo;un tiers.  <\/p>\n\n<p>L&rsquo;utilisateur peut r\u00e9voquer le consentement donn\u00e9 \u00e0 tout moment en envoyant un e-mail \u00e0 fumi-hogar@fumi-hogar.com ou en consultant la section relative \u00e0 l&rsquo;exercice des droits ci-dessous.<\/p>\n\n<p>Vous trouverez ci-dessous un tableau indiquant la mani\u00e8re dont nous utiliserons vos donn\u00e9es \u00e0 caract\u00e8re personnel et la l\u00e9galit\u00e9 de cette utilisation, ainsi que les donn\u00e9es \u00e0 caract\u00e8re personnel que nous traiterons. Il se peut que nous traitions certaines donn\u00e9es personnelles pour d&rsquo;autres raisons l\u00e9gales, veuillez donc envoyer un courriel \u00e0 fumi-hogar@fumi-hogar.com si vous avez besoin de d\u00e9tails. <\/p>\n\n<figure class=\"wp-block-table\"><table class=\"has-fixed-layout\"><tbody><tr><td><strong>Formulaire<\/strong><\/td><td><strong>Objectif<\/strong><\/td><td><strong>Type de donn\u00e9es<\/strong><\/td><td><strong>L\u00e9gitimit\u00e9 du traitement<\/strong><\/td><\/tr><tr><td>Contact<\/td><td>L&rsquo;objectif est de g\u00e9rer les contacts et les demandes d&rsquo;information re\u00e7us via le web.<\/td><td>&#8211; Nom &#8211; Courriel &#8211; T\u00e9l\u00e9phone  <\/td><td>Consentement de la personne concern\u00e9e (art. 6.1.a GDPR) Mesures pr\u00e9contractuelles (art. 6.1.b GDPR) Le traitement est n\u00e9cessaire aux fins des int\u00e9r\u00eats l\u00e9gitimes poursuivis par le responsable du traitement (art. 6.1.f GDPR)<\/td><\/tr><\/tbody><\/table><\/figure>\n\n<p><strong>Finalit\u00e9<\/strong>: nous n&rsquo;utiliserons vos donn\u00e9es qu&rsquo;aux fins pour lesquelles nous les avons collect\u00e9es, sauf si nous estimons raisonnablement que nous devrions les utiliser pour une autre raison, \u00e0 condition que nous vous en informions \u00e0 l&rsquo;avance afin que vous soyez au courant de la raison l\u00e9gale du traitement et que la finalit\u00e9 soit compatible avec la finalit\u00e9 d&rsquo;origine.  <\/p>\n\n<p><strong>5. combien de temps conserverons-nous vos donn\u00e9es ?<\/strong><\/p>\n\n<p>Elles seront conserv\u00e9es pendant la dur\u00e9e n\u00e9cessaire \u00e0 la r\u00e9alisation de l&rsquo;objectif pour lequel elles ont \u00e9t\u00e9 collect\u00e9es et \u00e0 la d\u00e9termination de toute responsabilit\u00e9 \u00e9ventuelle pouvant d\u00e9couler de cet objectif et du traitement des donn\u00e9es. Les dispositions des diff\u00e9rents r\u00e8glements concernant la p\u00e9riode de conservation s&rsquo;appliquent, dans la mesure o\u00f9 elles sont applicables \u00e0 ce traitement. <\/p>\n\n<p><strong>Donn\u00e9es relatives aux abonn\u00e9s par courrier \u00e9lectronique ou formulaire<\/strong>: \u00e0 partir du moment o\u00f9 l&rsquo;utilisateur s&rsquo;inscrit jusqu&rsquo;\u00e0 ce qu&rsquo;il se d\u00e9sinscrive.  <\/p>\n\n<p><strong>6. Mineurs.<\/strong><\/p>\n\n<p><strong>Fumi<\/strong><strong> Hogar, S.L. <\/strong>n&rsquo;autorise pas les mineurs de moins de 14 ans \u00e0 fournir leurs donn\u00e9es personnelles par le biais des moyens mis \u00e0 disposition sur ce site web (remplissage de formulaires web de demande de services, contact ou envoi de courriers \u00e9lectroniques). Par cons\u00e9quent, les personnes qui fournissent des donn\u00e9es personnelles par ces moyens d\u00e9clarent formellement qu&rsquo;elles ont plus de 14 ans et <strong>Fumi<\/strong><strong> Hogar, S.L.<\/strong> est exempt\u00e9e de toute responsabilit\u00e9 en cas de non-respect de cette exigence. <\/p>\n\n<p>  <br\/>Si votre enfant n&rsquo;ayant pas atteint l&rsquo;\u00e2ge limite a fourni des informations personnelles \u00e0 <strong>Fumi<\/strong><strong> Hogar, S.L., veuillez contacter Fumi Hogar, S.L.<\/strong> pour demander l&rsquo;exercice de vos droits applicables.<\/p>\n\n<p>Dans les cas o\u00f9 les services offerts par <strong>Fumi<\/strong><strong> Hogar, S.L.<\/strong> sont destin\u00e9s \u00e0 des mineurs de moins de 14 ans, les moyens seront mis en \u0153uvre pour obtenir l&rsquo;autorisation des parents ou des tuteurs l\u00e9gaux du mineur.<\/p>\n\n<p><strong>7. Exercice des droits de protection des donn\u00e9es <\/strong><strong>droits \u00e0 la protection des donn\u00e9es :<\/strong><\/p>\n\n<p><strong>Comment<\/strong><strong> exercer ces droits ?<\/strong> L&rsquo;utilisateur peut envoyer une communication au si\u00e8ge social de <strong>Fumi<\/strong><strong> Hogar, S.L.<\/strong> ou \u00e0 l&rsquo;adresse \u00e9lectronique fumi-hogar@fumi-hogar.com, en joignant dans les deux cas une photocopie de sa carte d&rsquo;identit\u00e9 ou d&rsquo;un autre document d&rsquo;identification similaire, pour demander l&rsquo;exercice des droits suivants :<\/p>\n\n<p>&#8211; <strong>Acc\u00e8s \u00e0<\/strong> vos donn\u00e9es personnelles : vous pouvez demander \u00e0 <strong>Fumi<\/strong><strong> Hogar, S.L.<\/strong> si elle utilise vos donn\u00e9es personnelles.<\/p>\n\n<p>&#8211; de demander leur <strong>rectification<\/strong>, si elles ne sont pas correctes, ou d&rsquo;exercer le <strong>droit \u00e0 l&rsquo;oubli<\/strong>\u00e0 leur \u00e9gard.<\/p>\n\n<p>&#8211; Pour demander la <strong>limitation du traitement<\/strong>, dans ce cas, elles ne seront conserv\u00e9es par <strong>Fumi<\/strong><strong> Hogar, S.L.<\/strong> que pour l&rsquo;exercice ou la d\u00e9fense de r\u00e9clamations.<\/p>\n\n<p>&#8211; S <strong>&lsquo;opposer au<\/strong> traitement : <strong>Fumi<\/strong><strong> Hogar, S.L.<\/strong> cessera de traiter les donn\u00e9es de la mani\u00e8re que vous avez indiqu\u00e9e, \u00e0 moins que pour des raisons l\u00e9gitimes ou pour l&rsquo;exercice ou la d\u00e9fense d&rsquo;\u00e9ventuelles r\u00e9clamations, celles-ci doivent continuer \u00e0 \u00eatre trait\u00e9es.<\/p>\n\n<p>&#8211; \u00c0 la <strong>portabilit\u00e9 des <\/strong>donn\u00e9es : dans le cas o\u00f9 vous souhaiteriez que vos donn\u00e9es soient trait\u00e9es par une autre entreprise, <strong>Fumi<\/strong><strong> Hogar, S.L.<\/strong> facilitera la portabilit\u00e9 de vos donn\u00e9es vers le nouveau responsable du traitement.  <\/p>\n\n<p>Vous pouvez utiliser les formulaires mis \u00e0 votre disposition par l&rsquo;Agence espagnole de protection des donn\u00e9es pour exercer les droits susmentionn\u00e9s : <a href=\"https:\/\/www.aepd.es\/reglamento\/derechos\/index.html\">Ici <\/a> <\/p>\n\n<p>R\u00e9clamation aupr\u00e8s de l&rsquo;AEPD : si vous consid\u00e9rez qu&rsquo;il y a un probl\u00e8me avec la mani\u00e8re dont <strong>FumiHogar<\/strong><strong>, S.L.<\/strong> traite vos donn\u00e9es, vous pouvez adresser vos r\u00e9clamations<strong> <\/strong>\u00e0 l&rsquo;autorit\u00e9 de contr\u00f4le correspondante, \u00e9tant en Espagne, la comp\u00e9tente pour cela : <a href=\"https:\/\/sedeagpd.gob.es\/sede-electronica-web\/vistas\/formNuevaReclamacion\/solicitudReclamacion.jsf;jsessionid=5085E2038B4210818633610065963C3E\">Agence espagnole de protection des donn\u00e9es.<\/a><\/p>\n\n<p>Nous vous demanderons des informations sp\u00e9cifiques pour nous aider \u00e0 confirmer votre identit\u00e9 et pour garantir votre droit d&rsquo;acc\u00e9der \u00e0 vos donn\u00e9es personnelles (ou d&rsquo;exercer l&rsquo;un des autres droits mentionn\u00e9s ci-dessus). Il s&rsquo;agit d&rsquo;une mesure de s\u00e9curit\u00e9 visant \u00e0 garantir que les donn\u00e9es \u00e0 caract\u00e8re personnel ne sont pas divulgu\u00e9es \u00e0 des personnes qui ne sont pas habilit\u00e9es \u00e0 les recevoir.   <\/p>\n\n<p>Toutes les demandes seront trait\u00e9es dans le d\u00e9lai l\u00e9gal d&rsquo;un mois. Toutefois, ce d\u00e9lai peut \u00eatre d\u00e9pass\u00e9 si votre demande est particuli\u00e8rement complexe. Dans ce cas, nous vous en informerons et vous tiendrons au courant.    <\/p>\n\n<p><strong>8. Communication de donn\u00e9es : prestation de services.<\/strong><\/p>\n\n<p>Il est possible que, dans le cadre de notre travail, nous ayons besoin de l&rsquo;assistance de tiers, qui ne traiteront les donn\u00e9es que pour fournir le service contract\u00e9, et avec lesquels nous avons mis en place les mesures correspondantes pour garantir vos droits :<\/p>\n\n<p>&#8211; Prestataires de services fournissant des services de technologie de l&rsquo;information et de gestion des syst\u00e8mes.<\/p>\n\n<p>&#8211; Les conseillers professionnels, y compris les avocats, les auditeurs et les assureurs, qui fournissent des services de conseil en mati\u00e8re de banque, de droit, d&rsquo;assurance et de comptabilit\u00e9.<\/p>\n\n<p>Tous les sous-traitants auxquels nous transf\u00e9rons vos donn\u00e9es respecteront la s\u00e9curit\u00e9 de vos donn\u00e9es personnelles et les traiteront conform\u00e9ment au GDPR.  <\/p>\n\n<p>Nous n&rsquo;autorisons ces prestataires de services \u00e0 traiter vos donn\u00e9es qu&rsquo;\u00e0 des fins sp\u00e9cifiques et conform\u00e9ment \u00e0 nos instructions. Toutefois, afin de respecter les exigences de transparence, vous pouvez demander une liste des soci\u00e9t\u00e9s qui nous fournissent des services en envoyant un courriel \u00e0 : fumi-hogar@fumi-hogar.com. <\/p>\n\n<p>  9<strong>. S\u00e9curit\u00e9 des donn\u00e9es. <\/strong><\/p>\n\n<p>Nous avons mis en \u0153uvre des mesures de s\u00e9curit\u00e9 appropri\u00e9es pour \u00e9viter que vos donn\u00e9es \u00e0 caract\u00e8re personnel ne soient accidentellement perdues, utilis\u00e9es ou consult\u00e9es de mani\u00e8re non autoris\u00e9e, modifi\u00e9es ou divulgu\u00e9es. En outre, nous limitons l&rsquo;acc\u00e8s \u00e0 vos donn\u00e9es \u00e0 caract\u00e8re personnel aux employ\u00e9s, agents, sous-traitants et autres tiers qui ont un besoin professionnel de conna\u00eetre ces donn\u00e9es. Ils ne traiteront vos donn\u00e9es personnelles que conform\u00e9ment \u00e0 nos instructions et seront li\u00e9s par un devoir de confidentialit\u00e9.    <\/p>\n\n<p>Nous avons mis en place des proc\u00e9dures pour traiter toute violation pr\u00e9sum\u00e9e de vos donn\u00e9es personnelles et nous vous informerons, ainsi que l&rsquo;autorit\u00e9 de surveillance, en cas de violation de la s\u00e9curit\u00e9, comme le pr\u00e9voient les articles 33 et 34 du RGPD.  <\/p>\n","protected":false},"excerpt":{"rendered":"<p>FumiHogar Ce texte juridique d\u00e9taille la mani\u00e8re dont nous collectons et traitons vos donn\u00e9es personnelles dans le cadre de votre utilisation de notre site web https:\/\/fumihogar.es\/, y compris toute information que vous pouvez nous fournir par le biais du site lorsque vous fournissez vos donn\u00e9es par le biais du formulaire pr\u00e9vu \u00e0 cet effet. Lorsque [&hellip;]<\/p>\n","protected":false},"author":1,"featured_media":0,"parent":0,"menu_order":9,"comment_status":"closed","ping_status":"closed","template":"","meta":{"footnotes":""},"class_list":["post-1903","page","type-page","status-publish","hentry"],"yoast_head":"<!-- This site is optimized with the Yoast SEO plugin v24.6 - https:\/\/yoast.com\/wordpress\/plugins\/seo\/ -->\n<title>Politique de confidentialit\u00e9 | FumiHogar<\/title>\n<meta name=\"description\" content=\"D\u00e9couvrez comment FumiHogar prot\u00e8ge votre vie priv\u00e9e et g\u00e8re vos donn\u00e9es personnelles conform\u00e9ment \u00e0 notre politique de confidentialit\u00e9.\" \/>\n<meta name=\"robots\" content=\"index, follow, max-snippet:-1, max-image-preview:large, max-video-preview:-1\" \/>\n<link rel=\"canonical\" href=\"https:\/\/brave-sutherland.217-18-163-79.plesk.page\/fr\/politique-de-confidentialite\/\" \/>\n<meta property=\"og:locale\" content=\"fr_FR\" \/>\n<meta property=\"og:type\" content=\"article\" \/>\n<meta property=\"og:title\" content=\"Politique de confidentialit\u00e9 | FumiHogar\" \/>\n<meta property=\"og:description\" content=\"D\u00e9couvrez comment FumiHogar prot\u00e8ge votre vie priv\u00e9e et g\u00e8re vos donn\u00e9es personnelles conform\u00e9ment \u00e0 notre politique de confidentialit\u00e9.\" \/>\n<meta property=\"og:url\" content=\"https:\/\/brave-sutherland.217-18-163-79.plesk.page\/fr\/politique-de-confidentialite\/\" \/>\n<meta property=\"og:site_name\" content=\"Fumihogar\" \/>\n<meta property=\"article:modified_time\" content=\"2025-03-17T16:09:26+00:00\" \/>\n<meta name=\"twitter:card\" content=\"summary_large_image\" \/>\n<meta name=\"twitter:label1\" content=\"Dur\u00e9e de lecture estim\u00e9e\" \/>\n\t<meta name=\"twitter:data1\" content=\"10 minutes\" \/>\n<script type=\"application\/ld+json\" class=\"yoast-schema-graph\">{\"@context\":\"https:\/\/schema.org\",\"@graph\":[{\"@type\":\"WebPage\",\"@id\":\"https:\/\/brave-sutherland.217-18-163-79.plesk.page\/fr\/politique-de-confidentialite\/\",\"url\":\"https:\/\/brave-sutherland.217-18-163-79.plesk.page\/fr\/politique-de-confidentialite\/\",\"name\":\"Politique de confidentialit\u00e9 | FumiHogar\",\"isPartOf\":{\"@id\":\"https:\/\/brave-sutherland.217-18-163-79.plesk.page\/#website\"},\"datePublished\":\"2024-11-22T13:13:14+00:00\",\"dateModified\":\"2025-03-17T16:09:26+00:00\",\"description\":\"D\u00e9couvrez comment FumiHogar prot\u00e8ge votre vie priv\u00e9e et g\u00e8re vos donn\u00e9es personnelles conform\u00e9ment \u00e0 notre politique de confidentialit\u00e9.\",\"breadcrumb\":{\"@id\":\"https:\/\/brave-sutherland.217-18-163-79.plesk.page\/fr\/politique-de-confidentialite\/#breadcrumb\"},\"inLanguage\":\"fr-FR\",\"potentialAction\":[{\"@type\":\"ReadAction\",\"target\":[\"https:\/\/brave-sutherland.217-18-163-79.plesk.page\/fr\/politique-de-confidentialite\/\"]}]},{\"@type\":\"BreadcrumbList\",\"@id\":\"https:\/\/brave-sutherland.217-18-163-79.plesk.page\/fr\/politique-de-confidentialite\/#breadcrumb\",\"itemListElement\":[{\"@type\":\"ListItem\",\"position\":1,\"name\":\"Portada\",\"item\":\"https:\/\/brave-sutherland.217-18-163-79.plesk.page\/fr\/accueil\/\"},{\"@type\":\"ListItem\",\"position\":2,\"name\":\"Politique de confidentialit\u00e9\"}]},{\"@type\":\"WebSite\",\"@id\":\"https:\/\/brave-sutherland.217-18-163-79.plesk.page\/#website\",\"url\":\"https:\/\/brave-sutherland.217-18-163-79.plesk.page\/\",\"name\":\"Fumihogar\",\"description\":\"Tratamientos fum\u00edgenos en seco\",\"publisher\":{\"@id\":\"https:\/\/brave-sutherland.217-18-163-79.plesk.page\/#organization\"},\"potentialAction\":[{\"@type\":\"SearchAction\",\"target\":{\"@type\":\"EntryPoint\",\"urlTemplate\":\"https:\/\/brave-sutherland.217-18-163-79.plesk.page\/?s={search_term_string}\"},\"query-input\":{\"@type\":\"PropertyValueSpecification\",\"valueRequired\":true,\"valueName\":\"search_term_string\"}}],\"inLanguage\":\"fr-FR\"},{\"@type\":\"Organization\",\"@id\":\"https:\/\/brave-sutherland.217-18-163-79.plesk.page\/#organization\",\"name\":\"Fumihogar\",\"url\":\"https:\/\/brave-sutherland.217-18-163-79.plesk.page\/\",\"logo\":{\"@type\":\"ImageObject\",\"inLanguage\":\"fr-FR\",\"@id\":\"https:\/\/brave-sutherland.217-18-163-79.plesk.page\/#\/schema\/logo\/image\/\",\"url\":\"https:\/\/brave-sutherland.217-18-163-79.plesk.page\/wp-content\/uploads\/2024\/11\/FumiHogar-LogoNuevo.png\",\"contentUrl\":\"https:\/\/brave-sutherland.217-18-163-79.plesk.page\/wp-content\/uploads\/2024\/11\/FumiHogar-LogoNuevo.png\",\"width\":400,\"height\":178,\"caption\":\"Fumihogar\"},\"image\":{\"@id\":\"https:\/\/brave-sutherland.217-18-163-79.plesk.page\/#\/schema\/logo\/image\/\"}}]}<\/script>\n<!-- \/ Yoast SEO plugin. -->","yoast_head_json":{"title":"Politique de confidentialit\u00e9 | FumiHogar","description":"D\u00e9couvrez comment FumiHogar prot\u00e8ge votre vie priv\u00e9e et g\u00e8re vos donn\u00e9es personnelles conform\u00e9ment \u00e0 notre politique de confidentialit\u00e9.","robots":{"index":"index","follow":"follow","max-snippet":"max-snippet:-1","max-image-preview":"max-image-preview:large","max-video-preview":"max-video-preview:-1"},"canonical":"https:\/\/brave-sutherland.217-18-163-79.plesk.page\/fr\/politique-de-confidentialite\/","og_locale":"fr_FR","og_type":"article","og_title":"Politique de confidentialit\u00e9 | FumiHogar","og_description":"D\u00e9couvrez comment FumiHogar prot\u00e8ge votre vie priv\u00e9e et g\u00e8re vos donn\u00e9es personnelles conform\u00e9ment \u00e0 notre politique de confidentialit\u00e9.","og_url":"https:\/\/brave-sutherland.217-18-163-79.plesk.page\/fr\/politique-de-confidentialite\/","og_site_name":"Fumihogar","article_modified_time":"2025-03-17T16:09:26+00:00","twitter_card":"summary_large_image","twitter_misc":{"Dur\u00e9e de lecture estim\u00e9e":"10 minutes"},"schema":{"@context":"https:\/\/schema.org","@graph":[{"@type":"WebPage","@id":"https:\/\/brave-sutherland.217-18-163-79.plesk.page\/fr\/politique-de-confidentialite\/","url":"https:\/\/brave-sutherland.217-18-163-79.plesk.page\/fr\/politique-de-confidentialite\/","name":"Politique de confidentialit\u00e9 | FumiHogar","isPartOf":{"@id":"https:\/\/brave-sutherland.217-18-163-79.plesk.page\/#website"},"datePublished":"2024-11-22T13:13:14+00:00","dateModified":"2025-03-17T16:09:26+00:00","description":"D\u00e9couvrez comment FumiHogar prot\u00e8ge votre vie priv\u00e9e et g\u00e8re vos donn\u00e9es personnelles conform\u00e9ment \u00e0 notre politique de confidentialit\u00e9.","breadcrumb":{"@id":"https:\/\/brave-sutherland.217-18-163-79.plesk.page\/fr\/politique-de-confidentialite\/#breadcrumb"},"inLanguage":"fr-FR","potentialAction":[{"@type":"ReadAction","target":["https:\/\/brave-sutherland.217-18-163-79.plesk.page\/fr\/politique-de-confidentialite\/"]}]},{"@type":"BreadcrumbList","@id":"https:\/\/brave-sutherland.217-18-163-79.plesk.page\/fr\/politique-de-confidentialite\/#breadcrumb","itemListElement":[{"@type":"ListItem","position":1,"name":"Portada","item":"https:\/\/brave-sutherland.217-18-163-79.plesk.page\/fr\/accueil\/"},{"@type":"ListItem","position":2,"name":"Politique de confidentialit\u00e9"}]},{"@type":"WebSite","@id":"https:\/\/brave-sutherland.217-18-163-79.plesk.page\/#website","url":"https:\/\/brave-sutherland.217-18-163-79.plesk.page\/","name":"Fumihogar","description":"Tratamientos fum\u00edgenos en seco","publisher":{"@id":"https:\/\/brave-sutherland.217-18-163-79.plesk.page\/#organization"},"potentialAction":[{"@type":"SearchAction","target":{"@type":"EntryPoint","urlTemplate":"https:\/\/brave-sutherland.217-18-163-79.plesk.page\/?s={search_term_string}"},"query-input":{"@type":"PropertyValueSpecification","valueRequired":true,"valueName":"search_term_string"}}],"inLanguage":"fr-FR"},{"@type":"Organization","@id":"https:\/\/brave-sutherland.217-18-163-79.plesk.page\/#organization","name":"Fumihogar","url":"https:\/\/brave-sutherland.217-18-163-79.plesk.page\/","logo":{"@type":"ImageObject","inLanguage":"fr-FR","@id":"https:\/\/brave-sutherland.217-18-163-79.plesk.page\/#\/schema\/logo\/image\/","url":"https:\/\/brave-sutherland.217-18-163-79.plesk.page\/wp-content\/uploads\/2024\/11\/FumiHogar-LogoNuevo.png","contentUrl":"https:\/\/brave-sutherland.217-18-163-79.plesk.page\/wp-content\/uploads\/2024\/11\/FumiHogar-LogoNuevo.png","width":400,"height":178,"caption":"Fumihogar"},"image":{"@id":"https:\/\/brave-sutherland.217-18-163-79.plesk.page\/#\/schema\/logo\/image\/"}}]}},"_links":{"self":[{"href":"https:\/\/brave-sutherland.217-18-163-79.plesk.page\/fr\/wp-json\/wp\/v2\/pages\/1903","targetHints":{"allow":["GET"]}}],"collection":[{"href":"https:\/\/brave-sutherland.217-18-163-79.plesk.page\/fr\/wp-json\/wp\/v2\/pages"}],"about":[{"href":"https:\/\/brave-sutherland.217-18-163-79.plesk.page\/fr\/wp-json\/wp\/v2\/types\/page"}],"author":[{"embeddable":true,"href":"https:\/\/brave-sutherland.217-18-163-79.plesk.page\/fr\/wp-json\/wp\/v2\/users\/1"}],"replies":[{"embeddable":true,"href":"https:\/\/brave-sutherland.217-18-163-79.plesk.page\/fr\/wp-json\/wp\/v2\/comments?post=1903"}],"version-history":[{"count":1,"href":"https:\/\/brave-sutherland.217-18-163-79.plesk.page\/fr\/wp-json\/wp\/v2\/pages\/1903\/revisions"}],"predecessor-version":[{"id":1904,"href":"https:\/\/brave-sutherland.217-18-163-79.plesk.page\/fr\/wp-json\/wp\/v2\/pages\/1903\/revisions\/1904"}],"wp:attachment":[{"href":"https:\/\/brave-sutherland.217-18-163-79.plesk.page\/fr\/wp-json\/wp\/v2\/media?parent=1903"}],"curies":[{"name":"wp","href":"https:\/\/api.w.org\/{rel}","templated":true}]}}