{"id":1933,"date":"2025-02-06T10:45:20","date_gmt":"2025-02-06T10:45:20","guid":{"rendered":"https:\/\/brave-sutherland.217-18-163-79.plesk.page\/secteurs\/"},"modified":"2025-03-17T16:09:40","modified_gmt":"2025-03-17T16:09:40","slug":"secteurs","status":"publish","type":"page","link":"https:\/\/brave-sutherland.217-18-163-79.plesk.page\/fr\/secteurs\/","title":{"rendered":"Secteurs"},"content":{"rendered":"\t\t<div data-elementor-type=\"wp-page\" data-elementor-id=\"1933\" class=\"elementor elementor-1933 elementor-257\" data-elementor-post-type=\"page\">\n\t\t\t\t<div class=\"elementor-element elementor-element-f52c026 e-con-full e-flex e-con e-parent\" data-id=\"f52c026\" data-element_type=\"container\">\n\t\t<div class=\"elementor-element elementor-element-ca52b12 e-flex e-con-boxed e-con e-child\" data-id=\"ca52b12\" data-element_type=\"container\" data-settings=\"{&quot;background_background&quot;:&quot;classic&quot;}\">\n\t\t\t\t\t<div class=\"e-con-inner\">\n\t\t<div class=\"elementor-element elementor-element-2450ba3 e-con-full e-flex e-con e-child\" data-id=\"2450ba3\" data-element_type=\"container\">\n\t\t\t\t<div class=\"elementor-element elementor-element-35a34fb elementor-widget elementor-widget-heading\" data-id=\"35a34fb\" data-element_type=\"widget\" data-widget_type=\"heading.default\">\n\t\t\t\t<div class=\"elementor-widget-container\">\n\t\t\t\t\t<h1 class=\"elementor-heading-title elementor-size-default\">Secteurs<\/h1>\t\t\t\t<\/div>\n\t\t\t\t<\/div>\n\t\t\t\t<\/div>\n\t\t\t\t\t<\/div>\n\t\t\t\t<\/div>\n\t\t\t\t<\/div>\n\t\t<div class=\"elementor-element elementor-element-c868a6d e-flex e-con-boxed e-con e-parent\" data-id=\"c868a6d\" data-element_type=\"container\" data-settings=\"{&quot;background_background&quot;:&quot;classic&quot;}\">\n\t\t\t\t\t<div class=\"e-con-inner\">\n\t\t<div class=\"elementor-element elementor-element-eeba8ff e-con-full e-flex e-con e-child\" data-id=\"eeba8ff\" data-element_type=\"container\">\n\t\t<div class=\"elementor-element elementor-element-1cea0e7 e-con-full e-flex e-con e-child\" data-id=\"1cea0e7\" data-element_type=\"container\">\n\t\t<div class=\"elementor-element elementor-element-e2bae22 e-con-full e-flex elementor-invisible e-con e-child\" data-id=\"e2bae22\" data-element_type=\"container\" data-settings=\"{&quot;animation&quot;:&quot;fadeIn&quot;}\">\n\t\t\t\t<div class=\"elementor-element elementor-element-966d30d elementor-widget-divider--view-line elementor-widget elementor-widget-divider\" data-id=\"966d30d\" data-element_type=\"widget\" data-widget_type=\"divider.default\">\n\t\t\t\t<div class=\"elementor-widget-container\">\n\t\t\t\t\t\t\t<div class=\"elementor-divider\">\n\t\t\t<span class=\"elementor-divider-separator\">\n\t\t\t\t\t\t<\/span>\n\t\t<\/div>\n\t\t\t\t\t\t<\/div>\n\t\t\t\t<\/div>\n\t\t<div class=\"elementor-element elementor-element-abda8fa e-con-full e-flex e-con e-child\" data-id=\"abda8fa\" data-element_type=\"container\" data-settings=\"{&quot;background_background&quot;:&quot;classic&quot;}\">\n\t\t\t\t<div class=\"elementor-element elementor-element-4bd1b37 elementor-widget elementor-widget-heading\" data-id=\"4bd1b37\" data-element_type=\"widget\" data-widget_type=\"heading.default\">\n\t\t\t\t<div class=\"elementor-widget-container\">\n\t\t\t\t\t<h3 class=\"elementor-heading-title elementor-size-default\">Sant\u00e9 environnementale<\/h3>\t\t\t\t<\/div>\n\t\t\t\t<\/div>\n\t\t\t\t<\/div>\n\t\t\t\t<div class=\"elementor-element elementor-element-cbab2c2 elementor-widget__width-auto elementor-widget elementor-widget-button\" data-id=\"cbab2c2\" data-element_type=\"widget\" data-widget_type=\"button.default\">\n\t\t\t\t<div class=\"elementor-widget-container\">\n\t\t\t\t\t\t\t\t\t<div class=\"elementor-button-wrapper\">\n\t\t\t\t\t<a class=\"elementor-button elementor-button-link elementor-size-sm\" href=\"https:\/\/brave-sutherland.217-18-163-79.plesk.page\/fr\/sante-environnementale\/\">\n\t\t\t\t\t\t<span class=\"elementor-button-content-wrapper\">\n\t\t\t\t\t\t<span class=\"elementor-button-icon\">\n\t\t\t\t<svg xmlns=\"http:\/\/www.w3.org\/2000\/svg\" height=\"512\" viewBox=\"0 0 24 24\" width=\"512\"><g id=\"arrow\/arrow-top-right\" fill=\"none\" fill-rule=\"evenodd\"><path id=\"Fill-4\" d=\"m6.00025 3.4986c0 .276.224.5.5.5h11.793l-14.147 14.146c-.195.196-.195.512 0 .708.196.195.512.195.708 0l14.146-14.147v11.793c0 .276.224.5.5.5s.5001115-.224.5001115-.5v-12.999c.0058885-.27-.2311115-.507-.5011115-.50111151h-12.999c-.276 0-.5.22411151-.5.50011151\" fill=\"rgb(255,255,255)\"><\/path><\/g><\/svg>\t\t\t<\/span>\n\t\t\t\t\t\t\t\t\t<span class=\"elementor-button-text\">EN SAVOIR PLUS<\/span>\n\t\t\t\t\t<\/span>\n\t\t\t\t\t<\/a>\n\t\t\t\t<\/div>\n\t\t\t\t\t\t\t\t<\/div>\n\t\t\t\t<\/div>\n\t\t\t\t<\/div>\n\t\t<div class=\"elementor-element elementor-element-63ea774 e-con-full e-flex elementor-invisible e-con e-child\" data-id=\"63ea774\" data-element_type=\"container\" data-settings=\"{&quot;animation&quot;:&quot;fadeIn&quot;}\">\n\t\t\t\t<div class=\"elementor-element elementor-element-c7d0fde elementor-widget-divider--view-line elementor-widget elementor-widget-divider\" data-id=\"c7d0fde\" data-element_type=\"widget\" data-widget_type=\"divider.default\">\n\t\t\t\t<div class=\"elementor-widget-container\">\n\t\t\t\t\t\t\t<div class=\"elementor-divider\">\n\t\t\t<span class=\"elementor-divider-separator\">\n\t\t\t\t\t\t<\/span>\n\t\t<\/div>\n\t\t\t\t\t\t<\/div>\n\t\t\t\t<\/div>\n\t\t<div class=\"elementor-element elementor-element-8298986 e-con-full e-flex e-con e-child\" data-id=\"8298986\" data-element_type=\"container\" data-settings=\"{&quot;background_background&quot;:&quot;classic&quot;}\">\n\t\t\t\t<div class=\"elementor-element elementor-element-4b3b50f elementor-widget elementor-widget-heading\" data-id=\"4b3b50f\" data-element_type=\"widget\" data-widget_type=\"heading.default\">\n\t\t\t\t<div class=\"elementor-widget-container\">\n\t\t\t\t\t<h3 class=\"elementor-heading-title elementor-size-default\">V\u00e9t\u00e9rinaire<\/h3>\t\t\t\t<\/div>\n\t\t\t\t<\/div>\n\t\t\t\t<\/div>\n\t\t\t\t<div class=\"elementor-element elementor-element-43e5b9c elementor-widget__width-auto elementor-widget elementor-widget-button\" data-id=\"43e5b9c\" data-element_type=\"widget\" data-widget_type=\"button.default\">\n\t\t\t\t<div class=\"elementor-widget-container\">\n\t\t\t\t\t\t\t\t\t<div class=\"elementor-button-wrapper\">\n\t\t\t\t\t<a class=\"elementor-button elementor-button-link elementor-size-sm\" href=\"https:\/\/brave-sutherland.217-18-163-79.plesk.page\/fr\/secteurs\/veterinaire\/\">\n\t\t\t\t\t\t<span class=\"elementor-button-content-wrapper\">\n\t\t\t\t\t\t<span class=\"elementor-button-icon\">\n\t\t\t\t<svg xmlns=\"http:\/\/www.w3.org\/2000\/svg\" height=\"512\" viewBox=\"0 0 24 24\" width=\"512\"><g id=\"arrow\/arrow-top-right\" fill=\"none\" fill-rule=\"evenodd\"><path id=\"Fill-4\" d=\"m6.00025 3.4986c0 .276.224.5.5.5h11.793l-14.147 14.146c-.195.196-.195.512 0 .708.196.195.512.195.708 0l14.146-14.147v11.793c0 .276.224.5.5.5s.5001115-.224.5001115-.5v-12.999c.0058885-.27-.2311115-.507-.5011115-.50111151h-12.999c-.276 0-.5.22411151-.5.50011151\" fill=\"rgb(255,255,255)\"><\/path><\/g><\/svg>\t\t\t<\/span>\n\t\t\t\t\t\t\t\t\t<span class=\"elementor-button-text\">EN SAVOIR PLUS<\/span>\n\t\t\t\t\t<\/span>\n\t\t\t\t\t<\/a>\n\t\t\t\t<\/div>\n\t\t\t\t\t\t\t\t<\/div>\n\t\t\t\t<\/div>\n\t\t\t\t<\/div>\n\t\t<div class=\"elementor-element elementor-element-0318d47 e-con-full e-flex elementor-invisible e-con e-child\" data-id=\"0318d47\" data-element_type=\"container\" data-settings=\"{&quot;animation&quot;:&quot;fadeIn&quot;}\">\n\t\t\t\t<div class=\"elementor-element elementor-element-7f87e04 elementor-widget-divider--view-line elementor-widget elementor-widget-divider\" data-id=\"7f87e04\" data-element_type=\"widget\" data-widget_type=\"divider.default\">\n\t\t\t\t<div class=\"elementor-widget-container\">\n\t\t\t\t\t\t\t<div class=\"elementor-divider\">\n\t\t\t<span class=\"elementor-divider-separator\">\n\t\t\t\t\t\t<\/span>\n\t\t<\/div>\n\t\t\t\t\t\t<\/div>\n\t\t\t\t<\/div>\n\t\t<div class=\"elementor-element elementor-element-f199e35 e-con-full e-flex e-con e-child\" data-id=\"f199e35\" data-element_type=\"container\" data-settings=\"{&quot;background_background&quot;:&quot;classic&quot;}\">\n\t\t\t\t<div class=\"elementor-element elementor-element-45bb010 elementor-widget elementor-widget-heading\" data-id=\"45bb010\" data-element_type=\"widget\" data-widget_type=\"heading.default\">\n\t\t\t\t<div class=\"elementor-widget-container\">\n\t\t\t\t\t<h3 class=\"elementor-heading-title elementor-size-default\">S\u00e9curit\u00e9 alimentaire<\/h3>\t\t\t\t<\/div>\n\t\t\t\t<\/div>\n\t\t\t\t<\/div>\n\t\t\t\t<div class=\"elementor-element elementor-element-58b1a63 elementor-widget__width-auto elementor-widget elementor-widget-button\" data-id=\"58b1a63\" data-element_type=\"widget\" data-widget_type=\"button.default\">\n\t\t\t\t<div class=\"elementor-widget-container\">\n\t\t\t\t\t\t\t\t\t<div class=\"elementor-button-wrapper\">\n\t\t\t\t\t<a class=\"elementor-button elementor-button-link elementor-size-sm\" href=\"https:\/\/brave-sutherland.217-18-163-79.plesk.page\/fr\/secteurs\/securite-alimentaire\/\">\n\t\t\t\t\t\t<span class=\"elementor-button-content-wrapper\">\n\t\t\t\t\t\t<span class=\"elementor-button-icon\">\n\t\t\t\t<svg xmlns=\"http:\/\/www.w3.org\/2000\/svg\" height=\"512\" viewBox=\"0 0 24 24\" width=\"512\"><g id=\"arrow\/arrow-top-right\" fill=\"none\" fill-rule=\"evenodd\"><path id=\"Fill-4\" d=\"m6.00025 3.4986c0 .276.224.5.5.5h11.793l-14.147 14.146c-.195.196-.195.512 0 .708.196.195.512.195.708 0l14.146-14.147v11.793c0 .276.224.5.5.5s.5001115-.224.5001115-.5v-12.999c.0058885-.27-.2311115-.507-.5011115-.50111151h-12.999c-.276 0-.5.22411151-.5.50011151\" fill=\"rgb(255,255,255)\"><\/path><\/g><\/svg>\t\t\t<\/span>\n\t\t\t\t\t\t\t\t\t<span class=\"elementor-button-text\">EN SAVOIR PLUS<\/span>\n\t\t\t\t\t<\/span>\n\t\t\t\t\t<\/a>\n\t\t\t\t<\/div>\n\t\t\t\t\t\t\t\t<\/div>\n\t\t\t\t<\/div>\n\t\t\t\t<\/div>\n\t\t<div class=\"elementor-element elementor-element-7e0c764 e-con-full e-flex elementor-invisible e-con e-child\" data-id=\"7e0c764\" data-element_type=\"container\" data-settings=\"{&quot;animation&quot;:&quot;fadeIn&quot;}\">\n\t\t\t\t<div class=\"elementor-element elementor-element-436fc63 elementor-widget-divider--view-line elementor-widget elementor-widget-divider\" data-id=\"436fc63\" data-element_type=\"widget\" data-widget_type=\"divider.default\">\n\t\t\t\t<div class=\"elementor-widget-container\">\n\t\t\t\t\t\t\t<div class=\"elementor-divider\">\n\t\t\t<span class=\"elementor-divider-separator\">\n\t\t\t\t\t\t<\/span>\n\t\t<\/div>\n\t\t\t\t\t\t<\/div>\n\t\t\t\t<\/div>\n\t\t<div class=\"elementor-element elementor-element-4eff96a e-con-full e-flex e-con e-child\" data-id=\"4eff96a\" data-element_type=\"container\" data-settings=\"{&quot;background_background&quot;:&quot;classic&quot;}\">\n\t\t\t\t<div class=\"elementor-element elementor-element-a07967f elementor-widget elementor-widget-heading\" data-id=\"a07967f\" data-element_type=\"widget\" data-widget_type=\"heading.default\">\n\t\t\t\t<div class=\"elementor-widget-container\">\n\t\t\t\t\t<h3 class=\"elementor-heading-title elementor-size-default\">Agriculture<\/h3>\t\t\t\t<\/div>\n\t\t\t\t<\/div>\n\t\t\t\t<\/div>\n\t\t\t\t<div class=\"elementor-element elementor-element-ad0c521 elementor-widget__width-auto elementor-widget elementor-widget-button\" data-id=\"ad0c521\" data-element_type=\"widget\" data-widget_type=\"button.default\">\n\t\t\t\t<div class=\"elementor-widget-container\">\n\t\t\t\t\t\t\t\t\t<div class=\"elementor-button-wrapper\">\n\t\t\t\t\t<a class=\"elementor-button elementor-button-link elementor-size-sm\" href=\"https:\/\/brave-sutherland.217-18-163-79.plesk.page\/fr\/secteurs\/agriculture\/\">\n\t\t\t\t\t\t<span class=\"elementor-button-content-wrapper\">\n\t\t\t\t\t\t<span class=\"elementor-button-icon\">\n\t\t\t\t<svg xmlns=\"http:\/\/www.w3.org\/2000\/svg\" height=\"512\" viewBox=\"0 0 24 24\" width=\"512\"><g id=\"arrow\/arrow-top-right\" fill=\"none\" fill-rule=\"evenodd\"><path id=\"Fill-4\" d=\"m6.00025 3.4986c0 .276.224.5.5.5h11.793l-14.147 14.146c-.195.196-.195.512 0 .708.196.195.512.195.708 0l14.146-14.147v11.793c0 .276.224.5.5.5s.5001115-.224.5001115-.5v-12.999c.0058885-.27-.2311115-.507-.5011115-.50111151h-12.999c-.276 0-.5.22411151-.5.50011151\" fill=\"rgb(255,255,255)\"><\/path><\/g><\/svg>\t\t\t<\/span>\n\t\t\t\t\t\t\t\t\t<span class=\"elementor-button-text\">EN SAVOIR PLUS<\/span>\n\t\t\t\t\t<\/span>\n\t\t\t\t\t<\/a>\n\t\t\t\t<\/div>\n\t\t\t\t\t\t\t\t<\/div>\n\t\t\t\t<\/div>\n\t\t\t\t<\/div>\n\t\t\t\t<\/div>\n\t\t<div class=\"elementor-element elementor-element-4f41376 e-con-full e-flex e-con e-child\" data-id=\"4f41376\" data-element_type=\"container\">\n\t\t\t\t<div class=\"elementor-element elementor-element-e6bc4f2 elementor-widget elementor-widget-heading\" data-id=\"e6bc4f2\" data-element_type=\"widget\" data-widget_type=\"heading.default\">\n\t\t\t\t<div class=\"elementor-widget-container\">\n\t\t\t\t\t<h2 class=\"elementor-heading-title elementor-size-default\">Domaines d'application<\/h2>\t\t\t\t<\/div>\n\t\t\t\t<\/div>\n\t\t\t\t<div class=\"elementor-element elementor-element-e8f2f28 elementor-widget elementor-widget-text-editor\" data-id=\"e8f2f28\" data-element_type=\"widget\" data-widget_type=\"text-editor.default\">\n\t\t\t\t<div class=\"elementor-widget-container\">\n\t\t\t\t\t\t\t\t\t<p>Elle dispose d&rsquo;une \u00e9quipe pluridisciplinaire sp\u00e9cialis\u00e9e dans diff\u00e9rents domaines et secteurs, qui effectue toujours un travail minutieux.<\/p><p>De l&rsquo;industrie v\u00e9t\u00e9rinaire et alimentaire aux secteurs de la volaille et du post-r\u00e9colte, chaque branche des sp\u00e9cialit\u00e9s de FumiHogar se caract\u00e9rise par un esprit de travail irr\u00e9prochable, marqu\u00e9 par l&rsquo;efficacit\u00e9 et l&rsquo;efficience dans tout ce que nous entreprenons.<\/p><p>Parce que nous savons que les r\u00e9sultats de notre travail sont importants, nous nous concentrons non seulement sur le <em>quoi<\/em>, mais aussi sur le <em>comment<\/em>. Nous pr\u00eatons attention \u00e0 l&rsquo;environnement, en veillant \u00e0 minimiser autant que possible notre intervention \u00e0 chaque \u00e9tape du processus. <\/p>\t\t\t\t\t\t\t\t<\/div>\n\t\t\t\t<\/div>\n\t\t\t\t<\/div>\n\t\t\t\t<\/div>\n\t\t\t\t\t<\/div>\n\t\t\t\t<\/div>\n\t\t\t\t<\/div>\n\t\t","protected":false},"excerpt":{"rendered":"<p>Secteurs Sant\u00e9 environnementale EN SAVOIR PLUS V\u00e9t\u00e9rinaire EN SAVOIR PLUS S\u00e9curit\u00e9 alimentaire EN SAVOIR PLUS Agriculture EN SAVOIR PLUS Domaines d&rsquo;application Elle dispose d&rsquo;une \u00e9quipe pluridisciplinaire sp\u00e9cialis\u00e9e dans diff\u00e9rents domaines et secteurs, qui effectue toujours un travail minutieux. De l&rsquo;industrie v\u00e9t\u00e9rinaire et alimentaire aux secteurs de la volaille et du post-r\u00e9colte, chaque branche des sp\u00e9cialit\u00e9s [&hellip;]<\/p>\n","protected":false},"author":1,"featured_media":0,"parent":0,"menu_order":3,"comment_status":"closed","ping_status":"closed","template":"","meta":{"footnotes":""},"class_list":["post-1933","page","type-page","status-publish","hentry"],"yoast_head":"<!-- This site is optimized with the Yoast SEO plugin v24.6 - https:\/\/yoast.com\/wordpress\/plugins\/seo\/ -->\n<title>Secteurs de FumiHogar | Solutions sp\u00e9cialis\u00e9es<\/title>\n<meta name=\"description\" content=\"FumiHogar propose des solutions pour diff\u00e9rents secteurs, notamment la sant\u00e9 environnementale, l&#039;alimentation, l&#039;agriculture et le secteur v\u00e9t\u00e9rinaire.\" \/>\n<meta name=\"robots\" content=\"index, follow, max-snippet:-1, max-image-preview:large, max-video-preview:-1\" \/>\n<link rel=\"canonical\" href=\"https:\/\/brave-sutherland.217-18-163-79.plesk.page\/fr\/secteurs\/\" \/>\n<meta property=\"og:locale\" content=\"fr_FR\" \/>\n<meta property=\"og:type\" content=\"article\" \/>\n<meta property=\"og:title\" content=\"Secteurs de FumiHogar | Solutions sp\u00e9cialis\u00e9es\" \/>\n<meta property=\"og:description\" content=\"FumiHogar propose des solutions pour diff\u00e9rents secteurs, notamment la sant\u00e9 environnementale, l&#039;alimentation, l&#039;agriculture et le secteur v\u00e9t\u00e9rinaire.\" \/>\n<meta property=\"og:url\" content=\"https:\/\/brave-sutherland.217-18-163-79.plesk.page\/fr\/secteurs\/\" \/>\n<meta property=\"og:site_name\" content=\"Fumihogar\" \/>\n<meta property=\"article:modified_time\" content=\"2025-03-17T16:09:40+00:00\" \/>\n<meta name=\"twitter:card\" content=\"summary_large_image\" \/>\n<meta name=\"twitter:label1\" content=\"Dur\u00e9e de lecture estim\u00e9e\" \/>\n\t<meta name=\"twitter:data1\" content=\"1 minute\" \/>\n<script type=\"application\/ld+json\" class=\"yoast-schema-graph\">{\"@context\":\"https:\/\/schema.org\",\"@graph\":[{\"@type\":\"WebPage\",\"@id\":\"https:\/\/brave-sutherland.217-18-163-79.plesk.page\/fr\/secteurs\/\",\"url\":\"https:\/\/brave-sutherland.217-18-163-79.plesk.page\/fr\/secteurs\/\",\"name\":\"Secteurs de FumiHogar | Solutions sp\u00e9cialis\u00e9es\",\"isPartOf\":{\"@id\":\"https:\/\/brave-sutherland.217-18-163-79.plesk.page\/#website\"},\"datePublished\":\"2025-02-06T10:45:20+00:00\",\"dateModified\":\"2025-03-17T16:09:40+00:00\",\"description\":\"FumiHogar propose des solutions pour diff\u00e9rents secteurs, notamment la sant\u00e9 environnementale, l'alimentation, l'agriculture et le secteur v\u00e9t\u00e9rinaire.\",\"breadcrumb\":{\"@id\":\"https:\/\/brave-sutherland.217-18-163-79.plesk.page\/fr\/secteurs\/#breadcrumb\"},\"inLanguage\":\"fr-FR\",\"potentialAction\":[{\"@type\":\"ReadAction\",\"target\":[\"https:\/\/brave-sutherland.217-18-163-79.plesk.page\/fr\/secteurs\/\"]}]},{\"@type\":\"BreadcrumbList\",\"@id\":\"https:\/\/brave-sutherland.217-18-163-79.plesk.page\/fr\/secteurs\/#breadcrumb\",\"itemListElement\":[{\"@type\":\"ListItem\",\"position\":1,\"name\":\"Portada\",\"item\":\"https:\/\/brave-sutherland.217-18-163-79.plesk.page\/fr\/accueil\/\"},{\"@type\":\"ListItem\",\"position\":2,\"name\":\"Secteurs\"}]},{\"@type\":\"WebSite\",\"@id\":\"https:\/\/brave-sutherland.217-18-163-79.plesk.page\/#website\",\"url\":\"https:\/\/brave-sutherland.217-18-163-79.plesk.page\/\",\"name\":\"Fumihogar\",\"description\":\"Tratamientos fum\u00edgenos en seco\",\"publisher\":{\"@id\":\"https:\/\/brave-sutherland.217-18-163-79.plesk.page\/#organization\"},\"potentialAction\":[{\"@type\":\"SearchAction\",\"target\":{\"@type\":\"EntryPoint\",\"urlTemplate\":\"https:\/\/brave-sutherland.217-18-163-79.plesk.page\/?s={search_term_string}\"},\"query-input\":{\"@type\":\"PropertyValueSpecification\",\"valueRequired\":true,\"valueName\":\"search_term_string\"}}],\"inLanguage\":\"fr-FR\"},{\"@type\":\"Organization\",\"@id\":\"https:\/\/brave-sutherland.217-18-163-79.plesk.page\/#organization\",\"name\":\"Fumihogar\",\"url\":\"https:\/\/brave-sutherland.217-18-163-79.plesk.page\/\",\"logo\":{\"@type\":\"ImageObject\",\"inLanguage\":\"fr-FR\",\"@id\":\"https:\/\/brave-sutherland.217-18-163-79.plesk.page\/#\/schema\/logo\/image\/\",\"url\":\"https:\/\/brave-sutherland.217-18-163-79.plesk.page\/wp-content\/uploads\/2024\/11\/FumiHogar-LogoNuevo.png\",\"contentUrl\":\"https:\/\/brave-sutherland.217-18-163-79.plesk.page\/wp-content\/uploads\/2024\/11\/FumiHogar-LogoNuevo.png\",\"width\":400,\"height\":178,\"caption\":\"Fumihogar\"},\"image\":{\"@id\":\"https:\/\/brave-sutherland.217-18-163-79.plesk.page\/#\/schema\/logo\/image\/\"}}]}<\/script>\n<!-- \/ Yoast SEO plugin. -->","yoast_head_json":{"title":"Secteurs de FumiHogar | Solutions sp\u00e9cialis\u00e9es","description":"FumiHogar propose des solutions pour diff\u00e9rents secteurs, notamment la sant\u00e9 environnementale, l'alimentation, l'agriculture et le secteur v\u00e9t\u00e9rinaire.","robots":{"index":"index","follow":"follow","max-snippet":"max-snippet:-1","max-image-preview":"max-image-preview:large","max-video-preview":"max-video-preview:-1"},"canonical":"https:\/\/brave-sutherland.217-18-163-79.plesk.page\/fr\/secteurs\/","og_locale":"fr_FR","og_type":"article","og_title":"Secteurs de FumiHogar | Solutions sp\u00e9cialis\u00e9es","og_description":"FumiHogar propose des solutions pour diff\u00e9rents secteurs, notamment la sant\u00e9 environnementale, l'alimentation, l'agriculture et le secteur v\u00e9t\u00e9rinaire.","og_url":"https:\/\/brave-sutherland.217-18-163-79.plesk.page\/fr\/secteurs\/","og_site_name":"Fumihogar","article_modified_time":"2025-03-17T16:09:40+00:00","twitter_card":"summary_large_image","twitter_misc":{"Dur\u00e9e de lecture estim\u00e9e":"1 minute"},"schema":{"@context":"https:\/\/schema.org","@graph":[{"@type":"WebPage","@id":"https:\/\/brave-sutherland.217-18-163-79.plesk.page\/fr\/secteurs\/","url":"https:\/\/brave-sutherland.217-18-163-79.plesk.page\/fr\/secteurs\/","name":"Secteurs de FumiHogar | Solutions sp\u00e9cialis\u00e9es","isPartOf":{"@id":"https:\/\/brave-sutherland.217-18-163-79.plesk.page\/#website"},"datePublished":"2025-02-06T10:45:20+00:00","dateModified":"2025-03-17T16:09:40+00:00","description":"FumiHogar propose des solutions pour diff\u00e9rents secteurs, notamment la sant\u00e9 environnementale, l'alimentation, l'agriculture et le secteur v\u00e9t\u00e9rinaire.","breadcrumb":{"@id":"https:\/\/brave-sutherland.217-18-163-79.plesk.page\/fr\/secteurs\/#breadcrumb"},"inLanguage":"fr-FR","potentialAction":[{"@type":"ReadAction","target":["https:\/\/brave-sutherland.217-18-163-79.plesk.page\/fr\/secteurs\/"]}]},{"@type":"BreadcrumbList","@id":"https:\/\/brave-sutherland.217-18-163-79.plesk.page\/fr\/secteurs\/#breadcrumb","itemListElement":[{"@type":"ListItem","position":1,"name":"Portada","item":"https:\/\/brave-sutherland.217-18-163-79.plesk.page\/fr\/accueil\/"},{"@type":"ListItem","position":2,"name":"Secteurs"}]},{"@type":"WebSite","@id":"https:\/\/brave-sutherland.217-18-163-79.plesk.page\/#website","url":"https:\/\/brave-sutherland.217-18-163-79.plesk.page\/","name":"Fumihogar","description":"Tratamientos fum\u00edgenos en seco","publisher":{"@id":"https:\/\/brave-sutherland.217-18-163-79.plesk.page\/#organization"},"potentialAction":[{"@type":"SearchAction","target":{"@type":"EntryPoint","urlTemplate":"https:\/\/brave-sutherland.217-18-163-79.plesk.page\/?s={search_term_string}"},"query-input":{"@type":"PropertyValueSpecification","valueRequired":true,"valueName":"search_term_string"}}],"inLanguage":"fr-FR"},{"@type":"Organization","@id":"https:\/\/brave-sutherland.217-18-163-79.plesk.page\/#organization","name":"Fumihogar","url":"https:\/\/brave-sutherland.217-18-163-79.plesk.page\/","logo":{"@type":"ImageObject","inLanguage":"fr-FR","@id":"https:\/\/brave-sutherland.217-18-163-79.plesk.page\/#\/schema\/logo\/image\/","url":"https:\/\/brave-sutherland.217-18-163-79.plesk.page\/wp-content\/uploads\/2024\/11\/FumiHogar-LogoNuevo.png","contentUrl":"https:\/\/brave-sutherland.217-18-163-79.plesk.page\/wp-content\/uploads\/2024\/11\/FumiHogar-LogoNuevo.png","width":400,"height":178,"caption":"Fumihogar"},"image":{"@id":"https:\/\/brave-sutherland.217-18-163-79.plesk.page\/#\/schema\/logo\/image\/"}}]}},"_links":{"self":[{"href":"https:\/\/brave-sutherland.217-18-163-79.plesk.page\/fr\/wp-json\/wp\/v2\/pages\/1933","targetHints":{"allow":["GET"]}}],"collection":[{"href":"https:\/\/brave-sutherland.217-18-163-79.plesk.page\/fr\/wp-json\/wp\/v2\/pages"}],"about":[{"href":"https:\/\/brave-sutherland.217-18-163-79.plesk.page\/fr\/wp-json\/wp\/v2\/types\/page"}],"author":[{"embeddable":true,"href":"https:\/\/brave-sutherland.217-18-163-79.plesk.page\/fr\/wp-json\/wp\/v2\/users\/1"}],"replies":[{"embeddable":true,"href":"https:\/\/brave-sutherland.217-18-163-79.plesk.page\/fr\/wp-json\/wp\/v2\/comments?post=1933"}],"version-history":[{"count":1,"href":"https:\/\/brave-sutherland.217-18-163-79.plesk.page\/fr\/wp-json\/wp\/v2\/pages\/1933\/revisions"}],"predecessor-version":[{"id":1934,"href":"https:\/\/brave-sutherland.217-18-163-79.plesk.page\/fr\/wp-json\/wp\/v2\/pages\/1933\/revisions\/1934"}],"wp:attachment":[{"href":"https:\/\/brave-sutherland.217-18-163-79.plesk.page\/fr\/wp-json\/wp\/v2\/media?parent=1933"}],"curies":[{"name":"wp","href":"https:\/\/api.w.org\/{rel}","templated":true}]}}