{"id":1871,"date":"2025-03-11T10:33:22","date_gmt":"2025-03-11T10:33:22","guid":{"rendered":"https:\/\/brave-sutherland.217-18-163-79.plesk.page\/politica-de-cookies\/"},"modified":"2025-03-17T16:08:31","modified_gmt":"2025-03-17T16:08:31","slug":"politica-de-cookies","status":"publish","type":"page","link":"https:\/\/brave-sutherland.217-18-163-79.plesk.page\/pt-pt\/politica-de-cookies\/","title":{"rendered":"Pol\u00edtica de cookies"},"content":{"rendered":"\n<h4 class=\"wp-block-heading\"><br\/><strong>1.<\/strong><strong> O QUE S\u00c3O<\/strong><strong>O QUE S\u00c3O BOLACHAS?<\/strong><\/h4>\n\n<p><strong>Fumi<\/strong><strong> Hogar, S.L.<\/strong> \u00e9 respons\u00e1vel pelo site https:\/\/fumihogar.es\/, e utiliza cookies e\/ou outros ficheiros com funcionalidade semelhante (doravante &#8220;Cookies&#8221;).<\/p>\n\n<p>Um cookie \u00e9 um ficheiro de texto que um s\u00edtio Web, aplica\u00e7\u00e3o ou outra plataforma guarda no seu dispositivo, como o seu computador, tablet ou smartphone. Os cookies s\u00e3o necess\u00e1rios para facilitar a navega\u00e7\u00e3o e para compreender a forma como os utilizadores interagem com os s\u00edtios Web, o que permite introduzir melhorias. S\u00e3o tamb\u00e9m \u00fateis para personalizar a publicidade de acordo com as prefer\u00eancias do utilizador e para outros fins abaixo indicados. Os cookies n\u00e3o danificam o seu dispositivo.   <\/p>\n\n<p><strong>2.<\/strong><strong> TIPOS DE COOKIES <\/strong> <\/p>\n\n<p>Consulte esta sec\u00e7\u00e3o que fornece uma vis\u00e3o geral dos diferentes tipos de cookies que podem ser utilizados num ambiente em linha.<\/p>\n\n<p>Consoante o propriet\u00e1rio dos cookies, estes podem ser classificados da seguinte forma:<\/p>\n\n<p>a) Cookies pr\u00f3prios: Estes cookies s\u00e3o enviados para o computador ou dispositivo do utilizador a partir do equipamento ou dom\u00ednio gerido pelo pr\u00f3prio editor, que fornece o s\u00edtio Web ou servi\u00e7o solicitado pelo utilizador.<\/p>\n\n<p>b) Cookies de terceiros: Estes cookies s\u00e3o enviados para o computador ou dispositivo do utilizador a partir de um computador ou dom\u00ednio que n\u00e3o \u00e9 gerido pelo editor, mas por outra entidade que processa os dados obtidos atrav\u00e9s dos cookies.<\/p>\n\n<p>Consoante o objetivo do cookie, podem ser classificados da seguinte forma:<\/p>\n\n<p>&#8211; <strong>Os cookies estritamente necess\u00e1rios (t\u00e9cnicos)<\/strong> s\u00e3o aqueles que permitem ao utilizador navegar num s\u00edtio Web, plataforma ou aplica\u00e7\u00e3o e utilizar as diferentes op\u00e7\u00f5es ou servi\u00e7os a\u00ed oferecidos. Estes cookies desempenham fun\u00e7\u00f5es essenciais, tais como controlar o tr\u00e1fego, identificar dados ou sess\u00f5es, aceder a sec\u00e7\u00f5es restritas, recordar elementos de uma encomenda, gerir pagamentos, garantir a seguran\u00e7a do servi\u00e7o, permitir a participa\u00e7\u00e3o em eventos, armazenar conte\u00fados multim\u00e9dia e partilhar conte\u00fados nas redes sociais. Estes cookies t\u00e9cnicos s\u00e3o descarregados automaticamente quando o s\u00edtio Web \u00e9 apresentado ou quando o servi\u00e7o solicitado pelo utilizador \u00e9 fornecido.  <\/p>\n\n<p>&#8211; <strong>Os cookies de funcionalidade ou personaliza\u00e7\u00e3o<\/strong> s\u00e3o aqueles que permitem recordar informa\u00e7\u00f5es para fornecer ao utilizador de um servi\u00e7o ou plataforma carater\u00edsticas espec\u00edficas que diferenciam a sua experi\u00eancia da de outros utilizadores. Estas carater\u00edsticas podem incluir o idioma, o n\u00famero de resultados apresentados numa pesquisa, a apar\u00eancia ou o conte\u00fado do servi\u00e7o em fun\u00e7\u00e3o do navegador utilizado ou da regi\u00e3o a partir da qual o servi\u00e7o \u00e9 acedido, entre outros. A n\u00e3o aceita\u00e7\u00e3o destes cookies pode resultar num desempenho lento do s\u00edtio Web ou em recomenda\u00e7\u00f5es inadequadas.  <\/p>\n\n<p>&#8211;<strong>Os cookies anal\u00edticos<\/strong> s\u00e3o utilizados para recolher informa\u00e7\u00f5es sobre o n\u00famero de utilizadores, as sec\u00e7\u00f5es visitadas no s\u00edtio Web e a sua intera\u00e7\u00e3o com o mesmo. Estes dados s\u00e3o utilizados para efetuar uma an\u00e1lise estat\u00edstica da forma como os utilizadores utilizam o servi\u00e7o, com o objetivo de identificar \u00e1reas de melhoria com base nos padr\u00f5es de utiliza\u00e7\u00e3o. <\/p>\n\n<p>&#8211; <strong>Os cookies de publicidade comportamental<\/strong> registam e armazenam informa\u00e7\u00f5es sobre os h\u00e1bitos de navega\u00e7\u00e3o dos utilizadores, o que facilita a cria\u00e7\u00e3o de perfis espec\u00edficos para a apresenta\u00e7\u00e3o de an\u00fancios personalizados. Estes cookies permitem uma gest\u00e3o eficaz dos espa\u00e7os publicit\u00e1rios que o editor incluiu, quer diretamente, quer em colabora\u00e7\u00e3o com terceiros. <a><\/a><\/p>\n\n<p><strong>3.<\/strong><strong> FINALIDADE DOS COOKIES NO NOSSO S\u00cdTIO WEB<\/strong><\/p>\n\n<p>Os cookies desempenham um papel fundamental no funcionamento do nosso s\u00edtio Web. O seu principal objetivo \u00e9 tornar a navega\u00e7\u00e3o mais c\u00f3moda e eficiente. Por exemplo, s\u00e3o utilizados para recordar as prefer\u00eancias do utilizador durante a navega\u00e7\u00e3o e em futuras visitas.    <\/p>\n\n<p>Ajudam-nos tamb\u00e9m a personalizar a publicidade com base nos seus h\u00e1bitos de navega\u00e7\u00e3o. As informa\u00e7\u00f5es recolhidas atrav\u00e9s dos cookies permitem-nos fazer estimativas estat\u00edsticas e an\u00e1lises de utiliza\u00e7\u00e3o, tais como o n\u00famero de visitas e as sec\u00e7\u00f5es mais consultadas. Isto permite-nos melhorar os nossos servi\u00e7os e adaptar a plataforma aos seus interesses individuais.    <\/p>\n\n<p>Por vezes, utilizamos cookies para recolher informa\u00e7\u00f5es que nos permitem apresentar publicidade com base nos seus h\u00e1bitos de navega\u00e7\u00e3o na nossa plataforma e noutras plataformas de terceiros.<\/p>\n\n<p>Os terceiros que podem configurar e aceder aos cookies no seu computador, bem como as finalidades para as quais s\u00e3o utilizadas as informa\u00e7\u00f5es que armazenam, s\u00e3o indicados a seguir:<\/p>\n\n<p>(PERSONALIZAR E CONFIGURAR A CAIXA PELO PROGRAMADOR, INTRODUZINDO OS COOKIES UTILIZADOS PELO S\u00cdTIO)<\/p>\n\n<figure class=\"wp-block-table\"><table class=\"has-fixed-layout\"><tbody><tr><td><strong>OBJECTIVO<\/strong><\/td><td><strong>TERCEIRO<\/strong><\/td><td><strong>MAIS INFORMA\u00c7\u00d5ES<\/strong><\/td><\/tr><tr><td>An\u00e1lise: Os cookies anal\u00edticos s\u00e3o utilizados<br\/>para criar perfis de navega\u00e7\u00e3o e para poder<br\/>conhecer as prefer\u00eancias dos utilizadores com<br\/>a fim de melhorar a oferta de produtos e servi\u00e7os.<\/td><td>Google<\/td><td><a href=\"https:\/\/developers.google.com\/analytics\/devguides\/collection\/analyticsjs\/cookie-usage\">Clique aqui<\/a><\/td><\/tr><tr><td>Redes sociais: as redes com as quais interagimos no nosso s\u00edtio Web utilizam cookies nos seus bot\u00f5es de partilha. N\u00e3o temos qualquer interven\u00e7\u00e3o, controlo ou comunica\u00e7\u00e3o de resultados, estes s\u00e3o da responsabilidade de cada rede social. Quando o Utilizador se regista num Servi\u00e7o com credenciais de uma rede social, autoriza a rede social a armazenar um Cookie persistente que recorda a sua identidade e concede acesso aos Servi\u00e7os at\u00e9 \u00e0 sua expira\u00e7\u00e3o. O Utilizador pode apagar este Cookie e revogar o acesso aos Servi\u00e7os atrav\u00e9s das redes sociais, actualizando as suas prefer\u00eancias na rede social espec\u00edfica.     <\/td><td>Liga\u00e7\u00e3o ao Facebook<\/td><td><a href=\"https:\/\/www.facebook.com\/about\/privacy\">Clique aqui<\/a><\/td><\/tr><\/tbody><\/table><\/figure>\n\n<p><strong>4.<\/strong><strong> GEST\u00c3O DE COOKIES NO NOSSO S\u00cdTIO WEB<\/strong><\/p>\n\n<p>No painel de configura\u00e7\u00e3o dos cookies, ao qual pode aceder a qualquer momento na nossa plataforma, encontrar\u00e1 informa\u00e7\u00f5es pormenorizadas sobre os cookies que utilizamos. Especifica a sua finalidade, dura\u00e7\u00e3o e quem os gere (n\u00f3s ou terceiros). Este painel permite-lhe gerir a ativa\u00e7\u00e3o e a desativa\u00e7\u00e3o dos cookies que n\u00e3o s\u00e3o estritamente necess\u00e1rios para o funcionamento da plataforma, bem como alterar o seu consentimento a qualquer momento.    <\/p>\n\n<p>Pode aceder \u00e0s defini\u00e7\u00f5es clicando <strong>aqui<\/strong>, para alterar as suas prefer\u00eancias ou retirar o seu consentimento (ativar liga\u00e7\u00e3o).<\/p>\n\n<p>Por outro lado, tamb\u00e9m tem a op\u00e7\u00e3o de desativar a utiliza\u00e7\u00e3o de cookies no seu browser enquanto navega na Internet. De seguida, mostramos-lhe como fazer estas configura\u00e7\u00f5es nos browsers mais comuns: <\/p>\n\n<p>&#8211; <a href=\"https:\/\/support.google.com\/chrome\/answer\/95647?co=GENIE.Platform=Desktop&amp;&amp;hl=es\"><strong>Google <\/strong><strong>Cromo<\/strong><\/a><\/p>\n\n<p>&#8211; <a href=\"https:\/\/support.mozilla.org\/es\/kb\/impedir-que-los-sitios-web-guarden-sus-preferencia\"><strong>Mozilla Firefox<\/strong><\/a><\/p>\n\n<p>&#8211; <a href=\"https:\/\/support.microsoft.com\/es-es\/help\/17442\/windows-internet-explorer-delete-manage-cookies\"><strong>Internet Explorer<\/strong><\/a><\/p>\n\n<p>&#8211; <a href=\"https:\/\/privacy.microsoft.com\/es-ES\/windows-10-microsoft-edge-and-privacy\"><strong>Microsoft <\/strong><strong>Borda<\/strong><\/a><\/p>\n\n<p>&#8211; <a href=\"https:\/\/support.apple.com\/es-es\/HT201265\"><strong>Safari<\/strong><\/a><\/p>\n\n<p>&#8211; <a href=\"http:\/\/help.opera.com\/Linux\/10.60\/es-ES\/cookies.html\"><strong>\u00d3pera<\/strong><\/a><\/p>\n\n<p>O utilizador pode exercer esta op\u00e7\u00e3o para impedir a utiliza\u00e7\u00e3o de cookies em qualquer altura. Note-se que a gest\u00e3o do painel de configura\u00e7\u00e3o dos cookies e a op\u00e7\u00e3o de os rejeitar s\u00e3o espec\u00edficas de cada navegador que utiliza.   <\/p>\n\n<p>Por conseguinte, se definir os cookies de uma determinada forma num dispositivo e pretender que essa defini\u00e7\u00e3o seja aplicada de forma semelhante noutro dispositivo, ter\u00e1 de ativar a mesma defini\u00e7\u00e3o nesse outro dispositivo.<\/p>\n\n<p>O utilizador deve ter em conta que algumas funcionalidades dos conte\u00fados do nosso site s\u00f3 est\u00e3o dispon\u00edveis se a instala\u00e7\u00e3o de Cookies no seu browser for permitida. Se o utilizador decidir n\u00e3o aceitar ou bloquear determinados Cookies (dependendo da sua finalidade), isso pode afetar, total ou parcialmente, o funcionamento normal do Website ou impedir o acesso a alguns dos seus servi\u00e7os. <\/p>\n\n<p><strong>5.<\/strong><strong> UTILIZA\u00c7\u00c3O DAS INFORMA\u00c7\u00d5ES ARMAZENADAS NOS COOKIES<\/strong><\/p>\n\n<p>As informa\u00e7\u00f5es armazenadas nos cookies do nosso s\u00edtio Web s\u00e3o utilizadas exclusivamente por n\u00f3s. No entanto, alguns cookies de terceiros, geridos por entidades externas, podem ser utilizados para nos fornecer servi\u00e7os adicionais. Para mais informa\u00e7\u00f5es, consulte o nosso painel de defini\u00e7\u00f5es de Cookies, acess\u00edvel a qualquer momento no nosso s\u00edtio Web.  <\/p>\n\n<p>Sugerimos que reveja a nossa Pol\u00edtica de Privacidade no nosso s\u00edtio Web para obter informa\u00e7\u00f5es pormenorizadas sobre a forma como os seus dados pessoais s\u00e3o tratados na nossa colabora\u00e7\u00e3o com terceiros, bem como nas transfer\u00eancias internacionais de dados. Al\u00e9m disso, recomendamos que consulte as pol\u00edticas de privacidade e as defini\u00e7\u00f5es de privacidade destes parceiros terceiros atrav\u00e9s das suas pr\u00f3prias plataformas. <\/p>\n\n<p><strong>6.<\/strong><strong> ACTUALIZA\u00c7\u00d5ES E ALTERA\u00c7\u00d5ES \u00c0 POL\u00cdTICA DE COOKIES<\/strong><\/p>\n\n<p><strong>Fumi<\/strong><strong> <\/strong><strong>Hogar, S.L.<\/strong> poder\u00e1 modificar a presente Pol\u00edtica de Cookies em fun\u00e7\u00e3o de novas exig\u00eancias legislativas ou regulamentares, ou para adapt\u00e1-la \u00e0s instru\u00e7\u00f5es emitidas pela Ag\u00eancia Espanhola de Prote\u00e7\u00e3o de Dados.<\/p>\n\n<p>Se pretender obter mais informa\u00e7\u00f5es sobre a nossa utiliza\u00e7\u00e3o de cookies, envie uma mensagem de correio eletr\u00f3nico para: fumi-hogar@fumi-hogar.com<\/p>\n","protected":false},"excerpt":{"rendered":"<p>1. O QUE S\u00c3OO QUE S\u00c3O BOLACHAS? Fumi Hogar, S.L. \u00e9 respons\u00e1vel pelo site https:\/\/fumihogar.es\/, e utiliza cookies e\/ou outros ficheiros com funcionalidade semelhante (doravante &#8220;Cookies&#8221;). Um cookie \u00e9 um ficheiro de texto que um s\u00edtio Web, aplica\u00e7\u00e3o ou outra plataforma guarda no seu dispositivo, como o seu computador, tablet ou smartphone. Os cookies s\u00e3o [&hellip;]<\/p>\n","protected":false},"author":1,"featured_media":0,"parent":0,"menu_order":9,"comment_status":"closed","ping_status":"closed","template":"","meta":{"footnotes":""},"class_list":["post-1871","page","type-page","status-publish","hentry"],"yoast_head":"<!-- This site is optimized with the Yoast SEO plugin v24.6 - https:\/\/yoast.com\/wordpress\/plugins\/seo\/ -->\n<title>Pol\u00edtica de Cookies | FumiHogar<\/title>\n<meta name=\"description\" content=\"Descubra como a FumiHogar utiliza os cookies para melhorar a sua experi\u00eancia e saiba mais sobre a pol\u00edtica de privacidade e a gest\u00e3o de dados.\" \/>\n<meta name=\"robots\" content=\"index, follow, max-snippet:-1, max-image-preview:large, max-video-preview:-1\" \/>\n<link rel=\"canonical\" href=\"https:\/\/brave-sutherland.217-18-163-79.plesk.page\/pt-pt\/politica-de-cookies\/\" \/>\n<meta property=\"og:locale\" content=\"pt_PT\" \/>\n<meta property=\"og:type\" content=\"article\" \/>\n<meta property=\"og:title\" content=\"Pol\u00edtica de Cookies | FumiHogar\" \/>\n<meta property=\"og:description\" content=\"Descubra como a FumiHogar utiliza os cookies para melhorar a sua experi\u00eancia e saiba mais sobre a pol\u00edtica de privacidade e a gest\u00e3o de dados.\" \/>\n<meta property=\"og:url\" content=\"https:\/\/brave-sutherland.217-18-163-79.plesk.page\/pt-pt\/politica-de-cookies\/\" \/>\n<meta property=\"og:site_name\" content=\"Fumihogar\" \/>\n<meta property=\"article:modified_time\" content=\"2025-03-17T16:08:31+00:00\" \/>\n<meta name=\"twitter:card\" content=\"summary_large_image\" \/>\n<meta name=\"twitter:label1\" content=\"Tempo estimado de leitura\" \/>\n\t<meta name=\"twitter:data1\" content=\"7 minutos\" \/>\n<script type=\"application\/ld+json\" class=\"yoast-schema-graph\">{\"@context\":\"https:\/\/schema.org\",\"@graph\":[{\"@type\":\"WebPage\",\"@id\":\"https:\/\/brave-sutherland.217-18-163-79.plesk.page\/pt-pt\/politica-de-cookies\/\",\"url\":\"https:\/\/brave-sutherland.217-18-163-79.plesk.page\/pt-pt\/politica-de-cookies\/\",\"name\":\"Pol\u00edtica de Cookies | FumiHogar\",\"isPartOf\":{\"@id\":\"https:\/\/brave-sutherland.217-18-163-79.plesk.page\/#website\"},\"datePublished\":\"2025-03-11T10:33:22+00:00\",\"dateModified\":\"2025-03-17T16:08:31+00:00\",\"description\":\"Descubra como a FumiHogar utiliza os cookies para melhorar a sua experi\u00eancia e saiba mais sobre a pol\u00edtica de privacidade e a gest\u00e3o de dados.\",\"breadcrumb\":{\"@id\":\"https:\/\/brave-sutherland.217-18-163-79.plesk.page\/pt-pt\/politica-de-cookies\/#breadcrumb\"},\"inLanguage\":\"pt-PT\",\"potentialAction\":[{\"@type\":\"ReadAction\",\"target\":[\"https:\/\/brave-sutherland.217-18-163-79.plesk.page\/pt-pt\/politica-de-cookies\/\"]}]},{\"@type\":\"BreadcrumbList\",\"@id\":\"https:\/\/brave-sutherland.217-18-163-79.plesk.page\/pt-pt\/politica-de-cookies\/#breadcrumb\",\"itemListElement\":[{\"@type\":\"ListItem\",\"position\":1,\"name\":\"Portada\",\"item\":\"https:\/\/brave-sutherland.217-18-163-79.plesk.page\/pt-pt\/inicio\/\"},{\"@type\":\"ListItem\",\"position\":2,\"name\":\"Pol\u00edtica de cookies\"}]},{\"@type\":\"WebSite\",\"@id\":\"https:\/\/brave-sutherland.217-18-163-79.plesk.page\/#website\",\"url\":\"https:\/\/brave-sutherland.217-18-163-79.plesk.page\/\",\"name\":\"Fumihogar\",\"description\":\"Tratamientos fum\u00edgenos en seco\",\"publisher\":{\"@id\":\"https:\/\/brave-sutherland.217-18-163-79.plesk.page\/#organization\"},\"potentialAction\":[{\"@type\":\"SearchAction\",\"target\":{\"@type\":\"EntryPoint\",\"urlTemplate\":\"https:\/\/brave-sutherland.217-18-163-79.plesk.page\/?s={search_term_string}\"},\"query-input\":{\"@type\":\"PropertyValueSpecification\",\"valueRequired\":true,\"valueName\":\"search_term_string\"}}],\"inLanguage\":\"pt-PT\"},{\"@type\":\"Organization\",\"@id\":\"https:\/\/brave-sutherland.217-18-163-79.plesk.page\/#organization\",\"name\":\"Fumihogar\",\"url\":\"https:\/\/brave-sutherland.217-18-163-79.plesk.page\/\",\"logo\":{\"@type\":\"ImageObject\",\"inLanguage\":\"pt-PT\",\"@id\":\"https:\/\/brave-sutherland.217-18-163-79.plesk.page\/#\/schema\/logo\/image\/\",\"url\":\"https:\/\/brave-sutherland.217-18-163-79.plesk.page\/wp-content\/uploads\/2024\/11\/FumiHogar-LogoNuevo.png\",\"contentUrl\":\"https:\/\/brave-sutherland.217-18-163-79.plesk.page\/wp-content\/uploads\/2024\/11\/FumiHogar-LogoNuevo.png\",\"width\":400,\"height\":178,\"caption\":\"Fumihogar\"},\"image\":{\"@id\":\"https:\/\/brave-sutherland.217-18-163-79.plesk.page\/#\/schema\/logo\/image\/\"}}]}<\/script>\n<!-- \/ Yoast SEO plugin. -->","yoast_head_json":{"title":"Pol\u00edtica de Cookies | FumiHogar","description":"Descubra como a FumiHogar utiliza os cookies para melhorar a sua experi\u00eancia e saiba mais sobre a pol\u00edtica de privacidade e a gest\u00e3o de dados.","robots":{"index":"index","follow":"follow","max-snippet":"max-snippet:-1","max-image-preview":"max-image-preview:large","max-video-preview":"max-video-preview:-1"},"canonical":"https:\/\/brave-sutherland.217-18-163-79.plesk.page\/pt-pt\/politica-de-cookies\/","og_locale":"pt_PT","og_type":"article","og_title":"Pol\u00edtica de Cookies | FumiHogar","og_description":"Descubra como a FumiHogar utiliza os cookies para melhorar a sua experi\u00eancia e saiba mais sobre a pol\u00edtica de privacidade e a gest\u00e3o de dados.","og_url":"https:\/\/brave-sutherland.217-18-163-79.plesk.page\/pt-pt\/politica-de-cookies\/","og_site_name":"Fumihogar","article_modified_time":"2025-03-17T16:08:31+00:00","twitter_card":"summary_large_image","twitter_misc":{"Tempo estimado de leitura":"7 minutos"},"schema":{"@context":"https:\/\/schema.org","@graph":[{"@type":"WebPage","@id":"https:\/\/brave-sutherland.217-18-163-79.plesk.page\/pt-pt\/politica-de-cookies\/","url":"https:\/\/brave-sutherland.217-18-163-79.plesk.page\/pt-pt\/politica-de-cookies\/","name":"Pol\u00edtica de Cookies | FumiHogar","isPartOf":{"@id":"https:\/\/brave-sutherland.217-18-163-79.plesk.page\/#website"},"datePublished":"2025-03-11T10:33:22+00:00","dateModified":"2025-03-17T16:08:31+00:00","description":"Descubra como a FumiHogar utiliza os cookies para melhorar a sua experi\u00eancia e saiba mais sobre a pol\u00edtica de privacidade e a gest\u00e3o de dados.","breadcrumb":{"@id":"https:\/\/brave-sutherland.217-18-163-79.plesk.page\/pt-pt\/politica-de-cookies\/#breadcrumb"},"inLanguage":"pt-PT","potentialAction":[{"@type":"ReadAction","target":["https:\/\/brave-sutherland.217-18-163-79.plesk.page\/pt-pt\/politica-de-cookies\/"]}]},{"@type":"BreadcrumbList","@id":"https:\/\/brave-sutherland.217-18-163-79.plesk.page\/pt-pt\/politica-de-cookies\/#breadcrumb","itemListElement":[{"@type":"ListItem","position":1,"name":"Portada","item":"https:\/\/brave-sutherland.217-18-163-79.plesk.page\/pt-pt\/inicio\/"},{"@type":"ListItem","position":2,"name":"Pol\u00edtica de cookies"}]},{"@type":"WebSite","@id":"https:\/\/brave-sutherland.217-18-163-79.plesk.page\/#website","url":"https:\/\/brave-sutherland.217-18-163-79.plesk.page\/","name":"Fumihogar","description":"Tratamientos fum\u00edgenos en seco","publisher":{"@id":"https:\/\/brave-sutherland.217-18-163-79.plesk.page\/#organization"},"potentialAction":[{"@type":"SearchAction","target":{"@type":"EntryPoint","urlTemplate":"https:\/\/brave-sutherland.217-18-163-79.plesk.page\/?s={search_term_string}"},"query-input":{"@type":"PropertyValueSpecification","valueRequired":true,"valueName":"search_term_string"}}],"inLanguage":"pt-PT"},{"@type":"Organization","@id":"https:\/\/brave-sutherland.217-18-163-79.plesk.page\/#organization","name":"Fumihogar","url":"https:\/\/brave-sutherland.217-18-163-79.plesk.page\/","logo":{"@type":"ImageObject","inLanguage":"pt-PT","@id":"https:\/\/brave-sutherland.217-18-163-79.plesk.page\/#\/schema\/logo\/image\/","url":"https:\/\/brave-sutherland.217-18-163-79.plesk.page\/wp-content\/uploads\/2024\/11\/FumiHogar-LogoNuevo.png","contentUrl":"https:\/\/brave-sutherland.217-18-163-79.plesk.page\/wp-content\/uploads\/2024\/11\/FumiHogar-LogoNuevo.png","width":400,"height":178,"caption":"Fumihogar"},"image":{"@id":"https:\/\/brave-sutherland.217-18-163-79.plesk.page\/#\/schema\/logo\/image\/"}}]}},"_links":{"self":[{"href":"https:\/\/brave-sutherland.217-18-163-79.plesk.page\/pt-pt\/wp-json\/wp\/v2\/pages\/1871","targetHints":{"allow":["GET"]}}],"collection":[{"href":"https:\/\/brave-sutherland.217-18-163-79.plesk.page\/pt-pt\/wp-json\/wp\/v2\/pages"}],"about":[{"href":"https:\/\/brave-sutherland.217-18-163-79.plesk.page\/pt-pt\/wp-json\/wp\/v2\/types\/page"}],"author":[{"embeddable":true,"href":"https:\/\/brave-sutherland.217-18-163-79.plesk.page\/pt-pt\/wp-json\/wp\/v2\/users\/1"}],"replies":[{"embeddable":true,"href":"https:\/\/brave-sutherland.217-18-163-79.plesk.page\/pt-pt\/wp-json\/wp\/v2\/comments?post=1871"}],"version-history":[{"count":1,"href":"https:\/\/brave-sutherland.217-18-163-79.plesk.page\/pt-pt\/wp-json\/wp\/v2\/pages\/1871\/revisions"}],"predecessor-version":[{"id":1873,"href":"https:\/\/brave-sutherland.217-18-163-79.plesk.page\/pt-pt\/wp-json\/wp\/v2\/pages\/1871\/revisions\/1873"}],"wp:attachment":[{"href":"https:\/\/brave-sutherland.217-18-163-79.plesk.page\/pt-pt\/wp-json\/wp\/v2\/media?parent=1871"}],"curies":[{"name":"wp","href":"https:\/\/api.w.org\/{rel}","templated":true}]}}