{"id":1878,"date":"2025-03-11T08:17:38","date_gmt":"2025-03-11T08:17:38","guid":{"rendered":"https:\/\/brave-sutherland.217-18-163-79.plesk.page\/seguranca-alimentar\/"},"modified":"2025-03-17T16:09:33","modified_gmt":"2025-03-17T16:09:33","slug":"seguranca-alimentar","status":"publish","type":"page","link":"https:\/\/brave-sutherland.217-18-163-79.plesk.page\/pt-pt\/sectores\/seguranca-alimentar\/","title":{"rendered":"Seguran\u00e7a alimentar"},"content":{"rendered":"\t\t<div data-elementor-type=\"wp-page\" data-elementor-id=\"1878\" class=\"elementor elementor-1878 elementor-1147\" data-elementor-post-type=\"page\">\n\t\t\t\t<div class=\"elementor-element elementor-element-2f244eb e-con-full e-flex e-con e-parent\" data-id=\"2f244eb\" data-element_type=\"container\">\n\t\t<div class=\"elementor-element elementor-element-b462c5e e-flex e-con-boxed e-con e-child\" data-id=\"b462c5e\" data-element_type=\"container\" data-settings=\"{&quot;background_background&quot;:&quot;classic&quot;}\">\n\t\t\t\t\t<div class=\"e-con-inner\">\n\t\t<div class=\"elementor-element elementor-element-a3e0547 e-con-full e-flex e-con e-child\" data-id=\"a3e0547\" data-element_type=\"container\">\n\t\t\t\t<div class=\"elementor-element elementor-element-10d1920 elementor-widget elementor-widget-heading\" data-id=\"10d1920\" data-element_type=\"widget\" data-widget_type=\"heading.default\">\n\t\t\t\t<div class=\"elementor-widget-container\">\n\t\t\t\t\t<h1 class=\"elementor-heading-title elementor-size-default\">Seguran\u00e7a alimentar<\/h1>\t\t\t\t<\/div>\n\t\t\t\t<\/div>\n\t\t\t\t<\/div>\n\t\t<div class=\"elementor-element elementor-element-6f944fb e-con-full e-flex e-con e-child\" data-id=\"6f944fb\" data-element_type=\"container\">\n\t\t<div class=\"elementor-element elementor-element-4b4b706 e-con-full e-flex e-con e-child\" data-id=\"4b4b706\" data-element_type=\"container\" data-settings=\"{&quot;background_background&quot;:&quot;classic&quot;}\">\n\t\t\t\t<div class=\"elementor-element elementor-element-6859aa9 elementor-widget elementor-widget-heading\" data-id=\"6859aa9\" data-element_type=\"widget\" data-widget_type=\"heading.default\">\n\t\t\t\t<div class=\"elementor-widget-container\">\n\t\t\t\t\t<h2 class=\"elementor-heading-title elementor-size-default\">Nos sectores necess\u00e1rios<\/h2>\t\t\t\t<\/div>\n\t\t\t\t<\/div>\n\t\t\t\t<div class=\"elementor-element elementor-element-de3073f elementor-widget elementor-widget-text-editor\" data-id=\"de3073f\" data-element_type=\"widget\" data-widget_type=\"text-editor.default\">\n\t\t\t\t<div class=\"elementor-widget-container\">\n\t\t\t\t\t\t\t\t\t<p>A seguran\u00e7a alimentar \u00e9 respons\u00e1vel pela transforma\u00e7\u00e3o dos produtos do sector agr\u00edcola, ou seja, da agricultura e da pecu\u00e1ria.<\/p><p>Existem certos riscos para a sa\u00fade neste processo de manuseamento. As infec\u00e7\u00f5es e as doen\u00e7as infecciosas ou parasit\u00e1rias transmitidas por animais ou por res\u00edduos de animais utilizados no fabrico s\u00e3o problemas profissionais comuns na ind\u00fastria alimentar. Estas zoonoses incluem o carb\u00fanculo, a brucelose, a leptospirose, a tuberculose bovina, o mormo, a erisipela, a febre Q, a febre aftosa, a hidrofobia, etc.    <\/p>\t\t\t\t\t\t\t\t<\/div>\n\t\t\t\t<\/div>\n\t\t\t\t<div class=\"elementor-element elementor-element-6ff9abb elementor-widget-divider--view-line elementor-widget elementor-widget-divider\" data-id=\"6ff9abb\" data-element_type=\"widget\" data-widget_type=\"divider.default\">\n\t\t\t\t<div class=\"elementor-widget-container\">\n\t\t\t\t\t\t\t<div class=\"elementor-divider\">\n\t\t\t<span class=\"elementor-divider-separator\">\n\t\t\t\t\t\t<\/span>\n\t\t<\/div>\n\t\t\t\t\t\t<\/div>\n\t\t\t\t<\/div>\n\t\t\t\t<\/div>\n\t\t\t\t<\/div>\n\t\t\t\t\t<\/div>\n\t\t\t\t<\/div>\n\t\t\t\t<\/div>\n\t\t<div class=\"elementor-element elementor-element-7cd0aa5 e-flex e-con-boxed e-con e-parent\" data-id=\"7cd0aa5\" data-element_type=\"container\" data-settings=\"{&quot;background_background&quot;:&quot;classic&quot;}\">\n\t\t\t\t\t<div class=\"e-con-inner\">\n\t\t<div class=\"elementor-element elementor-element-269c14c e-con-full e-flex e-con e-child\" data-id=\"269c14c\" data-element_type=\"container\">\n\t\t<div class=\"elementor-element elementor-element-1210089 e-con-full e-flex e-con e-child\" data-id=\"1210089\" data-element_type=\"container\">\n\t\t<div class=\"elementor-element elementor-element-0fee4c7 e-con-full e-flex elementor-invisible e-con e-child\" data-id=\"0fee4c7\" data-element_type=\"container\" data-settings=\"{&quot;animation&quot;:&quot;fadeIn&quot;}\">\n\t\t\t\t<div class=\"elementor-element elementor-element-226e147 elementor-widget-divider--view-line elementor-widget elementor-widget-divider\" data-id=\"226e147\" data-element_type=\"widget\" data-widget_type=\"divider.default\">\n\t\t\t\t<div class=\"elementor-widget-container\">\n\t\t\t\t\t\t\t<div class=\"elementor-divider\">\n\t\t\t<span class=\"elementor-divider-separator\">\n\t\t\t\t\t\t<\/span>\n\t\t<\/div>\n\t\t\t\t\t\t<\/div>\n\t\t\t\t<\/div>\n\t\t\t\t<div class=\"elementor-element elementor-element-2402281 elementor-view-default elementor-position-top elementor-mobile-position-top elementor-widget elementor-widget-icon-box\" data-id=\"2402281\" data-element_type=\"widget\" data-widget_type=\"icon-box.default\">\n\t\t\t\t<div class=\"elementor-widget-container\">\n\t\t\t\t\t\t\t<div class=\"elementor-icon-box-wrapper\">\n\n\t\t\t\t\t\t<div class=\"elementor-icon-box-icon\">\n\t\t\t\t<span  class=\"elementor-icon\">\n\t\t\t\t<svg aria-hidden=\"true\" class=\"e-font-icon-svg e-fas-spray-can\" viewBox=\"0 0 512 512\" xmlns=\"http:\/\/www.w3.org\/2000\/svg\"><path d=\"M224 32c0-17.67-14.33-32-32-32h-64c-17.67 0-32 14.33-32 32v96h128V32zm256 96c-17.67 0-32 14.33-32 32s14.33 32 32 32 32-14.33 32-32-14.33-32-32-32zm-256 32H96c-53.02 0-96 42.98-96 96v224c0 17.67 14.33 32 32 32h256c17.67 0 32-14.33 32-32V256c0-53.02-42.98-96-96-96zm-64 256c-44.18 0-80-35.82-80-80s35.82-80 80-80 80 35.82 80 80-35.82 80-80 80zM480 96c17.67 0 32-14.33 32-32s-14.33-32-32-32-32 14.33-32 32 14.33 32 32 32zm-96 32c-17.67 0-32 14.33-32 32s14.33 32 32 32 32-14.33 32-32-14.33-32-32-32zm-96-96c-17.67 0-32 14.33-32 32s14.33 32 32 32 32-14.33 32-32-14.33-32-32-32zm96 0c-17.67 0-32 14.33-32 32s14.33 32 32 32 32-14.33 32-32-14.33-32-32-32zm96 192c-17.67 0-32 14.33-32 32s14.33 32 32 32 32-14.33 32-32-14.33-32-32-32z\"><\/path><\/svg>\t\t\t\t<\/span>\n\t\t\t<\/div>\n\t\t\t\n\t\t\t\t\t\t<div class=\"elementor-icon-box-content\">\n\n\t\t\t\t\t\t\t\t\t<h3 class=\"elementor-icon-box-title\">\n\t\t\t\t\t\t<span  >\n\t\t\t\t\t\t\tControlo de pragas\t\t\t\t\t\t<\/span>\n\t\t\t\t\t<\/h3>\n\t\t\t\t\n\t\t\t\t\t\t\t\t\t<p class=\"elementor-icon-box-description\">\n\t\t\t\t\t\tOferecemos solu\u00e7\u00f5es eficazes para manter os armaz\u00e9ns, as cozinhas industriais e as \u00e1reas de produ\u00e7\u00e3o livres de pragas. Os nossos tratamentos secos evitam a contamina\u00e7\u00e3o cruzada e garantem a seguran\u00e7a alimentar. \t\t\t\t\t<\/p>\n\t\t\t\t\n\t\t\t<\/div>\n\t\t\t\n\t\t<\/div>\n\t\t\t\t\t\t<\/div>\n\t\t\t\t<\/div>\n\t\t\t\t<\/div>\n\t\t<div class=\"elementor-element elementor-element-1244562 e-con-full e-flex elementor-invisible e-con e-child\" data-id=\"1244562\" data-element_type=\"container\" data-settings=\"{&quot;animation&quot;:&quot;fadeIn&quot;}\">\n\t\t\t\t<div class=\"elementor-element elementor-element-90d3e74 elementor-widget-divider--view-line elementor-widget elementor-widget-divider\" data-id=\"90d3e74\" data-element_type=\"widget\" data-widget_type=\"divider.default\">\n\t\t\t\t<div class=\"elementor-widget-container\">\n\t\t\t\t\t\t\t<div class=\"elementor-divider\">\n\t\t\t<span class=\"elementor-divider-separator\">\n\t\t\t\t\t\t<\/span>\n\t\t<\/div>\n\t\t\t\t\t\t<\/div>\n\t\t\t\t<\/div>\n\t\t\t\t<div class=\"elementor-element elementor-element-30a0256 elementor-view-default elementor-position-top elementor-mobile-position-top elementor-widget elementor-widget-icon-box\" data-id=\"30a0256\" data-element_type=\"widget\" data-widget_type=\"icon-box.default\">\n\t\t\t\t<div class=\"elementor-widget-container\">\n\t\t\t\t\t\t\t<div class=\"elementor-icon-box-wrapper\">\n\n\t\t\t\t\t\t<div class=\"elementor-icon-box-icon\">\n\t\t\t\t<span  class=\"elementor-icon\">\n\t\t\t\t<svg aria-hidden=\"true\" class=\"e-font-icon-svg e-fas-file-medical\" viewBox=\"0 0 384 512\" xmlns=\"http:\/\/www.w3.org\/2000\/svg\"><path d=\"M377 105L279.1 7c-4.5-4.5-10.6-7-17-7H256v128h128v-6.1c0-6.3-2.5-12.4-7-16.9zm-153 31V0H24C10.7 0 0 10.7 0 24v464c0 13.3 10.7 24 24 24h336c13.3 0 24-10.7 24-24V160H248c-13.2 0-24-10.8-24-24zm64 160v48c0 4.4-3.6 8-8 8h-56v56c0 4.4-3.6 8-8 8h-48c-4.4 0-8-3.6-8-8v-56h-56c-4.4 0-8-3.6-8-8v-48c0-4.4 3.6-8 8-8h56v-56c0-4.4 3.6-8 8-8h48c4.4 0 8 3.6 8 8v56h56c4.4 0 8 3.6 8 8z\"><\/path><\/svg>\t\t\t\t<\/span>\n\t\t\t<\/div>\n\t\t\t\n\t\t\t\t\t\t<div class=\"elementor-icon-box-content\">\n\n\t\t\t\t\t\t\t\t\t<h3 class=\"elementor-icon-box-title\">\n\t\t\t\t\t\t<span  >\n\t\t\t\t\t\t\tConformidade regulamentar\t\t\t\t\t\t<\/span>\n\t\t\t\t\t<\/h3>\n\t\t\t\t\n\t\t\t\t\t\t\t\t\t<p class=\"elementor-icon-box-description\">\n\t\t\t\t\t\tOs nossos produtos cumprem os regulamentos sanit\u00e1rios exigidos na ind\u00fastria alimentar, facilitando a conformidade regulamentar e assegurando que as instala\u00e7\u00f5es est\u00e3o sempre prontas para as inspec\u00e7\u00f5es.\t\t\t\t\t<\/p>\n\t\t\t\t\n\t\t\t<\/div>\n\t\t\t\n\t\t<\/div>\n\t\t\t\t\t\t<\/div>\n\t\t\t\t<\/div>\n\t\t\t\t<\/div>\n\t\t\t\t<\/div>\n\t\t<div class=\"elementor-element elementor-element-f35086a e-con-full e-flex e-con e-child\" data-id=\"f35086a\" data-element_type=\"container\">\n\t\t\t\t<div class=\"elementor-element elementor-element-935352a elementor-widget elementor-widget-heading\" data-id=\"935352a\" data-element_type=\"widget\" data-widget_type=\"heading.default\">\n\t\t\t\t<div class=\"elementor-widget-container\">\n\t\t\t\t\t<h2 class=\"elementor-heading-title elementor-size-default\"><b>Seguran\u00e7a e preven\u00e7\u00e3o<\/b><\/h2>\t\t\t\t<\/div>\n\t\t\t\t<\/div>\n\t\t\t\t<div class=\"elementor-element elementor-element-1161c2e elementor-widget elementor-widget-text-editor\" data-id=\"1161c2e\" data-element_type=\"widget\" data-widget_type=\"text-editor.default\">\n\t\t\t\t<div class=\"elementor-widget-container\">\n\t\t\t\t\t\t\t\t\t<p>Alguns manipuladores de alimentos podem contrair uma vasta gama de infec\u00e7\u00f5es cut\u00e2neas, incluindo carb\u00fanculo, actinomicose e erisipela. Alguns frutos secos est\u00e3o infestados de \u00e1caros que podem afetar os trabalhadores nas opera\u00e7\u00f5es de triagem. Para tal, \u00e9 muito importante tomar todas as medidas necess\u00e1rias, tais como a vacina\u00e7\u00e3o profil\u00e1ctica espec\u00edfica contra doen\u00e7as infecciosas, a utiliza\u00e7\u00e3o de luvas adequadas e uma higiene pessoal apropriada; mas, acima de tudo, instala\u00e7\u00f5es sanit\u00e1rias que permitam tomar tais precau\u00e7\u00f5es, uma vez que estas s\u00e3o um pr\u00e9-requisito de qualquer ind\u00fastria alimentar como prote\u00e7\u00e3o do produto.  <\/p>\t\t\t\t\t\t\t\t<\/div>\n\t\t\t\t<\/div>\n\t\t\t\t<\/div>\n\t\t\t\t<\/div>\n\t\t\t\t\t<\/div>\n\t\t\t\t<\/div>\n\t\t<div class=\"elementor-element elementor-element-e07669b e-con-full e-flex e-con e-parent\" data-id=\"e07669b\" data-element_type=\"container\" data-settings=\"{&quot;background_background&quot;:&quot;classic&quot;}\">\n\t\t<div class=\"elementor-element elementor-element-3031c48 e-flex e-con-boxed e-con e-child\" data-id=\"3031c48\" data-element_type=\"container\">\n\t\t\t\t\t<div class=\"e-con-inner\">\n\t\t\t\t<div class=\"elementor-element elementor-element-eba9487 elementor-widget elementor-widget-heading\" data-id=\"eba9487\" data-element_type=\"widget\" data-widget_type=\"heading.default\">\n\t\t\t\t<div class=\"elementor-widget-container\">\n\t\t\t\t\t<h2 class=\"elementor-heading-title elementor-size-default\">FumiHogar<\/h2>\t\t\t\t<\/div>\n\t\t\t\t<\/div>\n\t\t\t\t<div class=\"elementor-element elementor-element-15d7239 elementor-widget-mobile__width-inherit elementor-widget elementor-widget-text-editor\" data-id=\"15d7239\" data-element_type=\"widget\" data-widget_type=\"text-editor.default\">\n\t\t\t\t<div class=\"elementor-widget-container\">\n\t\t\t\t\t\t\t\t\t<p>Consolida-se assim como um selo de garantia para este tipo de ind\u00fastria, j\u00e1 que as instala\u00e7\u00f5es cumprir\u00e3o os requisitos necess\u00e1rios para poder realizar a manipula\u00e7\u00e3o de g\u00e9neros aliment\u00edcios ap\u00f3s a aplica\u00e7\u00e3o dos nossos produtos.<\/p>\t\t\t\t\t\t\t\t<\/div>\n\t\t\t\t<\/div>\n\t\t\t\t\t<\/div>\n\t\t\t\t<\/div>\n\t\t<div class=\"elementor-element elementor-element-70788b1 e-con-full contenedor-producto e-flex e-con e-child\" data-id=\"70788b1\" data-element_type=\"container\" data-settings=\"{&quot;background_background&quot;:&quot;classic&quot;}\">\n\t\t\t\t<\/div>\n\t\t\t\t<\/div>\n\t\t\t\t<\/div>\n\t\t","protected":false},"excerpt":{"rendered":"<p>Nos sectores necess\u00e1rios A seguran\u00e7a alimentar \u00e9 respons\u00e1vel pela transforma\u00e7\u00e3o dos produtos do sector agr\u00edcola, ou seja, da agricultura e da pecu\u00e1ria. Existem certos riscos para a sa\u00fade neste processo de manuseamento. As infec\u00e7\u00f5es e as doen\u00e7as infecciosas ou parasit\u00e1rias transmitidas por animais ou por res\u00edduos de animais utilizados no fabrico s\u00e3o problemas profissionais comuns [&hellip;]<\/p>\n","protected":false},"author":1,"featured_media":0,"parent":1929,"menu_order":0,"comment_status":"closed","ping_status":"closed","template":"","meta":{"footnotes":""},"class_list":["post-1878","page","type-page","status-publish","hentry"],"yoast_head":"<!-- This site is optimized with the Yoast SEO plugin v24.6 - https:\/\/yoast.com\/wordpress\/plugins\/seo\/ -->\n<title>Higieniza\u00e7\u00e3o de Alimentos | Solu\u00e7\u00f5es FumiHogar<\/title>\n<meta name=\"description\" content=\"A FumiHogar garante a seguran\u00e7a alimentar com solu\u00e7\u00f5es eficazes para o controlo de pragas e agentes patog\u00e9nicos na ind\u00fastria alimentar.\" \/>\n<meta name=\"robots\" content=\"index, follow, max-snippet:-1, max-image-preview:large, max-video-preview:-1\" \/>\n<link rel=\"canonical\" href=\"https:\/\/brave-sutherland.217-18-163-79.plesk.page\/pt-pt\/sectores\/seguranca-alimentar\/\" \/>\n<meta property=\"og:locale\" content=\"pt_PT\" \/>\n<meta property=\"og:type\" content=\"article\" \/>\n<meta property=\"og:title\" content=\"Higieniza\u00e7\u00e3o de Alimentos | Solu\u00e7\u00f5es FumiHogar\" \/>\n<meta property=\"og:description\" content=\"A FumiHogar garante a seguran\u00e7a alimentar com solu\u00e7\u00f5es eficazes para o controlo de pragas e agentes patog\u00e9nicos na ind\u00fastria alimentar.\" \/>\n<meta property=\"og:url\" content=\"https:\/\/brave-sutherland.217-18-163-79.plesk.page\/pt-pt\/sectores\/seguranca-alimentar\/\" \/>\n<meta property=\"og:site_name\" content=\"Fumihogar\" \/>\n<meta property=\"article:modified_time\" content=\"2025-03-17T16:09:33+00:00\" \/>\n<meta name=\"twitter:card\" content=\"summary_large_image\" \/>\n<meta name=\"twitter:label1\" content=\"Tempo estimado de leitura\" \/>\n\t<meta name=\"twitter:data1\" content=\"2 minutos\" \/>\n<script type=\"application\/ld+json\" class=\"yoast-schema-graph\">{\"@context\":\"https:\/\/schema.org\",\"@graph\":[{\"@type\":\"WebPage\",\"@id\":\"https:\/\/brave-sutherland.217-18-163-79.plesk.page\/pt-pt\/sectores\/seguranca-alimentar\/\",\"url\":\"https:\/\/brave-sutherland.217-18-163-79.plesk.page\/pt-pt\/sectores\/seguranca-alimentar\/\",\"name\":\"Higieniza\u00e7\u00e3o de Alimentos | Solu\u00e7\u00f5es FumiHogar\",\"isPartOf\":{\"@id\":\"https:\/\/brave-sutherland.217-18-163-79.plesk.page\/#website\"},\"datePublished\":\"2025-03-11T08:17:38+00:00\",\"dateModified\":\"2025-03-17T16:09:33+00:00\",\"description\":\"A FumiHogar garante a seguran\u00e7a alimentar com solu\u00e7\u00f5es eficazes para o controlo de pragas e agentes patog\u00e9nicos na ind\u00fastria alimentar.\",\"breadcrumb\":{\"@id\":\"https:\/\/brave-sutherland.217-18-163-79.plesk.page\/pt-pt\/sectores\/seguranca-alimentar\/#breadcrumb\"},\"inLanguage\":\"pt-PT\",\"potentialAction\":[{\"@type\":\"ReadAction\",\"target\":[\"https:\/\/brave-sutherland.217-18-163-79.plesk.page\/pt-pt\/sectores\/seguranca-alimentar\/\"]}]},{\"@type\":\"BreadcrumbList\",\"@id\":\"https:\/\/brave-sutherland.217-18-163-79.plesk.page\/pt-pt\/sectores\/seguranca-alimentar\/#breadcrumb\",\"itemListElement\":[{\"@type\":\"ListItem\",\"position\":1,\"name\":\"Portada\",\"item\":\"https:\/\/brave-sutherland.217-18-163-79.plesk.page\/pt-pt\/inicio\/\"},{\"@type\":\"ListItem\",\"position\":2,\"name\":\"Sectores\",\"item\":\"https:\/\/brave-sutherland.217-18-163-79.plesk.page\/pt-pt\/sectores\/\"},{\"@type\":\"ListItem\",\"position\":3,\"name\":\"Seguran\u00e7a alimentar\"}]},{\"@type\":\"WebSite\",\"@id\":\"https:\/\/brave-sutherland.217-18-163-79.plesk.page\/#website\",\"url\":\"https:\/\/brave-sutherland.217-18-163-79.plesk.page\/\",\"name\":\"Fumihogar\",\"description\":\"Tratamientos fum\u00edgenos en seco\",\"publisher\":{\"@id\":\"https:\/\/brave-sutherland.217-18-163-79.plesk.page\/#organization\"},\"potentialAction\":[{\"@type\":\"SearchAction\",\"target\":{\"@type\":\"EntryPoint\",\"urlTemplate\":\"https:\/\/brave-sutherland.217-18-163-79.plesk.page\/?s={search_term_string}\"},\"query-input\":{\"@type\":\"PropertyValueSpecification\",\"valueRequired\":true,\"valueName\":\"search_term_string\"}}],\"inLanguage\":\"pt-PT\"},{\"@type\":\"Organization\",\"@id\":\"https:\/\/brave-sutherland.217-18-163-79.plesk.page\/#organization\",\"name\":\"Fumihogar\",\"url\":\"https:\/\/brave-sutherland.217-18-163-79.plesk.page\/\",\"logo\":{\"@type\":\"ImageObject\",\"inLanguage\":\"pt-PT\",\"@id\":\"https:\/\/brave-sutherland.217-18-163-79.plesk.page\/#\/schema\/logo\/image\/\",\"url\":\"https:\/\/brave-sutherland.217-18-163-79.plesk.page\/wp-content\/uploads\/2024\/11\/FumiHogar-LogoNuevo.png\",\"contentUrl\":\"https:\/\/brave-sutherland.217-18-163-79.plesk.page\/wp-content\/uploads\/2024\/11\/FumiHogar-LogoNuevo.png\",\"width\":400,\"height\":178,\"caption\":\"Fumihogar\"},\"image\":{\"@id\":\"https:\/\/brave-sutherland.217-18-163-79.plesk.page\/#\/schema\/logo\/image\/\"}}]}<\/script>\n<!-- \/ Yoast SEO plugin. -->","yoast_head_json":{"title":"Higieniza\u00e7\u00e3o de Alimentos | Solu\u00e7\u00f5es FumiHogar","description":"A FumiHogar garante a seguran\u00e7a alimentar com solu\u00e7\u00f5es eficazes para o controlo de pragas e agentes patog\u00e9nicos na ind\u00fastria alimentar.","robots":{"index":"index","follow":"follow","max-snippet":"max-snippet:-1","max-image-preview":"max-image-preview:large","max-video-preview":"max-video-preview:-1"},"canonical":"https:\/\/brave-sutherland.217-18-163-79.plesk.page\/pt-pt\/sectores\/seguranca-alimentar\/","og_locale":"pt_PT","og_type":"article","og_title":"Higieniza\u00e7\u00e3o de Alimentos | Solu\u00e7\u00f5es FumiHogar","og_description":"A FumiHogar garante a seguran\u00e7a alimentar com solu\u00e7\u00f5es eficazes para o controlo de pragas e agentes patog\u00e9nicos na ind\u00fastria alimentar.","og_url":"https:\/\/brave-sutherland.217-18-163-79.plesk.page\/pt-pt\/sectores\/seguranca-alimentar\/","og_site_name":"Fumihogar","article_modified_time":"2025-03-17T16:09:33+00:00","twitter_card":"summary_large_image","twitter_misc":{"Tempo estimado de leitura":"2 minutos"},"schema":{"@context":"https:\/\/schema.org","@graph":[{"@type":"WebPage","@id":"https:\/\/brave-sutherland.217-18-163-79.plesk.page\/pt-pt\/sectores\/seguranca-alimentar\/","url":"https:\/\/brave-sutherland.217-18-163-79.plesk.page\/pt-pt\/sectores\/seguranca-alimentar\/","name":"Higieniza\u00e7\u00e3o de Alimentos | Solu\u00e7\u00f5es FumiHogar","isPartOf":{"@id":"https:\/\/brave-sutherland.217-18-163-79.plesk.page\/#website"},"datePublished":"2025-03-11T08:17:38+00:00","dateModified":"2025-03-17T16:09:33+00:00","description":"A FumiHogar garante a seguran\u00e7a alimentar com solu\u00e7\u00f5es eficazes para o controlo de pragas e agentes patog\u00e9nicos na ind\u00fastria alimentar.","breadcrumb":{"@id":"https:\/\/brave-sutherland.217-18-163-79.plesk.page\/pt-pt\/sectores\/seguranca-alimentar\/#breadcrumb"},"inLanguage":"pt-PT","potentialAction":[{"@type":"ReadAction","target":["https:\/\/brave-sutherland.217-18-163-79.plesk.page\/pt-pt\/sectores\/seguranca-alimentar\/"]}]},{"@type":"BreadcrumbList","@id":"https:\/\/brave-sutherland.217-18-163-79.plesk.page\/pt-pt\/sectores\/seguranca-alimentar\/#breadcrumb","itemListElement":[{"@type":"ListItem","position":1,"name":"Portada","item":"https:\/\/brave-sutherland.217-18-163-79.plesk.page\/pt-pt\/inicio\/"},{"@type":"ListItem","position":2,"name":"Sectores","item":"https:\/\/brave-sutherland.217-18-163-79.plesk.page\/pt-pt\/sectores\/"},{"@type":"ListItem","position":3,"name":"Seguran\u00e7a alimentar"}]},{"@type":"WebSite","@id":"https:\/\/brave-sutherland.217-18-163-79.plesk.page\/#website","url":"https:\/\/brave-sutherland.217-18-163-79.plesk.page\/","name":"Fumihogar","description":"Tratamientos fum\u00edgenos en seco","publisher":{"@id":"https:\/\/brave-sutherland.217-18-163-79.plesk.page\/#organization"},"potentialAction":[{"@type":"SearchAction","target":{"@type":"EntryPoint","urlTemplate":"https:\/\/brave-sutherland.217-18-163-79.plesk.page\/?s={search_term_string}"},"query-input":{"@type":"PropertyValueSpecification","valueRequired":true,"valueName":"search_term_string"}}],"inLanguage":"pt-PT"},{"@type":"Organization","@id":"https:\/\/brave-sutherland.217-18-163-79.plesk.page\/#organization","name":"Fumihogar","url":"https:\/\/brave-sutherland.217-18-163-79.plesk.page\/","logo":{"@type":"ImageObject","inLanguage":"pt-PT","@id":"https:\/\/brave-sutherland.217-18-163-79.plesk.page\/#\/schema\/logo\/image\/","url":"https:\/\/brave-sutherland.217-18-163-79.plesk.page\/wp-content\/uploads\/2024\/11\/FumiHogar-LogoNuevo.png","contentUrl":"https:\/\/brave-sutherland.217-18-163-79.plesk.page\/wp-content\/uploads\/2024\/11\/FumiHogar-LogoNuevo.png","width":400,"height":178,"caption":"Fumihogar"},"image":{"@id":"https:\/\/brave-sutherland.217-18-163-79.plesk.page\/#\/schema\/logo\/image\/"}}]}},"_links":{"self":[{"href":"https:\/\/brave-sutherland.217-18-163-79.plesk.page\/pt-pt\/wp-json\/wp\/v2\/pages\/1878","targetHints":{"allow":["GET"]}}],"collection":[{"href":"https:\/\/brave-sutherland.217-18-163-79.plesk.page\/pt-pt\/wp-json\/wp\/v2\/pages"}],"about":[{"href":"https:\/\/brave-sutherland.217-18-163-79.plesk.page\/pt-pt\/wp-json\/wp\/v2\/types\/page"}],"author":[{"embeddable":true,"href":"https:\/\/brave-sutherland.217-18-163-79.plesk.page\/pt-pt\/wp-json\/wp\/v2\/users\/1"}],"replies":[{"embeddable":true,"href":"https:\/\/brave-sutherland.217-18-163-79.plesk.page\/pt-pt\/wp-json\/wp\/v2\/comments?post=1878"}],"version-history":[{"count":1,"href":"https:\/\/brave-sutherland.217-18-163-79.plesk.page\/pt-pt\/wp-json\/wp\/v2\/pages\/1878\/revisions"}],"predecessor-version":[{"id":1882,"href":"https:\/\/brave-sutherland.217-18-163-79.plesk.page\/pt-pt\/wp-json\/wp\/v2\/pages\/1878\/revisions\/1882"}],"up":[{"embeddable":true,"href":"https:\/\/brave-sutherland.217-18-163-79.plesk.page\/pt-pt\/wp-json\/wp\/v2\/pages\/1929"}],"wp:attachment":[{"href":"https:\/\/brave-sutherland.217-18-163-79.plesk.page\/pt-pt\/wp-json\/wp\/v2\/media?parent=1878"}],"curies":[{"name":"wp","href":"https:\/\/api.w.org\/{rel}","templated":true}]}}