{"id":1929,"date":"2025-02-06T10:45:20","date_gmt":"2025-02-06T10:45:20","guid":{"rendered":"https:\/\/brave-sutherland.217-18-163-79.plesk.page\/sectores\/"},"modified":"2025-03-17T16:09:40","modified_gmt":"2025-03-17T16:09:40","slug":"sectores","status":"publish","type":"page","link":"https:\/\/brave-sutherland.217-18-163-79.plesk.page\/pt-pt\/sectores\/","title":{"rendered":"Sectores"},"content":{"rendered":"\t\t<div data-elementor-type=\"wp-page\" data-elementor-id=\"1929\" class=\"elementor elementor-1929 elementor-257\" data-elementor-post-type=\"page\">\n\t\t\t\t<div class=\"elementor-element elementor-element-f52c026 e-con-full e-flex e-con e-parent\" data-id=\"f52c026\" data-element_type=\"container\">\n\t\t<div class=\"elementor-element elementor-element-ca52b12 e-flex e-con-boxed e-con e-child\" data-id=\"ca52b12\" data-element_type=\"container\" data-settings=\"{&quot;background_background&quot;:&quot;classic&quot;}\">\n\t\t\t\t\t<div class=\"e-con-inner\">\n\t\t<div class=\"elementor-element elementor-element-2450ba3 e-con-full e-flex e-con e-child\" data-id=\"2450ba3\" data-element_type=\"container\">\n\t\t\t\t<div class=\"elementor-element elementor-element-35a34fb elementor-widget elementor-widget-heading\" data-id=\"35a34fb\" data-element_type=\"widget\" data-widget_type=\"heading.default\">\n\t\t\t\t<div class=\"elementor-widget-container\">\n\t\t\t\t\t<h1 class=\"elementor-heading-title elementor-size-default\">Sectores<\/h1>\t\t\t\t<\/div>\n\t\t\t\t<\/div>\n\t\t\t\t<\/div>\n\t\t\t\t\t<\/div>\n\t\t\t\t<\/div>\n\t\t\t\t<\/div>\n\t\t<div class=\"elementor-element elementor-element-c868a6d e-flex e-con-boxed e-con e-parent\" data-id=\"c868a6d\" data-element_type=\"container\" data-settings=\"{&quot;background_background&quot;:&quot;classic&quot;}\">\n\t\t\t\t\t<div class=\"e-con-inner\">\n\t\t<div class=\"elementor-element elementor-element-eeba8ff e-con-full e-flex e-con e-child\" data-id=\"eeba8ff\" data-element_type=\"container\">\n\t\t<div class=\"elementor-element elementor-element-1cea0e7 e-con-full e-flex e-con e-child\" data-id=\"1cea0e7\" data-element_type=\"container\">\n\t\t<div class=\"elementor-element elementor-element-e2bae22 e-con-full e-flex elementor-invisible e-con e-child\" data-id=\"e2bae22\" data-element_type=\"container\" data-settings=\"{&quot;animation&quot;:&quot;fadeIn&quot;}\">\n\t\t\t\t<div class=\"elementor-element elementor-element-966d30d elementor-widget-divider--view-line elementor-widget elementor-widget-divider\" data-id=\"966d30d\" data-element_type=\"widget\" data-widget_type=\"divider.default\">\n\t\t\t\t<div class=\"elementor-widget-container\">\n\t\t\t\t\t\t\t<div class=\"elementor-divider\">\n\t\t\t<span class=\"elementor-divider-separator\">\n\t\t\t\t\t\t<\/span>\n\t\t<\/div>\n\t\t\t\t\t\t<\/div>\n\t\t\t\t<\/div>\n\t\t<div class=\"elementor-element elementor-element-abda8fa e-con-full e-flex e-con e-child\" data-id=\"abda8fa\" data-element_type=\"container\" data-settings=\"{&quot;background_background&quot;:&quot;classic&quot;}\">\n\t\t\t\t<div class=\"elementor-element elementor-element-4bd1b37 elementor-widget elementor-widget-heading\" data-id=\"4bd1b37\" data-element_type=\"widget\" data-widget_type=\"heading.default\">\n\t\t\t\t<div class=\"elementor-widget-container\">\n\t\t\t\t\t<h3 class=\"elementor-heading-title elementor-size-default\">Sa\u00fade Ambiental<\/h3>\t\t\t\t<\/div>\n\t\t\t\t<\/div>\n\t\t\t\t<\/div>\n\t\t\t\t<div class=\"elementor-element elementor-element-cbab2c2 elementor-widget__width-auto elementor-widget elementor-widget-button\" data-id=\"cbab2c2\" data-element_type=\"widget\" data-widget_type=\"button.default\">\n\t\t\t\t<div class=\"elementor-widget-container\">\n\t\t\t\t\t\t\t\t\t<div class=\"elementor-button-wrapper\">\n\t\t\t\t\t<a class=\"elementor-button elementor-button-link elementor-size-sm\" href=\"https:\/\/brave-sutherland.217-18-163-79.plesk.page\/pt-pt\/sectores\/saude-ambiental\/\">\n\t\t\t\t\t\t<span class=\"elementor-button-content-wrapper\">\n\t\t\t\t\t\t<span class=\"elementor-button-icon\">\n\t\t\t\t<svg xmlns=\"http:\/\/www.w3.org\/2000\/svg\" height=\"512\" viewBox=\"0 0 24 24\" width=\"512\"><g id=\"arrow\/arrow-top-right\" fill=\"none\" fill-rule=\"evenodd\"><path id=\"Fill-4\" d=\"m6.00025 3.4986c0 .276.224.5.5.5h11.793l-14.147 14.146c-.195.196-.195.512 0 .708.196.195.512.195.708 0l14.146-14.147v11.793c0 .276.224.5.5.5s.5001115-.224.5001115-.5v-12.999c.0058885-.27-.2311115-.507-.5011115-.50111151h-12.999c-.276 0-.5.22411151-.5.50011151\" fill=\"rgb(255,255,255)\"><\/path><\/g><\/svg>\t\t\t<\/span>\n\t\t\t\t\t\t\t\t\t<span class=\"elementor-button-text\">SAIBA MAIS<\/span>\n\t\t\t\t\t<\/span>\n\t\t\t\t\t<\/a>\n\t\t\t\t<\/div>\n\t\t\t\t\t\t\t\t<\/div>\n\t\t\t\t<\/div>\n\t\t\t\t<\/div>\n\t\t<div class=\"elementor-element elementor-element-63ea774 e-con-full e-flex elementor-invisible e-con e-child\" data-id=\"63ea774\" data-element_type=\"container\" data-settings=\"{&quot;animation&quot;:&quot;fadeIn&quot;}\">\n\t\t\t\t<div class=\"elementor-element elementor-element-c7d0fde elementor-widget-divider--view-line elementor-widget elementor-widget-divider\" data-id=\"c7d0fde\" data-element_type=\"widget\" data-widget_type=\"divider.default\">\n\t\t\t\t<div class=\"elementor-widget-container\">\n\t\t\t\t\t\t\t<div class=\"elementor-divider\">\n\t\t\t<span class=\"elementor-divider-separator\">\n\t\t\t\t\t\t<\/span>\n\t\t<\/div>\n\t\t\t\t\t\t<\/div>\n\t\t\t\t<\/div>\n\t\t<div class=\"elementor-element elementor-element-8298986 e-con-full e-flex e-con e-child\" data-id=\"8298986\" data-element_type=\"container\" data-settings=\"{&quot;background_background&quot;:&quot;classic&quot;}\">\n\t\t\t\t<div class=\"elementor-element elementor-element-4b3b50f elementor-widget elementor-widget-heading\" data-id=\"4b3b50f\" data-element_type=\"widget\" data-widget_type=\"heading.default\">\n\t\t\t\t<div class=\"elementor-widget-container\">\n\t\t\t\t\t<h3 class=\"elementor-heading-title elementor-size-default\">Veterin\u00e1ria<\/h3>\t\t\t\t<\/div>\n\t\t\t\t<\/div>\n\t\t\t\t<\/div>\n\t\t\t\t<div class=\"elementor-element elementor-element-43e5b9c elementor-widget__width-auto elementor-widget elementor-widget-button\" data-id=\"43e5b9c\" data-element_type=\"widget\" data-widget_type=\"button.default\">\n\t\t\t\t<div class=\"elementor-widget-container\">\n\t\t\t\t\t\t\t\t\t<div class=\"elementor-button-wrapper\">\n\t\t\t\t\t<a class=\"elementor-button elementor-button-link elementor-size-sm\" href=\"https:\/\/brave-sutherland.217-18-163-79.plesk.page\/pt-pt\/sectores\/veterinaria\/\">\n\t\t\t\t\t\t<span class=\"elementor-button-content-wrapper\">\n\t\t\t\t\t\t<span class=\"elementor-button-icon\">\n\t\t\t\t<svg xmlns=\"http:\/\/www.w3.org\/2000\/svg\" height=\"512\" viewBox=\"0 0 24 24\" width=\"512\"><g id=\"arrow\/arrow-top-right\" fill=\"none\" fill-rule=\"evenodd\"><path id=\"Fill-4\" d=\"m6.00025 3.4986c0 .276.224.5.5.5h11.793l-14.147 14.146c-.195.196-.195.512 0 .708.196.195.512.195.708 0l14.146-14.147v11.793c0 .276.224.5.5.5s.5001115-.224.5001115-.5v-12.999c.0058885-.27-.2311115-.507-.5011115-.50111151h-12.999c-.276 0-.5.22411151-.5.50011151\" fill=\"rgb(255,255,255)\"><\/path><\/g><\/svg>\t\t\t<\/span>\n\t\t\t\t\t\t\t\t\t<span class=\"elementor-button-text\">SAIBA MAIS<\/span>\n\t\t\t\t\t<\/span>\n\t\t\t\t\t<\/a>\n\t\t\t\t<\/div>\n\t\t\t\t\t\t\t\t<\/div>\n\t\t\t\t<\/div>\n\t\t\t\t<\/div>\n\t\t<div class=\"elementor-element elementor-element-0318d47 e-con-full e-flex elementor-invisible e-con e-child\" data-id=\"0318d47\" data-element_type=\"container\" data-settings=\"{&quot;animation&quot;:&quot;fadeIn&quot;}\">\n\t\t\t\t<div class=\"elementor-element elementor-element-7f87e04 elementor-widget-divider--view-line elementor-widget elementor-widget-divider\" data-id=\"7f87e04\" data-element_type=\"widget\" data-widget_type=\"divider.default\">\n\t\t\t\t<div class=\"elementor-widget-container\">\n\t\t\t\t\t\t\t<div class=\"elementor-divider\">\n\t\t\t<span class=\"elementor-divider-separator\">\n\t\t\t\t\t\t<\/span>\n\t\t<\/div>\n\t\t\t\t\t\t<\/div>\n\t\t\t\t<\/div>\n\t\t<div class=\"elementor-element elementor-element-f199e35 e-con-full e-flex e-con e-child\" data-id=\"f199e35\" data-element_type=\"container\" data-settings=\"{&quot;background_background&quot;:&quot;classic&quot;}\">\n\t\t\t\t<div class=\"elementor-element elementor-element-45bb010 elementor-widget elementor-widget-heading\" data-id=\"45bb010\" data-element_type=\"widget\" data-widget_type=\"heading.default\">\n\t\t\t\t<div class=\"elementor-widget-container\">\n\t\t\t\t\t<h3 class=\"elementor-heading-title elementor-size-default\">Seguran\u00e7a alimentar<\/h3>\t\t\t\t<\/div>\n\t\t\t\t<\/div>\n\t\t\t\t<\/div>\n\t\t\t\t<div class=\"elementor-element elementor-element-58b1a63 elementor-widget__width-auto elementor-widget elementor-widget-button\" data-id=\"58b1a63\" data-element_type=\"widget\" data-widget_type=\"button.default\">\n\t\t\t\t<div class=\"elementor-widget-container\">\n\t\t\t\t\t\t\t\t\t<div class=\"elementor-button-wrapper\">\n\t\t\t\t\t<a class=\"elementor-button elementor-button-link elementor-size-sm\" href=\"https:\/\/brave-sutherland.217-18-163-79.plesk.page\/pt-pt\/sectores\/seguranca-alimentar\/\">\n\t\t\t\t\t\t<span class=\"elementor-button-content-wrapper\">\n\t\t\t\t\t\t<span class=\"elementor-button-icon\">\n\t\t\t\t<svg xmlns=\"http:\/\/www.w3.org\/2000\/svg\" height=\"512\" viewBox=\"0 0 24 24\" width=\"512\"><g id=\"arrow\/arrow-top-right\" fill=\"none\" fill-rule=\"evenodd\"><path id=\"Fill-4\" d=\"m6.00025 3.4986c0 .276.224.5.5.5h11.793l-14.147 14.146c-.195.196-.195.512 0 .708.196.195.512.195.708 0l14.146-14.147v11.793c0 .276.224.5.5.5s.5001115-.224.5001115-.5v-12.999c.0058885-.27-.2311115-.507-.5011115-.50111151h-12.999c-.276 0-.5.22411151-.5.50011151\" fill=\"rgb(255,255,255)\"><\/path><\/g><\/svg>\t\t\t<\/span>\n\t\t\t\t\t\t\t\t\t<span class=\"elementor-button-text\">SAIBA MAIS<\/span>\n\t\t\t\t\t<\/span>\n\t\t\t\t\t<\/a>\n\t\t\t\t<\/div>\n\t\t\t\t\t\t\t\t<\/div>\n\t\t\t\t<\/div>\n\t\t\t\t<\/div>\n\t\t<div class=\"elementor-element elementor-element-7e0c764 e-con-full e-flex elementor-invisible e-con e-child\" data-id=\"7e0c764\" data-element_type=\"container\" data-settings=\"{&quot;animation&quot;:&quot;fadeIn&quot;}\">\n\t\t\t\t<div class=\"elementor-element elementor-element-436fc63 elementor-widget-divider--view-line elementor-widget elementor-widget-divider\" data-id=\"436fc63\" data-element_type=\"widget\" data-widget_type=\"divider.default\">\n\t\t\t\t<div class=\"elementor-widget-container\">\n\t\t\t\t\t\t\t<div class=\"elementor-divider\">\n\t\t\t<span class=\"elementor-divider-separator\">\n\t\t\t\t\t\t<\/span>\n\t\t<\/div>\n\t\t\t\t\t\t<\/div>\n\t\t\t\t<\/div>\n\t\t<div class=\"elementor-element elementor-element-4eff96a e-con-full e-flex e-con e-child\" data-id=\"4eff96a\" data-element_type=\"container\" data-settings=\"{&quot;background_background&quot;:&quot;classic&quot;}\">\n\t\t\t\t<div class=\"elementor-element elementor-element-a07967f elementor-widget elementor-widget-heading\" data-id=\"a07967f\" data-element_type=\"widget\" data-widget_type=\"heading.default\">\n\t\t\t\t<div class=\"elementor-widget-container\">\n\t\t\t\t\t<h3 class=\"elementor-heading-title elementor-size-default\">Agricultura<\/h3>\t\t\t\t<\/div>\n\t\t\t\t<\/div>\n\t\t\t\t<\/div>\n\t\t\t\t<div class=\"elementor-element elementor-element-ad0c521 elementor-widget__width-auto elementor-widget elementor-widget-button\" data-id=\"ad0c521\" data-element_type=\"widget\" data-widget_type=\"button.default\">\n\t\t\t\t<div class=\"elementor-widget-container\">\n\t\t\t\t\t\t\t\t\t<div class=\"elementor-button-wrapper\">\n\t\t\t\t\t<a class=\"elementor-button elementor-button-link elementor-size-sm\" href=\"https:\/\/brave-sutherland.217-18-163-79.plesk.page\/pt-pt\/sectores\/agricultura\/\">\n\t\t\t\t\t\t<span class=\"elementor-button-content-wrapper\">\n\t\t\t\t\t\t<span class=\"elementor-button-icon\">\n\t\t\t\t<svg xmlns=\"http:\/\/www.w3.org\/2000\/svg\" height=\"512\" viewBox=\"0 0 24 24\" width=\"512\"><g id=\"arrow\/arrow-top-right\" fill=\"none\" fill-rule=\"evenodd\"><path id=\"Fill-4\" d=\"m6.00025 3.4986c0 .276.224.5.5.5h11.793l-14.147 14.146c-.195.196-.195.512 0 .708.196.195.512.195.708 0l14.146-14.147v11.793c0 .276.224.5.5.5s.5001115-.224.5001115-.5v-12.999c.0058885-.27-.2311115-.507-.5011115-.50111151h-12.999c-.276 0-.5.22411151-.5.50011151\" fill=\"rgb(255,255,255)\"><\/path><\/g><\/svg>\t\t\t<\/span>\n\t\t\t\t\t\t\t\t\t<span class=\"elementor-button-text\">SAIBA MAIS<\/span>\n\t\t\t\t\t<\/span>\n\t\t\t\t\t<\/a>\n\t\t\t\t<\/div>\n\t\t\t\t\t\t\t\t<\/div>\n\t\t\t\t<\/div>\n\t\t\t\t<\/div>\n\t\t\t\t<\/div>\n\t\t<div class=\"elementor-element elementor-element-4f41376 e-con-full e-flex e-con e-child\" data-id=\"4f41376\" data-element_type=\"container\">\n\t\t\t\t<div class=\"elementor-element elementor-element-e6bc4f2 elementor-widget elementor-widget-heading\" data-id=\"e6bc4f2\" data-element_type=\"widget\" data-widget_type=\"heading.default\">\n\t\t\t\t<div class=\"elementor-widget-container\">\n\t\t\t\t\t<h2 class=\"elementor-heading-title elementor-size-default\">Dom\u00ednios de aplica\u00e7\u00e3o<\/h2>\t\t\t\t<\/div>\n\t\t\t\t<\/div>\n\t\t\t\t<div class=\"elementor-element elementor-element-e8f2f28 elementor-widget elementor-widget-text-editor\" data-id=\"e8f2f28\" data-element_type=\"widget\" data-widget_type=\"text-editor.default\">\n\t\t\t\t<div class=\"elementor-widget-container\">\n\t\t\t\t\t\t\t\t\t<p>Possui uma equipa multidisciplinar especializada em diferentes \u00e1reas e sectores, realizando sempre um trabalho meticuloso.<\/p><p>Da veterin\u00e1ria e da ind\u00fastria alimentar a sectores como a avicultura e a p\u00f3s-colheita, cada ramo de especialidade da FumiHogar caracteriza-se por um esp\u00edrito de trabalho irrepreens\u00edvel, marcado pela efici\u00eancia e efic\u00e1cia em tudo o que faz.<\/p><p>Porque sabemos que os resultados do nosso trabalho s\u00e3o importantes, concentramo-nos n\u00e3o s\u00f3 no <em>qu\u00ea<\/em>, mas tamb\u00e9m no <em>como<\/em>. Prestamos aten\u00e7\u00e3o ao ambiente, certificando-nos de que minimizamos ao m\u00e1ximo a nossa interven\u00e7\u00e3o em todas as partes do processo. <\/p>\t\t\t\t\t\t\t\t<\/div>\n\t\t\t\t<\/div>\n\t\t\t\t<\/div>\n\t\t\t\t<\/div>\n\t\t\t\t\t<\/div>\n\t\t\t\t<\/div>\n\t\t\t\t<\/div>\n\t\t","protected":false},"excerpt":{"rendered":"<p>Sectores Sa\u00fade Ambiental SAIBA MAIS Veterin\u00e1ria SAIBA MAIS Seguran\u00e7a alimentar SAIBA MAIS Agricultura SAIBA MAIS Dom\u00ednios de aplica\u00e7\u00e3o Possui uma equipa multidisciplinar especializada em diferentes \u00e1reas e sectores, realizando sempre um trabalho meticuloso. Da veterin\u00e1ria e da ind\u00fastria alimentar a sectores como a avicultura e a p\u00f3s-colheita, cada ramo de especialidade da FumiHogar caracteriza-se por [&hellip;]<\/p>\n","protected":false},"author":1,"featured_media":0,"parent":0,"menu_order":3,"comment_status":"closed","ping_status":"closed","template":"","meta":{"footnotes":""},"class_list":["post-1929","page","type-page","status-publish","hentry"],"yoast_head":"<!-- This site is optimized with the Yoast SEO plugin v24.6 - https:\/\/yoast.com\/wordpress\/plugins\/seo\/ -->\n<title>Sectores da FumiHogar | Solu\u00e7\u00f5es especializadas<\/title>\n<meta name=\"description\" content=\"A FumiHogar oferece solu\u00e7\u00f5es para v\u00e1rios sectores, incluindo sa\u00fade ambiental, alimenta\u00e7\u00e3o, agricultura e veterin\u00e1ria.\" \/>\n<meta name=\"robots\" content=\"index, follow, max-snippet:-1, max-image-preview:large, max-video-preview:-1\" \/>\n<link rel=\"canonical\" href=\"https:\/\/brave-sutherland.217-18-163-79.plesk.page\/pt-pt\/sectores\/\" \/>\n<meta property=\"og:locale\" content=\"pt_PT\" \/>\n<meta property=\"og:type\" content=\"article\" \/>\n<meta property=\"og:title\" content=\"Sectores da FumiHogar | Solu\u00e7\u00f5es especializadas\" \/>\n<meta property=\"og:description\" content=\"A FumiHogar oferece solu\u00e7\u00f5es para v\u00e1rios sectores, incluindo sa\u00fade ambiental, alimenta\u00e7\u00e3o, agricultura e veterin\u00e1ria.\" \/>\n<meta property=\"og:url\" content=\"https:\/\/brave-sutherland.217-18-163-79.plesk.page\/pt-pt\/sectores\/\" \/>\n<meta property=\"og:site_name\" content=\"Fumihogar\" \/>\n<meta property=\"article:modified_time\" content=\"2025-03-17T16:09:40+00:00\" \/>\n<meta name=\"twitter:card\" content=\"summary_large_image\" \/>\n<meta name=\"twitter:label1\" content=\"Tempo estimado de leitura\" \/>\n\t<meta name=\"twitter:data1\" content=\"1 minuto\" \/>\n<script type=\"application\/ld+json\" class=\"yoast-schema-graph\">{\"@context\":\"https:\/\/schema.org\",\"@graph\":[{\"@type\":\"WebPage\",\"@id\":\"https:\/\/brave-sutherland.217-18-163-79.plesk.page\/pt-pt\/sectores\/\",\"url\":\"https:\/\/brave-sutherland.217-18-163-79.plesk.page\/pt-pt\/sectores\/\",\"name\":\"Sectores da FumiHogar | Solu\u00e7\u00f5es especializadas\",\"isPartOf\":{\"@id\":\"https:\/\/brave-sutherland.217-18-163-79.plesk.page\/#website\"},\"datePublished\":\"2025-02-06T10:45:20+00:00\",\"dateModified\":\"2025-03-17T16:09:40+00:00\",\"description\":\"A FumiHogar oferece solu\u00e7\u00f5es para v\u00e1rios sectores, incluindo sa\u00fade ambiental, alimenta\u00e7\u00e3o, agricultura e veterin\u00e1ria.\",\"breadcrumb\":{\"@id\":\"https:\/\/brave-sutherland.217-18-163-79.plesk.page\/pt-pt\/sectores\/#breadcrumb\"},\"inLanguage\":\"pt-PT\",\"potentialAction\":[{\"@type\":\"ReadAction\",\"target\":[\"https:\/\/brave-sutherland.217-18-163-79.plesk.page\/pt-pt\/sectores\/\"]}]},{\"@type\":\"BreadcrumbList\",\"@id\":\"https:\/\/brave-sutherland.217-18-163-79.plesk.page\/pt-pt\/sectores\/#breadcrumb\",\"itemListElement\":[{\"@type\":\"ListItem\",\"position\":1,\"name\":\"Portada\",\"item\":\"https:\/\/brave-sutherland.217-18-163-79.plesk.page\/pt-pt\/inicio\/\"},{\"@type\":\"ListItem\",\"position\":2,\"name\":\"Sectores\"}]},{\"@type\":\"WebSite\",\"@id\":\"https:\/\/brave-sutherland.217-18-163-79.plesk.page\/#website\",\"url\":\"https:\/\/brave-sutherland.217-18-163-79.plesk.page\/\",\"name\":\"Fumihogar\",\"description\":\"Tratamientos fum\u00edgenos en seco\",\"publisher\":{\"@id\":\"https:\/\/brave-sutherland.217-18-163-79.plesk.page\/#organization\"},\"potentialAction\":[{\"@type\":\"SearchAction\",\"target\":{\"@type\":\"EntryPoint\",\"urlTemplate\":\"https:\/\/brave-sutherland.217-18-163-79.plesk.page\/?s={search_term_string}\"},\"query-input\":{\"@type\":\"PropertyValueSpecification\",\"valueRequired\":true,\"valueName\":\"search_term_string\"}}],\"inLanguage\":\"pt-PT\"},{\"@type\":\"Organization\",\"@id\":\"https:\/\/brave-sutherland.217-18-163-79.plesk.page\/#organization\",\"name\":\"Fumihogar\",\"url\":\"https:\/\/brave-sutherland.217-18-163-79.plesk.page\/\",\"logo\":{\"@type\":\"ImageObject\",\"inLanguage\":\"pt-PT\",\"@id\":\"https:\/\/brave-sutherland.217-18-163-79.plesk.page\/#\/schema\/logo\/image\/\",\"url\":\"https:\/\/brave-sutherland.217-18-163-79.plesk.page\/wp-content\/uploads\/2024\/11\/FumiHogar-LogoNuevo.png\",\"contentUrl\":\"https:\/\/brave-sutherland.217-18-163-79.plesk.page\/wp-content\/uploads\/2024\/11\/FumiHogar-LogoNuevo.png\",\"width\":400,\"height\":178,\"caption\":\"Fumihogar\"},\"image\":{\"@id\":\"https:\/\/brave-sutherland.217-18-163-79.plesk.page\/#\/schema\/logo\/image\/\"}}]}<\/script>\n<!-- \/ Yoast SEO plugin. -->","yoast_head_json":{"title":"Sectores da FumiHogar | Solu\u00e7\u00f5es especializadas","description":"A FumiHogar oferece solu\u00e7\u00f5es para v\u00e1rios sectores, incluindo sa\u00fade ambiental, alimenta\u00e7\u00e3o, agricultura e veterin\u00e1ria.","robots":{"index":"index","follow":"follow","max-snippet":"max-snippet:-1","max-image-preview":"max-image-preview:large","max-video-preview":"max-video-preview:-1"},"canonical":"https:\/\/brave-sutherland.217-18-163-79.plesk.page\/pt-pt\/sectores\/","og_locale":"pt_PT","og_type":"article","og_title":"Sectores da FumiHogar | Solu\u00e7\u00f5es especializadas","og_description":"A FumiHogar oferece solu\u00e7\u00f5es para v\u00e1rios sectores, incluindo sa\u00fade ambiental, alimenta\u00e7\u00e3o, agricultura e veterin\u00e1ria.","og_url":"https:\/\/brave-sutherland.217-18-163-79.plesk.page\/pt-pt\/sectores\/","og_site_name":"Fumihogar","article_modified_time":"2025-03-17T16:09:40+00:00","twitter_card":"summary_large_image","twitter_misc":{"Tempo estimado de leitura":"1 minuto"},"schema":{"@context":"https:\/\/schema.org","@graph":[{"@type":"WebPage","@id":"https:\/\/brave-sutherland.217-18-163-79.plesk.page\/pt-pt\/sectores\/","url":"https:\/\/brave-sutherland.217-18-163-79.plesk.page\/pt-pt\/sectores\/","name":"Sectores da FumiHogar | Solu\u00e7\u00f5es especializadas","isPartOf":{"@id":"https:\/\/brave-sutherland.217-18-163-79.plesk.page\/#website"},"datePublished":"2025-02-06T10:45:20+00:00","dateModified":"2025-03-17T16:09:40+00:00","description":"A FumiHogar oferece solu\u00e7\u00f5es para v\u00e1rios sectores, incluindo sa\u00fade ambiental, alimenta\u00e7\u00e3o, agricultura e veterin\u00e1ria.","breadcrumb":{"@id":"https:\/\/brave-sutherland.217-18-163-79.plesk.page\/pt-pt\/sectores\/#breadcrumb"},"inLanguage":"pt-PT","potentialAction":[{"@type":"ReadAction","target":["https:\/\/brave-sutherland.217-18-163-79.plesk.page\/pt-pt\/sectores\/"]}]},{"@type":"BreadcrumbList","@id":"https:\/\/brave-sutherland.217-18-163-79.plesk.page\/pt-pt\/sectores\/#breadcrumb","itemListElement":[{"@type":"ListItem","position":1,"name":"Portada","item":"https:\/\/brave-sutherland.217-18-163-79.plesk.page\/pt-pt\/inicio\/"},{"@type":"ListItem","position":2,"name":"Sectores"}]},{"@type":"WebSite","@id":"https:\/\/brave-sutherland.217-18-163-79.plesk.page\/#website","url":"https:\/\/brave-sutherland.217-18-163-79.plesk.page\/","name":"Fumihogar","description":"Tratamientos fum\u00edgenos en seco","publisher":{"@id":"https:\/\/brave-sutherland.217-18-163-79.plesk.page\/#organization"},"potentialAction":[{"@type":"SearchAction","target":{"@type":"EntryPoint","urlTemplate":"https:\/\/brave-sutherland.217-18-163-79.plesk.page\/?s={search_term_string}"},"query-input":{"@type":"PropertyValueSpecification","valueRequired":true,"valueName":"search_term_string"}}],"inLanguage":"pt-PT"},{"@type":"Organization","@id":"https:\/\/brave-sutherland.217-18-163-79.plesk.page\/#organization","name":"Fumihogar","url":"https:\/\/brave-sutherland.217-18-163-79.plesk.page\/","logo":{"@type":"ImageObject","inLanguage":"pt-PT","@id":"https:\/\/brave-sutherland.217-18-163-79.plesk.page\/#\/schema\/logo\/image\/","url":"https:\/\/brave-sutherland.217-18-163-79.plesk.page\/wp-content\/uploads\/2024\/11\/FumiHogar-LogoNuevo.png","contentUrl":"https:\/\/brave-sutherland.217-18-163-79.plesk.page\/wp-content\/uploads\/2024\/11\/FumiHogar-LogoNuevo.png","width":400,"height":178,"caption":"Fumihogar"},"image":{"@id":"https:\/\/brave-sutherland.217-18-163-79.plesk.page\/#\/schema\/logo\/image\/"}}]}},"_links":{"self":[{"href":"https:\/\/brave-sutherland.217-18-163-79.plesk.page\/pt-pt\/wp-json\/wp\/v2\/pages\/1929","targetHints":{"allow":["GET"]}}],"collection":[{"href":"https:\/\/brave-sutherland.217-18-163-79.plesk.page\/pt-pt\/wp-json\/wp\/v2\/pages"}],"about":[{"href":"https:\/\/brave-sutherland.217-18-163-79.plesk.page\/pt-pt\/wp-json\/wp\/v2\/types\/page"}],"author":[{"embeddable":true,"href":"https:\/\/brave-sutherland.217-18-163-79.plesk.page\/pt-pt\/wp-json\/wp\/v2\/users\/1"}],"replies":[{"embeddable":true,"href":"https:\/\/brave-sutherland.217-18-163-79.plesk.page\/pt-pt\/wp-json\/wp\/v2\/comments?post=1929"}],"version-history":[{"count":1,"href":"https:\/\/brave-sutherland.217-18-163-79.plesk.page\/pt-pt\/wp-json\/wp\/v2\/pages\/1929\/revisions"}],"predecessor-version":[{"id":1931,"href":"https:\/\/brave-sutherland.217-18-163-79.plesk.page\/pt-pt\/wp-json\/wp\/v2\/pages\/1929\/revisions\/1931"}],"wp:attachment":[{"href":"https:\/\/brave-sutherland.217-18-163-79.plesk.page\/pt-pt\/wp-json\/wp\/v2\/media?parent=1929"}],"curies":[{"name":"wp","href":"https:\/\/api.w.org\/{rel}","templated":true}]}}