{"id":1939,"date":"2025-02-06T10:46:09","date_gmt":"2025-02-06T10:46:09","guid":{"rendered":"https:\/\/brave-sutherland.217-18-163-79.plesk.page\/sectores\/saude-ambiental\/"},"modified":"2025-03-17T16:09:40","modified_gmt":"2025-03-17T16:09:40","slug":"saude-ambiental","status":"publish","type":"page","link":"https:\/\/brave-sutherland.217-18-163-79.plesk.page\/pt-pt\/sectores\/saude-ambiental\/","title":{"rendered":"Sa\u00fade Ambiental"},"content":{"rendered":"\t\t<div data-elementor-type=\"wp-page\" data-elementor-id=\"1939\" class=\"elementor elementor-1939 elementor-259\" data-elementor-post-type=\"page\">\n\t\t\t\t<div class=\"elementor-element elementor-element-33654d1 e-con-full e-flex e-con e-parent\" data-id=\"33654d1\" data-element_type=\"container\">\n\t\t<div class=\"elementor-element elementor-element-e958813 e-flex e-con-boxed e-con e-child\" data-id=\"e958813\" data-element_type=\"container\" data-settings=\"{&quot;background_background&quot;:&quot;classic&quot;}\">\n\t\t\t\t\t<div class=\"e-con-inner\">\n\t\t<div class=\"elementor-element elementor-element-34b3cbd e-con-full e-flex e-con e-child\" data-id=\"34b3cbd\" data-element_type=\"container\">\n\t\t\t\t<div class=\"elementor-element elementor-element-a8229ee elementor-widget elementor-widget-heading\" data-id=\"a8229ee\" data-element_type=\"widget\" data-widget_type=\"heading.default\">\n\t\t\t\t<div class=\"elementor-widget-container\">\n\t\t\t\t\t<h1 class=\"elementor-heading-title elementor-size-default\">Sa\u00fade Ambiental<\/h1>\t\t\t\t<\/div>\n\t\t\t\t<\/div>\n\t\t\t\t<\/div>\n\t\t<div class=\"elementor-element elementor-element-20830f5 e-con-full e-flex e-con e-child\" data-id=\"20830f5\" data-element_type=\"container\">\n\t\t<div class=\"elementor-element elementor-element-c9387f9 e-con-full e-flex e-con e-child\" data-id=\"c9387f9\" data-element_type=\"container\" data-settings=\"{&quot;background_background&quot;:&quot;classic&quot;}\">\n\t\t\t\t<div class=\"elementor-element elementor-element-297be58 elementor-widget elementor-widget-heading\" data-id=\"297be58\" data-element_type=\"widget\" data-widget_type=\"heading.default\">\n\t\t\t\t<div class=\"elementor-widget-container\">\n\t\t\t\t\t<h2 class=\"elementor-heading-title elementor-size-default\">Um sector para todos<\/h2>\t\t\t\t<\/div>\n\t\t\t\t<\/div>\n\t\t\t\t<div class=\"elementor-element elementor-element-a009888 elementor-widget elementor-widget-text-editor\" data-id=\"a009888\" data-element_type=\"widget\" data-widget_type=\"text-editor.default\">\n\t\t\t\t<div class=\"elementor-widget-container\">\n\t\t\t\t\t\t\t\t\t<p><strong>A sa\u00fade ambiental<\/strong> \u00e9 a disciplina respons\u00e1vel pela prote\u00e7\u00e3o da sa\u00fade a <strong>n\u00edvel da popula\u00e7\u00e3o<\/strong>. Abrange todas as superf\u00edcies onde as aglomera\u00e7\u00f5es de pessoas s\u00e3o mais suscept\u00edveis de exposi\u00e7\u00e3o a v\u00edrus, bact\u00e9rias e todos os tipos de agentes patog\u00e9nicos, bem como a pragas de insectos. <\/p><p>Neste sentido, o objetivo \u00e9 melhorar as condi\u00e7\u00f5es de sa\u00fade das comunidades atrav\u00e9s da promo\u00e7\u00e3o de estilos de vida saud\u00e1veis, campanhas de sensibiliza\u00e7\u00e3o, educa\u00e7\u00e3o e <strong>investiga\u00e7\u00e3o<\/strong> e, no que nos diz respeito, a erradica\u00e7\u00e3o das fontes da doen\u00e7a.<\/p>\t\t\t\t\t\t\t\t<\/div>\n\t\t\t\t<\/div>\n\t\t\t\t<div class=\"elementor-element elementor-element-47e3ff9 elementor-widget-divider--view-line elementor-widget elementor-widget-divider\" data-id=\"47e3ff9\" data-element_type=\"widget\" data-widget_type=\"divider.default\">\n\t\t\t\t<div class=\"elementor-widget-container\">\n\t\t\t\t\t\t\t<div class=\"elementor-divider\">\n\t\t\t<span class=\"elementor-divider-separator\">\n\t\t\t\t\t\t<\/span>\n\t\t<\/div>\n\t\t\t\t\t\t<\/div>\n\t\t\t\t<\/div>\n\t\t\t\t<\/div>\n\t\t\t\t<\/div>\n\t\t\t\t\t<\/div>\n\t\t\t\t<\/div>\n\t\t\t\t<\/div>\n\t\t<div class=\"elementor-element elementor-element-4789d90 e-flex e-con-boxed e-con e-parent\" data-id=\"4789d90\" data-element_type=\"container\" data-settings=\"{&quot;background_background&quot;:&quot;classic&quot;}\">\n\t\t\t\t\t<div class=\"e-con-inner\">\n\t\t<div class=\"elementor-element elementor-element-3981c98 e-con-full e-flex e-con e-child\" data-id=\"3981c98\" data-element_type=\"container\">\n\t\t<div class=\"elementor-element elementor-element-edd1a38 e-con-full e-flex e-con e-child\" data-id=\"edd1a38\" data-element_type=\"container\">\n\t\t<div class=\"elementor-element elementor-element-5259475 e-con-full e-flex elementor-invisible e-con e-child\" data-id=\"5259475\" data-element_type=\"container\" data-settings=\"{&quot;animation&quot;:&quot;fadeIn&quot;}\">\n\t\t\t\t<div class=\"elementor-element elementor-element-dcdc6f9 elementor-widget-divider--view-line elementor-widget elementor-widget-divider\" data-id=\"dcdc6f9\" data-element_type=\"widget\" data-widget_type=\"divider.default\">\n\t\t\t\t<div class=\"elementor-widget-container\">\n\t\t\t\t\t\t\t<div class=\"elementor-divider\">\n\t\t\t<span class=\"elementor-divider-separator\">\n\t\t\t\t\t\t<\/span>\n\t\t<\/div>\n\t\t\t\t\t\t<\/div>\n\t\t\t\t<\/div>\n\t\t\t\t<div class=\"elementor-element elementor-element-de3b7aa elementor-view-default elementor-position-top elementor-mobile-position-top elementor-widget elementor-widget-icon-box\" data-id=\"de3b7aa\" data-element_type=\"widget\" data-widget_type=\"icon-box.default\">\n\t\t\t\t<div class=\"elementor-widget-container\">\n\t\t\t\t\t\t\t<div class=\"elementor-icon-box-wrapper\">\n\n\t\t\t\t\t\t<div class=\"elementor-icon-box-icon\">\n\t\t\t\t<span  class=\"elementor-icon\">\n\t\t\t\t<svg aria-hidden=\"true\" class=\"e-font-icon-svg e-far-file-alt\" viewBox=\"0 0 384 512\" xmlns=\"http:\/\/www.w3.org\/2000\/svg\"><path d=\"M288 248v28c0 6.6-5.4 12-12 12H108c-6.6 0-12-5.4-12-12v-28c0-6.6 5.4-12 12-12h168c6.6 0 12 5.4 12 12zm-12 72H108c-6.6 0-12 5.4-12 12v28c0 6.6 5.4 12 12 12h168c6.6 0 12-5.4 12-12v-28c0-6.6-5.4-12-12-12zm108-188.1V464c0 26.5-21.5 48-48 48H48c-26.5 0-48-21.5-48-48V48C0 21.5 21.5 0 48 0h204.1C264.8 0 277 5.1 286 14.1L369.9 98c9 8.9 14.1 21.2 14.1 33.9zm-128-80V128h76.1L256 51.9zM336 464V176H232c-13.3 0-24-10.7-24-24V48H48v416h288z\"><\/path><\/svg>\t\t\t\t<\/span>\n\t\t\t<\/div>\n\t\t\t\n\t\t\t\t\t\t<div class=\"elementor-icon-box-content\">\n\n\t\t\t\t\t\t\t\t\t<h3 class=\"elementor-icon-box-title\">\n\t\t\t\t\t\t<span  >\n\t\t\t\t\t\t\tEstudo pormenorizado\t\t\t\t\t\t<\/span>\n\t\t\t\t\t<\/h3>\n\t\t\t\t\n\t\t\t\t\t\t\t\t\t<p class=\"elementor-icon-box-description\">\n\t\t\t\t\t\tRealizamos testes rigorosos a todas as formula\u00e7\u00f5es, garantindo assim a sua efic\u00e1cia em cada projeto.\t\t\t\t\t<\/p>\n\t\t\t\t\n\t\t\t<\/div>\n\t\t\t\n\t\t<\/div>\n\t\t\t\t\t\t<\/div>\n\t\t\t\t<\/div>\n\t\t\t\t<\/div>\n\t\t<div class=\"elementor-element elementor-element-6fcec8d e-con-full e-flex elementor-invisible e-con e-child\" data-id=\"6fcec8d\" data-element_type=\"container\" data-settings=\"{&quot;animation&quot;:&quot;fadeIn&quot;}\">\n\t\t\t\t<div class=\"elementor-element elementor-element-ed49dcb elementor-widget-divider--view-line elementor-widget elementor-widget-divider\" data-id=\"ed49dcb\" data-element_type=\"widget\" data-widget_type=\"divider.default\">\n\t\t\t\t<div class=\"elementor-widget-container\">\n\t\t\t\t\t\t\t<div class=\"elementor-divider\">\n\t\t\t<span class=\"elementor-divider-separator\">\n\t\t\t\t\t\t<\/span>\n\t\t<\/div>\n\t\t\t\t\t\t<\/div>\n\t\t\t\t<\/div>\n\t\t\t\t<div class=\"elementor-element elementor-element-f9ad42f elementor-view-default elementor-position-top elementor-mobile-position-top elementor-widget elementor-widget-icon-box\" data-id=\"f9ad42f\" data-element_type=\"widget\" data-widget_type=\"icon-box.default\">\n\t\t\t\t<div class=\"elementor-widget-container\">\n\t\t\t\t\t\t\t<div class=\"elementor-icon-box-wrapper\">\n\n\t\t\t\t\t\t<div class=\"elementor-icon-box-icon\">\n\t\t\t\t<span  class=\"elementor-icon\">\n\t\t\t\t<svg aria-hidden=\"true\" class=\"e-font-icon-svg e-fas-globe-europe\" viewBox=\"0 0 496 512\" xmlns=\"http:\/\/www.w3.org\/2000\/svg\"><path d=\"M248 8C111 8 0 119 0 256s111 248 248 248 248-111 248-248S385 8 248 8zm200 248c0 22.5-3.9 44.2-10.8 64.4h-20.3c-4.3 0-8.4-1.7-11.4-4.8l-32-32.6c-4.5-4.6-4.5-12.1.1-16.7l12.5-12.5v-8.7c0-3-1.2-5.9-3.3-8l-9.4-9.4c-2.1-2.1-5-3.3-8-3.3h-16c-6.2 0-11.3-5.1-11.3-11.3 0-3 1.2-5.9 3.3-8l9.4-9.4c2.1-2.1 5-3.3 8-3.3h32c6.2 0 11.3-5.1 11.3-11.3v-9.4c0-6.2-5.1-11.3-11.3-11.3h-36.7c-8.8 0-16 7.2-16 16v4.5c0 6.9-4.4 13-10.9 15.2l-31.6 10.5c-3.3 1.1-5.5 4.1-5.5 7.6v2.2c0 4.4-3.6 8-8 8h-16c-4.4 0-8-3.6-8-8s-3.6-8-8-8H247c-3 0-5.8 1.7-7.2 4.4l-9.4 18.7c-2.7 5.4-8.2 8.8-14.3 8.8H194c-8.8 0-16-7.2-16-16V199c0-4.2 1.7-8.3 4.7-11.3l20.1-20.1c4.6-4.6 7.2-10.9 7.2-17.5 0-3.4 2.2-6.5 5.5-7.6l40-13.3c1.7-.6 3.2-1.5 4.4-2.7l26.8-26.8c2.1-2.1 3.3-5 3.3-8 0-6.2-5.1-11.3-11.3-11.3H258l-16 16v8c0 4.4-3.6 8-8 8h-16c-4.4 0-8-3.6-8-8v-20c0-2.5 1.2-4.9 3.2-6.4l28.9-21.7c1.9-.1 3.8-.3 5.7-.3C358.3 56 448 145.7 448 256zM130.1 149.1c0-3 1.2-5.9 3.3-8l25.4-25.4c2.1-2.1 5-3.3 8-3.3 6.2 0 11.3 5.1 11.3 11.3v16c0 3-1.2 5.9-3.3 8l-9.4 9.4c-2.1 2.1-5 3.3-8 3.3h-16c-6.2 0-11.3-5.1-11.3-11.3zm128 306.4v-7.1c0-8.8-7.2-16-16-16h-20.2c-10.8 0-26.7-5.3-35.4-11.8l-22.2-16.7c-11.5-8.6-18.2-22.1-18.2-36.4v-23.9c0-16 8.4-30.8 22.1-39l42.9-25.7c7.1-4.2 15.2-6.5 23.4-6.5h31.2c10.9 0 21.4 3.9 29.6 10.9l43.2 37.1h18.3c8.5 0 16.6 3.4 22.6 9.4l17.3 17.3c3.4 3.4 8.1 5.3 12.9 5.3H423c-32.4 58.9-93.8 99.5-164.9 103.1z\"><\/path><\/svg>\t\t\t\t<\/span>\n\t\t\t<\/div>\n\t\t\t\n\t\t\t\t\t\t<div class=\"elementor-icon-box-content\">\n\n\t\t\t\t\t\t\t\t\t<h3 class=\"elementor-icon-box-title\">\n\t\t\t\t\t\t<span  >\n\t\t\t\t\t\t\tSensibiliza\u00e7\u00e3o\t\t\t\t\t\t<\/span>\n\t\t\t\t\t<\/h3>\n\t\t\t\t\n\t\t\t\t\t\t\t\t\t<p class=\"elementor-icon-box-description\">\n\t\t\t\t\t\tQue o continente de ensaio seja t\u00e3o bem adaptado quanto poss\u00edvel para reduzir a pegada de carbono na sua distribui\u00e7\u00e3o.\t\t\t\t\t<\/p>\n\t\t\t\t\n\t\t\t<\/div>\n\t\t\t\n\t\t<\/div>\n\t\t\t\t\t\t<\/div>\n\t\t\t\t<\/div>\n\t\t\t\t<\/div>\n\t\t\t\t<\/div>\n\t\t<div class=\"elementor-element elementor-element-6f06744 e-con-full e-flex e-con e-child\" data-id=\"6f06744\" data-element_type=\"container\">\n\t\t\t\t<div class=\"elementor-element elementor-element-2c820b4 elementor-widget elementor-widget-heading\" data-id=\"2c820b4\" data-element_type=\"widget\" data-widget_type=\"heading.default\">\n\t\t\t\t<div class=\"elementor-widget-container\">\n\t\t\t\t\t<h2 class=\"elementor-heading-title elementor-size-default\"><b>FumiHogar<\/b><\/h2>\t\t\t\t<\/div>\n\t\t\t\t<\/div>\n\t\t\t\t<div class=\"elementor-element elementor-element-78eb8d7 elementor-widget elementor-widget-text-editor\" data-id=\"78eb8d7\" data-element_type=\"widget\" data-widget_type=\"text-editor.default\">\n\t\t\t\t<div class=\"elementor-widget-container\">\n\t\t\t\t\t\t\t\t\t<p>Possui uma equipa multidisciplinar especializada em diferentes \u00e1reas e sectores, realizando sempre um trabalho meticuloso.<\/p><p>Da veterin\u00e1ria e da ind\u00fastria alimentar a sectores como a avicultura e a p\u00f3s-colheita, cada ramo de especialidade da FumiHogar caracteriza-se por um esp\u00edrito de trabalho irrepreens\u00edvel, marcado pela efici\u00eancia e efic\u00e1cia em tudo o que faz.<\/p><p>Porque sabemos que os resultados do nosso trabalho s\u00e3o importantes, concentramo-nos n\u00e3o s\u00f3 no <em>qu\u00ea<\/em>, mas tamb\u00e9m no <em>como<\/em>. Prestamos aten\u00e7\u00e3o ao ambiente, certificando-nos de que minimizamos ao m\u00e1ximo a nossa interven\u00e7\u00e3o em todas as partes do processo. <\/p>\t\t\t\t\t\t\t\t<\/div>\n\t\t\t\t<\/div>\n\t\t\t\t<\/div>\n\t\t\t\t<\/div>\n\t\t\t\t\t<\/div>\n\t\t\t\t<\/div>\n\t\t<div class=\"elementor-element elementor-element-06847f6 e-con-full e-flex e-con e-parent\" data-id=\"06847f6\" data-element_type=\"container\" data-settings=\"{&quot;background_background&quot;:&quot;classic&quot;}\">\n\t\t<div class=\"elementor-element elementor-element-2680664 e-flex e-con-boxed e-con e-child\" data-id=\"2680664\" data-element_type=\"container\">\n\t\t\t\t\t<div class=\"e-con-inner\">\n\t\t\t\t<div class=\"elementor-element elementor-element-112d9e8 elementor-widget elementor-widget-heading\" data-id=\"112d9e8\" data-element_type=\"widget\" data-widget_type=\"heading.default\">\n\t\t\t\t<div class=\"elementor-widget-container\">\n\t\t\t\t\t<h2 class=\"elementor-heading-title elementor-size-default\">Destacar-se no sector<\/h2>\t\t\t\t<\/div>\n\t\t\t\t<\/div>\n\t\t\t\t<div class=\"elementor-element elementor-element-cb24992 elementor-widget elementor-widget-text-editor\" data-id=\"cb24992\" data-element_type=\"widget\" data-widget_type=\"text-editor.default\">\n\t\t\t\t<div class=\"elementor-widget-container\">\n\t\t\t\t\t\t\t\t\t<p><span class=\"notion-enable-hover\" data-token-index=\"0\">A FumiHogar<\/span> cumpre rigorosamente todas as normas regulamentadas na legisla\u00e7\u00e3o europeia sobre BPR, o que nos permite uma distribui\u00e7\u00e3o gratuita dos nossos produtos em toda a Europa e as garantias de exporta\u00e7\u00e3o para outros pa\u00edses a n\u00edvel internacional, tudo isto com consci\u00eancia ambiental para se estabelecer como uma empresa sustent\u00e1vel.<\/p><p>Neste momento, j\u00e1 marcado na hist\u00f3ria para o futuro, conseguimos desenvolver um produto que \u00e9 99% eficaz contra a Covid-19<strong>(FUMICROB<\/strong>), o que levou a um crescimento exponencial do mercado e a uma expans\u00e3o em grande escala nos pa\u00edses que conseguiram testar a sua efic\u00e1cia.<\/p>\t\t\t\t\t\t\t\t<\/div>\n\t\t\t\t<\/div>\n\t\t\t\t\t<\/div>\n\t\t\t\t<\/div>\n\t\t<div class=\"elementor-element elementor-element-93a60c1 e-con-full contenedor-producto e-flex e-con e-child\" data-id=\"93a60c1\" data-element_type=\"container\" data-settings=\"{&quot;background_background&quot;:&quot;classic&quot;}\">\n\t\t\t\t<\/div>\n\t\t\t\t<\/div>\n\t\t\t\t<\/div>\n\t\t","protected":false},"excerpt":{"rendered":"<p>Um sector para todos A sa\u00fade ambiental \u00e9 a disciplina respons\u00e1vel pela prote\u00e7\u00e3o da sa\u00fade a n\u00edvel da popula\u00e7\u00e3o. Abrange todas as superf\u00edcies onde as aglomera\u00e7\u00f5es de pessoas s\u00e3o mais suscept\u00edveis de exposi\u00e7\u00e3o a v\u00edrus, bact\u00e9rias e todos os tipos de agentes patog\u00e9nicos, bem como a pragas de insectos. Neste sentido, o objetivo \u00e9 melhorar [&hellip;]<\/p>\n","protected":false},"author":1,"featured_media":0,"parent":1929,"menu_order":0,"comment_status":"closed","ping_status":"closed","template":"","meta":{"footnotes":""},"class_list":["post-1939","page","type-page","status-publish","hentry"],"yoast_head":"<!-- This site is optimized with the Yoast SEO plugin v24.6 - https:\/\/yoast.com\/wordpress\/plugins\/seo\/ -->\n<title>Sa\u00fade Ambiental | FumiHogar<\/title>\n<meta name=\"description\" content=\"A FumiHogar protege a sa\u00fade ambiental com solu\u00e7\u00f5es avan\u00e7adas para o controlo de pragas e a desinfe\u00e7\u00e3o de espa\u00e7os p\u00fablicos e industriais.\" \/>\n<meta name=\"robots\" content=\"index, follow, max-snippet:-1, max-image-preview:large, max-video-preview:-1\" \/>\n<link rel=\"canonical\" href=\"https:\/\/brave-sutherland.217-18-163-79.plesk.page\/pt-pt\/sectores\/saude-ambiental\/\" \/>\n<meta property=\"og:locale\" content=\"pt_PT\" \/>\n<meta property=\"og:type\" content=\"article\" \/>\n<meta property=\"og:title\" content=\"Sa\u00fade Ambiental | FumiHogar\" \/>\n<meta property=\"og:description\" content=\"A FumiHogar protege a sa\u00fade ambiental com solu\u00e7\u00f5es avan\u00e7adas para o controlo de pragas e a desinfe\u00e7\u00e3o de espa\u00e7os p\u00fablicos e industriais.\" \/>\n<meta property=\"og:url\" content=\"https:\/\/brave-sutherland.217-18-163-79.plesk.page\/pt-pt\/sectores\/saude-ambiental\/\" \/>\n<meta property=\"og:site_name\" content=\"Fumihogar\" \/>\n<meta property=\"article:modified_time\" content=\"2025-03-17T16:09:40+00:00\" \/>\n<meta name=\"twitter:card\" content=\"summary_large_image\" \/>\n<meta name=\"twitter:label1\" content=\"Tempo estimado de leitura\" \/>\n\t<meta name=\"twitter:data1\" content=\"2 minutos\" \/>\n<script type=\"application\/ld+json\" class=\"yoast-schema-graph\">{\"@context\":\"https:\/\/schema.org\",\"@graph\":[{\"@type\":\"WebPage\",\"@id\":\"https:\/\/brave-sutherland.217-18-163-79.plesk.page\/pt-pt\/sectores\/saude-ambiental\/\",\"url\":\"https:\/\/brave-sutherland.217-18-163-79.plesk.page\/pt-pt\/sectores\/saude-ambiental\/\",\"name\":\"Sa\u00fade Ambiental | FumiHogar\",\"isPartOf\":{\"@id\":\"https:\/\/brave-sutherland.217-18-163-79.plesk.page\/#website\"},\"datePublished\":\"2025-02-06T10:46:09+00:00\",\"dateModified\":\"2025-03-17T16:09:40+00:00\",\"description\":\"A FumiHogar protege a sa\u00fade ambiental com solu\u00e7\u00f5es avan\u00e7adas para o controlo de pragas e a desinfe\u00e7\u00e3o de espa\u00e7os p\u00fablicos e industriais.\",\"breadcrumb\":{\"@id\":\"https:\/\/brave-sutherland.217-18-163-79.plesk.page\/pt-pt\/sectores\/saude-ambiental\/#breadcrumb\"},\"inLanguage\":\"pt-PT\",\"potentialAction\":[{\"@type\":\"ReadAction\",\"target\":[\"https:\/\/brave-sutherland.217-18-163-79.plesk.page\/pt-pt\/sectores\/saude-ambiental\/\"]}]},{\"@type\":\"BreadcrumbList\",\"@id\":\"https:\/\/brave-sutherland.217-18-163-79.plesk.page\/pt-pt\/sectores\/saude-ambiental\/#breadcrumb\",\"itemListElement\":[{\"@type\":\"ListItem\",\"position\":1,\"name\":\"Portada\",\"item\":\"https:\/\/brave-sutherland.217-18-163-79.plesk.page\/pt-pt\/inicio\/\"},{\"@type\":\"ListItem\",\"position\":2,\"name\":\"Sectores\",\"item\":\"https:\/\/brave-sutherland.217-18-163-79.plesk.page\/pt-pt\/sectores\/\"},{\"@type\":\"ListItem\",\"position\":3,\"name\":\"Sa\u00fade Ambiental\"}]},{\"@type\":\"WebSite\",\"@id\":\"https:\/\/brave-sutherland.217-18-163-79.plesk.page\/#website\",\"url\":\"https:\/\/brave-sutherland.217-18-163-79.plesk.page\/\",\"name\":\"Fumihogar\",\"description\":\"Tratamientos fum\u00edgenos en seco\",\"publisher\":{\"@id\":\"https:\/\/brave-sutherland.217-18-163-79.plesk.page\/#organization\"},\"potentialAction\":[{\"@type\":\"SearchAction\",\"target\":{\"@type\":\"EntryPoint\",\"urlTemplate\":\"https:\/\/brave-sutherland.217-18-163-79.plesk.page\/?s={search_term_string}\"},\"query-input\":{\"@type\":\"PropertyValueSpecification\",\"valueRequired\":true,\"valueName\":\"search_term_string\"}}],\"inLanguage\":\"pt-PT\"},{\"@type\":\"Organization\",\"@id\":\"https:\/\/brave-sutherland.217-18-163-79.plesk.page\/#organization\",\"name\":\"Fumihogar\",\"url\":\"https:\/\/brave-sutherland.217-18-163-79.plesk.page\/\",\"logo\":{\"@type\":\"ImageObject\",\"inLanguage\":\"pt-PT\",\"@id\":\"https:\/\/brave-sutherland.217-18-163-79.plesk.page\/#\/schema\/logo\/image\/\",\"url\":\"https:\/\/brave-sutherland.217-18-163-79.plesk.page\/wp-content\/uploads\/2024\/11\/FumiHogar-LogoNuevo.png\",\"contentUrl\":\"https:\/\/brave-sutherland.217-18-163-79.plesk.page\/wp-content\/uploads\/2024\/11\/FumiHogar-LogoNuevo.png\",\"width\":400,\"height\":178,\"caption\":\"Fumihogar\"},\"image\":{\"@id\":\"https:\/\/brave-sutherland.217-18-163-79.plesk.page\/#\/schema\/logo\/image\/\"}}]}<\/script>\n<!-- \/ Yoast SEO plugin. -->","yoast_head_json":{"title":"Sa\u00fade Ambiental | FumiHogar","description":"A FumiHogar protege a sa\u00fade ambiental com solu\u00e7\u00f5es avan\u00e7adas para o controlo de pragas e a desinfe\u00e7\u00e3o de espa\u00e7os p\u00fablicos e industriais.","robots":{"index":"index","follow":"follow","max-snippet":"max-snippet:-1","max-image-preview":"max-image-preview:large","max-video-preview":"max-video-preview:-1"},"canonical":"https:\/\/brave-sutherland.217-18-163-79.plesk.page\/pt-pt\/sectores\/saude-ambiental\/","og_locale":"pt_PT","og_type":"article","og_title":"Sa\u00fade Ambiental | FumiHogar","og_description":"A FumiHogar protege a sa\u00fade ambiental com solu\u00e7\u00f5es avan\u00e7adas para o controlo de pragas e a desinfe\u00e7\u00e3o de espa\u00e7os p\u00fablicos e industriais.","og_url":"https:\/\/brave-sutherland.217-18-163-79.plesk.page\/pt-pt\/sectores\/saude-ambiental\/","og_site_name":"Fumihogar","article_modified_time":"2025-03-17T16:09:40+00:00","twitter_card":"summary_large_image","twitter_misc":{"Tempo estimado de leitura":"2 minutos"},"schema":{"@context":"https:\/\/schema.org","@graph":[{"@type":"WebPage","@id":"https:\/\/brave-sutherland.217-18-163-79.plesk.page\/pt-pt\/sectores\/saude-ambiental\/","url":"https:\/\/brave-sutherland.217-18-163-79.plesk.page\/pt-pt\/sectores\/saude-ambiental\/","name":"Sa\u00fade Ambiental | FumiHogar","isPartOf":{"@id":"https:\/\/brave-sutherland.217-18-163-79.plesk.page\/#website"},"datePublished":"2025-02-06T10:46:09+00:00","dateModified":"2025-03-17T16:09:40+00:00","description":"A FumiHogar protege a sa\u00fade ambiental com solu\u00e7\u00f5es avan\u00e7adas para o controlo de pragas e a desinfe\u00e7\u00e3o de espa\u00e7os p\u00fablicos e industriais.","breadcrumb":{"@id":"https:\/\/brave-sutherland.217-18-163-79.plesk.page\/pt-pt\/sectores\/saude-ambiental\/#breadcrumb"},"inLanguage":"pt-PT","potentialAction":[{"@type":"ReadAction","target":["https:\/\/brave-sutherland.217-18-163-79.plesk.page\/pt-pt\/sectores\/saude-ambiental\/"]}]},{"@type":"BreadcrumbList","@id":"https:\/\/brave-sutherland.217-18-163-79.plesk.page\/pt-pt\/sectores\/saude-ambiental\/#breadcrumb","itemListElement":[{"@type":"ListItem","position":1,"name":"Portada","item":"https:\/\/brave-sutherland.217-18-163-79.plesk.page\/pt-pt\/inicio\/"},{"@type":"ListItem","position":2,"name":"Sectores","item":"https:\/\/brave-sutherland.217-18-163-79.plesk.page\/pt-pt\/sectores\/"},{"@type":"ListItem","position":3,"name":"Sa\u00fade Ambiental"}]},{"@type":"WebSite","@id":"https:\/\/brave-sutherland.217-18-163-79.plesk.page\/#website","url":"https:\/\/brave-sutherland.217-18-163-79.plesk.page\/","name":"Fumihogar","description":"Tratamientos fum\u00edgenos en seco","publisher":{"@id":"https:\/\/brave-sutherland.217-18-163-79.plesk.page\/#organization"},"potentialAction":[{"@type":"SearchAction","target":{"@type":"EntryPoint","urlTemplate":"https:\/\/brave-sutherland.217-18-163-79.plesk.page\/?s={search_term_string}"},"query-input":{"@type":"PropertyValueSpecification","valueRequired":true,"valueName":"search_term_string"}}],"inLanguage":"pt-PT"},{"@type":"Organization","@id":"https:\/\/brave-sutherland.217-18-163-79.plesk.page\/#organization","name":"Fumihogar","url":"https:\/\/brave-sutherland.217-18-163-79.plesk.page\/","logo":{"@type":"ImageObject","inLanguage":"pt-PT","@id":"https:\/\/brave-sutherland.217-18-163-79.plesk.page\/#\/schema\/logo\/image\/","url":"https:\/\/brave-sutherland.217-18-163-79.plesk.page\/wp-content\/uploads\/2024\/11\/FumiHogar-LogoNuevo.png","contentUrl":"https:\/\/brave-sutherland.217-18-163-79.plesk.page\/wp-content\/uploads\/2024\/11\/FumiHogar-LogoNuevo.png","width":400,"height":178,"caption":"Fumihogar"},"image":{"@id":"https:\/\/brave-sutherland.217-18-163-79.plesk.page\/#\/schema\/logo\/image\/"}}]}},"_links":{"self":[{"href":"https:\/\/brave-sutherland.217-18-163-79.plesk.page\/pt-pt\/wp-json\/wp\/v2\/pages\/1939","targetHints":{"allow":["GET"]}}],"collection":[{"href":"https:\/\/brave-sutherland.217-18-163-79.plesk.page\/pt-pt\/wp-json\/wp\/v2\/pages"}],"about":[{"href":"https:\/\/brave-sutherland.217-18-163-79.plesk.page\/pt-pt\/wp-json\/wp\/v2\/types\/page"}],"author":[{"embeddable":true,"href":"https:\/\/brave-sutherland.217-18-163-79.plesk.page\/pt-pt\/wp-json\/wp\/v2\/users\/1"}],"replies":[{"embeddable":true,"href":"https:\/\/brave-sutherland.217-18-163-79.plesk.page\/pt-pt\/wp-json\/wp\/v2\/comments?post=1939"}],"version-history":[{"count":1,"href":"https:\/\/brave-sutherland.217-18-163-79.plesk.page\/pt-pt\/wp-json\/wp\/v2\/pages\/1939\/revisions"}],"predecessor-version":[{"id":1941,"href":"https:\/\/brave-sutherland.217-18-163-79.plesk.page\/pt-pt\/wp-json\/wp\/v2\/pages\/1939\/revisions\/1941"}],"up":[{"embeddable":true,"href":"https:\/\/brave-sutherland.217-18-163-79.plesk.page\/pt-pt\/wp-json\/wp\/v2\/pages\/1929"}],"wp:attachment":[{"href":"https:\/\/brave-sutherland.217-18-163-79.plesk.page\/pt-pt\/wp-json\/wp\/v2\/media?parent=1939"}],"curies":[{"name":"wp","href":"https:\/\/api.w.org\/{rel}","templated":true}]}}