{"id":1968,"date":"2024-11-22T13:13:14","date_gmt":"2024-11-22T13:13:14","guid":{"rendered":"https:\/\/brave-sutherland.217-18-163-79.plesk.page\/politica-de-privacidade\/"},"modified":"2025-03-17T16:10:07","modified_gmt":"2025-03-17T16:10:07","slug":"politica-de-privacidade","status":"publish","type":"page","link":"https:\/\/brave-sutherland.217-18-163-79.plesk.page\/pt-pt\/politica-de-privacidade\/","title":{"rendered":"Pol\u00edtica de privacidade"},"content":{"rendered":"\n<h2 class=\"wp-block-heading\">FumiHogar<\/h2>\n\n<p>Este texto legal fornece detalhes sobre a forma como recolhemos e processamos os seus dados pessoais atrav\u00e9s da sua utiliza\u00e7\u00e3o do nosso s\u00edtio Web https:\/\/fumihogar.es\/, incluindo qualquer informa\u00e7\u00e3o que nos possa fornecer atrav\u00e9s do s\u00edtio quando fornece os seus dados atrav\u00e9s do formul\u00e1rio previsto para o efeito.  <\/p>\n\n<p>Quando nos fornece os seus dados, informamo-lo de que os nossos servi\u00e7os n\u00e3o s\u00e3o poss\u00edveis para as pessoas que n\u00e3o s\u00e3o capazes de dar o seu consentimento, pelo que, quando nos envia os formul\u00e1rios, garante que tem capacidade suficiente para dar o seu consentimento.  <\/p>\n\n<p>A seguir, informamos sobre a pol\u00edtica de prote\u00e7\u00e3o de dados de: <strong>Fumi<\/strong><strong> Hogar, S.L<\/strong><\/p>\n\n<p><strong>1) Respons\u00e1vel pelo tratamento dos dados.<\/strong><\/p>\n\n<p>Dados de contacto da pessoa respons\u00e1vel:  <\/p>\n\n<p><strong>Fumi<\/strong><strong> Hogar, S.L, <\/strong>com CIF: B92963024 e endere\u00e7o em: Avenida Ortega y Gasset, n\u00ba 268. Pol\u00edgono Industrial el Viso 29006 M\u00e1laga e telefone: 952338600. Correio eletr\u00f3nico: fumi-hogar@fumi-hogar.com  <\/p>\n\n<p>Inscrita no Registo Comercial de M\u00e1laga, em 20 de setembro de 2006, no Tomo 1185, Livro 98, F\u00f3lio 110, Sec\u00e7\u00e3o 8, Folha MA 4359, I\/A 7.<\/p>\n\n<p><strong>Fumi<\/strong><strong> Hogar, S.L.<\/strong>, \u00e9 respons\u00e1vel pelos seus dados (doravante &#8220;n\u00f3s&#8221; ou &#8220;nos&#8221; ou &#8220;nosso&#8221;). <strong><\/strong><\/p>\n\n<p><strong>2) Que dados recolhemos?  <\/strong><\/p>\n\n<p>O Regulamento Geral sobre a Prote\u00e7\u00e3o de Dados define <strong>dados pessoais<\/strong> como qualquer informa\u00e7\u00e3o relativa a uma pessoa singular identificada ou identific\u00e1vel, ou seja, qualquer informa\u00e7\u00e3o que permita identificar uma pessoa. Isto n\u00e3o inclui dados an\u00f3nimos, nem dados percentuais.   <\/p>\n\n<p>Os dados pessoais que possam ser recolhidos diretamente junto do interessado ser\u00e3o tratados de forma confidencial e ser\u00e3o incorporados nas actividades de tratamento correspondentes, propriedade da <strong>Fumi<\/strong><strong> Hogar, S.L.<\/strong><\/p>\n\n<p>Podemos processar determinados tipos de dados pessoais no nosso s\u00edtio Web, que podem incluir:<\/p>\n\n<p>&#8211; Dados de identifica\u00e7\u00e3o: nome,  <\/p>\n\n<p>&#8211; Dados de contacto: e-mail e telefone.<\/p>\n\n<p>N\u00e3o recolhemos quaisquer dados relativos a categorias especiais de dados pessoais (dados que revelem a origem racial ou \u00e9tnica, opini\u00f5es pol\u00edticas, cren\u00e7as religiosas ou filos\u00f3ficas, filia\u00e7\u00e3o sindical e informa\u00e7\u00f5es sobre a sua sa\u00fade, dados gen\u00e9ticos ou biom\u00e9tricos).  <\/p>\n\n<p>Se formos obrigados a recolher dados pessoais por lei ou nos termos de qualquer contrato celebrado entre n\u00f3s e o utilizador se recusar a fornec\u00ea-los, poderemos n\u00e3o conseguir celebrar esse contrato ou prestar o servi\u00e7o e o utilizador deve notificar-nos com anteced\u00eancia.  <\/p>\n\n<p><strong>3) Como \u00e9 que recolhemos os seus dados pessoais?  <\/strong><\/p>\n\n<p>Os meios que utilizamos para recolher dados pessoais s\u00e3o:<\/p>\n\n<p>&#8211; <strong>Atrav\u00e9s do formul\u00e1rio no nosso site, atrav\u00e9s do nosso e-mail de contacto, por telefone ou por correio,<\/strong><strong>quando:<\/strong><\/p>\n\n<p><strong>o <\/strong>Solicitar informa\u00e7\u00f5es sobre os nossos produtos ou servi\u00e7os<\/p>\n\n<p>Para garantir a qualidade do nosso s\u00edtio, reservamo-nos o direito <strong>de recusar qualquer pedido de registo<\/strong> ou de suspender ou cancelar um registo previamente aceite, se considerarmos que n\u00e3o cumpre estes requisitos ou qualquer outra lei ou regulamento. Se tal acontecer, tentaremos fundamentar a nossa decis\u00e3o, mas n\u00e3o nos podemos comprometer a faz\u00ea-lo em todos os casos. <\/p>\n\n<p>&#8211; <strong>Atrav\u00e9s de tecnologia ou intera\u00e7\u00f5es automatizadas<\/strong>: No nosso s\u00edtio, podemos recolher automaticamente dados t\u00e9cnicos sobre o seu computador, ac\u00e7\u00f5es de navega\u00e7\u00e3o e padr\u00f5es de utiliza\u00e7\u00e3o. Estes dados s\u00e3o recolhidos atrav\u00e9s de cookies ou tecnologias semelhantes. Para mais informa\u00e7\u00f5es, consulte a nossa pol\u00edtica de cookies aqui (liga\u00e7\u00e3o).  <\/p>\n\n<p>&#8211; <strong>Atrav\u00e9s de terceiros:<\/strong><\/p>\n\n<p><strong>o <\/strong><strong>Google: <\/strong>dados anal\u00edticos ou dados de pesquisa. Fora da Uni\u00e3o Europeia. <\/p>\n\n<p><strong>4. Finalidade e legitimidade da utiliza\u00e7\u00e3o dos seus dados.  <\/strong><\/p>\n\n<p>As utiliza\u00e7\u00f5es mais comuns dos seus dados pessoais s\u00e3o:<\/p>\n\n<p>&#8211; Para a formaliza\u00e7\u00e3o de um contrato entre <strong>Fumi<\/strong><strong> Hogar, S.L.<\/strong> e o utilizador.<\/p>\n\n<p>&#8211; Quando o utilizador consente no tratamento dos seus dados.<\/p>\n\n<p>&#8211; Quando necessitamos deles para cumprir uma obriga\u00e7\u00e3o legal ou regulamentar.<\/p>\n\n<p>&#8211; Quando for necess\u00e1rio para o nosso interesse leg\u00edtimo ou o de terceiros.  <\/p>\n\n<p>O Utilizador pode revogar o consentimento dado a qualquer momento, enviando uma mensagem de correio eletr\u00f3nico para fumi-hogar@fumi-hogar.com ou consultando a sec\u00e7\u00e3o sobre o exerc\u00edcio de direitos abaixo.<\/p>\n\n<p>Segue-se uma tabela que mostra as formas como utilizaremos os seus dados pessoais e a legalidade da nossa utiliza\u00e7\u00e3o dos seus dados pessoais e quais os dados pessoais que processaremos. Poderemos processar alguns dados pessoais por motivos legais adicionais, pelo que dever\u00e1 enviar um e-mail para fumi-hogar@fumi-hogar.com se necessitar de mais informa\u00e7\u00f5es. <\/p>\n\n<figure class=\"wp-block-table\"><table class=\"has-fixed-layout\"><tbody><tr><td><strong>Formul\u00e1rio<\/strong><\/td><td><strong>Objetivo<\/strong><\/td><td><strong>Tipo de dados<\/strong><\/td><td><strong>Legitimidade para o tratamento<\/strong><\/td><\/tr><tr><td>Contacto<\/td><td>O objetivo \u00e9 gerir os contactos e os pedidos de informa\u00e7\u00e3o recebidos atrav\u00e9s da Web.<\/td><td>&#8211; Nome- Email- Telefone  <\/td><td>Consentimento do titular dos dados (art. 6.1.a do RGPD) Medidas pr\u00e9-contratuais (art. 6.1.b do RGPD) O tratamento \u00e9 necess\u00e1rio para efeitos dos interesses leg\u00edtimos do respons\u00e1vel pelo tratamento (art. 6.1.f do RGPD)<\/td><\/tr><\/tbody><\/table><\/figure>\n\n<p><strong>Finalidade<\/strong>: Apenas utilizaremos os seus dados para os fins para os quais os recolhemos, a menos que acreditemos razoavelmente que os devemos utilizar por outra raz\u00e3o, desde que o notifiquemos previamente para que tenha conhecimento da raz\u00e3o legal para o processamento e desde que a finalidade seja compat\u00edvel com a finalidade original.  <\/p>\n\n<p><strong>5) Durante quanto tempo conservaremos os seus dados?<\/strong><\/p>\n\n<p>Ser\u00e3o conservados durante o tempo necess\u00e1rio para cumprir a finalidade para a qual foram recolhidos e para determinar as eventuais responsabilidades que possam decorrer dessa finalidade e do tratamento dos dados. S\u00e3o aplic\u00e1veis as disposi\u00e7\u00f5es dos diferentes regulamentos relativas ao per\u00edodo de conserva\u00e7\u00e3o, na medida em que sejam aplic\u00e1veis a este tratamento. <\/p>\n\n<p><strong>Dados de subscri\u00e7\u00e3o por correio eletr\u00f3nico ou formul\u00e1rio<\/strong>: desde o momento em que o utilizador subscreve at\u00e9 ao momento em que anula a subscri\u00e7\u00e3o.  <\/p>\n\n<p><strong>6. Menores.<\/strong><\/p>\n\n<p><strong>A Fumi<\/strong><strong> Hogar, S.L. <\/strong>n\u00e3o autoriza os menores de 14 anos a fornecer os seus dados pessoais atrav\u00e9s dos meios disponibilizados neste s\u00edtio Web (preenchimento de formul\u00e1rios Web para solicitar servi\u00e7os, contacto ou envio de e-mails). Por conseguinte, as pessoas que facultem dados pessoais atrav\u00e9s destes meios declaram formalmente que t\u00eam mais de 14 anos de idade, ficando <strong>a Fumi<\/strong><strong> Hogar, S.L.<\/strong> isenta de qualquer responsabilidade pelo incumprimento deste requisito. <\/p>\n\n<p>  <br\/>Se o seu filho menor de idade tiver fornecido informa\u00e7\u00f5es pessoais \u00e0 <strong>Fumi<\/strong><strong> Hogar, S.L., contacte a Fumi Hogar, S.L.<\/strong> para solicitar o exerc\u00edcio dos seus direitos aplic\u00e1veis.<\/p>\n\n<p>Nos casos em que os servi\u00e7os oferecidos pela <strong>Fumi<\/strong><strong> Hogar, S.L.<\/strong> se destinem a menores de 14 anos, ser\u00e3o facultados os meios para obter a autoriza\u00e7\u00e3o dos pais ou tutores legais do menor.<\/p>\n\n<p><strong>7. Exerc\u00edcio dos <\/strong><strong>direitos de prote\u00e7\u00e3o de dados:<\/strong><\/p>\n\n<p><strong>Como<\/strong><strong> exercer estes direitos?<\/strong> O utilizador pode enviar uma comunica\u00e7\u00e3o para a sede social da <strong>Fumi<\/strong><strong> Hogar, S.L.<\/strong> ou para o endere\u00e7o de correio eletr\u00f3nico fumi-hogar@fumi-hogar.com, incluindo, em ambos os casos, uma fotoc\u00f3pia do seu bilhete de identidade ou outro documento de identifica\u00e7\u00e3o similar, para solicitar o exerc\u00edcio dos seguintes direitos:<\/p>\n\n<p>&#8211; <strong>Acesso<\/strong> aos seus dados pessoais: pode perguntar \u00e0 <strong>Fumi<\/strong><strong> Hogar, S.L.<\/strong> se est\u00e1 a utilizar os seus dados pessoais.<\/p>\n\n<p>&#8211; Solicitar a sua <strong>retifica\u00e7\u00e3o<\/strong>, caso n\u00e3o estejam corretos, ou exercer o <strong>direito a ser esquecido<\/strong>em rela\u00e7\u00e3o aos mesmos.<\/p>\n\n<p>&#8211; Para solicitar a <strong>limita\u00e7\u00e3o do tratamento<\/strong>, neste caso, s\u00f3 ser\u00e3o conservados pela <strong>Fumi<\/strong><strong> Hogar, S.L.<\/strong> para o exerc\u00edcio ou a defesa de reclama\u00e7\u00f5es<strong>.<\/strong> <\/p>\n\n<p>&#8211; Opor-se <strong>ao<\/strong> seu tratamento: <strong>Fumi<\/strong><strong> Hogar, S.L.<\/strong> deixar\u00e1 de tratar os dados da forma que indicar, exceto se por motivos leg\u00edtimos ou para o exerc\u00edcio ou defesa de poss\u00edveis reclama\u00e7\u00f5es, estes devem continuar a ser tratados.<\/p>\n\n<p>&#8211; \u00c0 <strong>portabilidade <\/strong>dos dados: no caso de o utilizador desejar que os seus dados sejam tratados por outra empresa, <strong>a Fumi<\/strong><strong> Hogar, S.L.<\/strong> facilitar\u00e1 a portabilidade dos seus dados para o novo respons\u00e1vel pelo tratamento.  <\/p>\n\n<p>Para exercer os direitos acima referidos, pode utilizar os formul\u00e1rios disponibilizados pela Ag\u00eancia Espanhola de Prote\u00e7\u00e3o de Dados: <a href=\"https:\/\/www.aepd.es\/reglamento\/derechos\/index.html\">Aqui <\/a> <\/p>\n\n<p>Reclama\u00e7\u00e3o perante a AEPD: se considerar que existe um problema com a forma como <strong>a FumiHogar<\/strong><strong>, S.L.<\/strong> est\u00e1 a tratar os seus dados, pode dirigir as suas reclama\u00e7\u00f5es<strong> <\/strong>\u00e0 autoridade de controlo correspondente, sendo, em Espanha, a competente para o efeito: <a href=\"https:\/\/sedeagpd.gob.es\/sede-electronica-web\/vistas\/formNuevaReclamacion\/solicitudReclamacion.jsf;jsessionid=5085E2038B4210818633610065963C3E\">Ag\u00eancia Espanhola de Prote\u00e7\u00e3o de Dados.<\/a><\/p>\n\n<p>Pedir-lhe-emos informa\u00e7\u00f5es espec\u00edficas para nos ajudar a confirmar a sua identidade e para garantir o seu direito de aceder aos seus dados pessoais (ou de exercer qualquer um dos outros direitos acima mencionados). Esta \u00e9 uma medida de seguran\u00e7a para garantir que os dados pessoais n\u00e3o s\u00e3o divulgados a quem n\u00e3o tem o direito de os receber.   <\/p>\n\n<p>Todos os pedidos ser\u00e3o tratados dentro do prazo legal de um m\u00eas. No entanto, se o pedido for particularmente complexo, pode demorar mais de um m\u00eas. Nesse caso, inform\u00e1-lo-emos e mant\u00ea-lo-emos informado.    <\/p>\n\n<p><strong>8. Comunica\u00e7\u00e3o de dados: presta\u00e7\u00e3o de servi\u00e7os.<\/strong><\/p>\n\n<p>\u00c9 poss\u00edvel que, no decurso do nosso trabalho, necessitemos da assist\u00eancia de terceiros, que apenas tratar\u00e3o os dados para prestar o servi\u00e7o contratado e com os quais temos as medidas correspondentes para garantir os seus direitos:<\/p>\n\n<p>&#8211; Prestadores de servi\u00e7os que fornecem servi\u00e7os de tecnologia da informa\u00e7\u00e3o e de gest\u00e3o de sistemas.<\/p>\n\n<p>&#8211; Consultores profissionais, incluindo advogados, auditores e subscritores, que prestam servi\u00e7os de consultoria banc\u00e1ria, jur\u00eddica, de seguros e contabil\u00edstica<\/p>\n\n<p>Todos os subcontratantes a quem transferimos os seus dados respeitar\u00e3o a seguran\u00e7a dos seus dados pessoais e process\u00e1-los-\u00e3o em conformidade com o RGPD.  <\/p>\n\n<p>Apenas permitimos que estes prestadores de servi\u00e7os tratem os seus dados para fins espec\u00edficos e de acordo com as nossas instru\u00e7\u00f5es. No entanto, a fim de cumprir os requisitos de transpar\u00eancia, pode solicitar uma lista das empresas que nos prestam servi\u00e7os enviando uma mensagem de correio eletr\u00f3nico para: fumi-hogar@fumi-hogar.com. <\/p>\n\n<p>  9<strong>. Seguran\u00e7a dos dados. <\/strong><\/p>\n\n<p>Implement\u00e1mos medidas de seguran\u00e7a adequadas para evitar que os seus dados pessoais sejam acidentalmente perdidos, utilizados ou acedidos de forma n\u00e3o autorizada, modificados ou divulgados. Al\u00e9m disso, restringimos o acesso aos seus dados pessoais aos funcion\u00e1rios, agentes, contratantes e outros terceiros que tenham uma necessidade comercial de conhecer esses dados. Estes apenas processar\u00e3o os dados pessoais do utilizador de acordo com as nossas instru\u00e7\u00f5es e estar\u00e3o vinculados por um dever de confidencialidade.    <\/p>\n\n<p>Implement\u00e1mos procedimentos para lidar com qualquer suspeita de viola\u00e7\u00e3o dos seus dados pessoais e notific\u00e1-lo-emos a si e \u00e0 Autoridade de Supervis\u00e3o em caso de viola\u00e7\u00e3o da seguran\u00e7a, conforme regulamentado nos artigos 33\u00ba e 34\u00ba do RGPD.  <\/p>\n","protected":false},"excerpt":{"rendered":"<p>FumiHogar Este texto legal fornece detalhes sobre a forma como recolhemos e processamos os seus dados pessoais atrav\u00e9s da sua utiliza\u00e7\u00e3o do nosso s\u00edtio Web https:\/\/fumihogar.es\/, incluindo qualquer informa\u00e7\u00e3o que nos possa fornecer atrav\u00e9s do s\u00edtio quando fornece os seus dados atrav\u00e9s do formul\u00e1rio previsto para o efeito. Quando nos fornece os seus dados, informamo-lo [&hellip;]<\/p>\n","protected":false},"author":1,"featured_media":0,"parent":0,"menu_order":9,"comment_status":"closed","ping_status":"closed","template":"","meta":{"footnotes":""},"class_list":["post-1968","page","type-page","status-publish","hentry"],"yoast_head":"<!-- This site is optimized with the Yoast SEO plugin v24.6 - https:\/\/yoast.com\/wordpress\/plugins\/seo\/ -->\n<title>Pol\u00edtica de privacidade | FumiHogar<\/title>\n<meta name=\"description\" content=\"Saiba como a FumiHogar protege a sua privacidade e gere os seus dados pessoais de acordo com a nossa pol\u00edtica de privacidade.\" \/>\n<meta name=\"robots\" content=\"index, follow, max-snippet:-1, max-image-preview:large, max-video-preview:-1\" \/>\n<link rel=\"canonical\" href=\"https:\/\/brave-sutherland.217-18-163-79.plesk.page\/pt-pt\/politica-de-privacidade\/\" \/>\n<meta property=\"og:locale\" content=\"pt_PT\" \/>\n<meta property=\"og:type\" content=\"article\" \/>\n<meta property=\"og:title\" content=\"Pol\u00edtica de privacidade | FumiHogar\" \/>\n<meta property=\"og:description\" content=\"Saiba como a FumiHogar protege a sua privacidade e gere os seus dados pessoais de acordo com a nossa pol\u00edtica de privacidade.\" \/>\n<meta property=\"og:url\" content=\"https:\/\/brave-sutherland.217-18-163-79.plesk.page\/pt-pt\/politica-de-privacidade\/\" \/>\n<meta property=\"og:site_name\" content=\"Fumihogar\" \/>\n<meta property=\"article:modified_time\" content=\"2025-03-17T16:10:07+00:00\" \/>\n<meta name=\"twitter:card\" content=\"summary_large_image\" \/>\n<meta name=\"twitter:label1\" content=\"Tempo estimado de leitura\" \/>\n\t<meta name=\"twitter:data1\" content=\"9 minutos\" \/>\n<script type=\"application\/ld+json\" class=\"yoast-schema-graph\">{\"@context\":\"https:\/\/schema.org\",\"@graph\":[{\"@type\":\"WebPage\",\"@id\":\"https:\/\/brave-sutherland.217-18-163-79.plesk.page\/pt-pt\/politica-de-privacidade\/\",\"url\":\"https:\/\/brave-sutherland.217-18-163-79.plesk.page\/pt-pt\/politica-de-privacidade\/\",\"name\":\"Pol\u00edtica de privacidade | FumiHogar\",\"isPartOf\":{\"@id\":\"https:\/\/brave-sutherland.217-18-163-79.plesk.page\/#website\"},\"datePublished\":\"2024-11-22T13:13:14+00:00\",\"dateModified\":\"2025-03-17T16:10:07+00:00\",\"description\":\"Saiba como a FumiHogar protege a sua privacidade e gere os seus dados pessoais de acordo com a nossa pol\u00edtica de privacidade.\",\"breadcrumb\":{\"@id\":\"https:\/\/brave-sutherland.217-18-163-79.plesk.page\/pt-pt\/politica-de-privacidade\/#breadcrumb\"},\"inLanguage\":\"pt-PT\",\"potentialAction\":[{\"@type\":\"ReadAction\",\"target\":[\"https:\/\/brave-sutherland.217-18-163-79.plesk.page\/pt-pt\/politica-de-privacidade\/\"]}]},{\"@type\":\"BreadcrumbList\",\"@id\":\"https:\/\/brave-sutherland.217-18-163-79.plesk.page\/pt-pt\/politica-de-privacidade\/#breadcrumb\",\"itemListElement\":[{\"@type\":\"ListItem\",\"position\":1,\"name\":\"Portada\",\"item\":\"https:\/\/brave-sutherland.217-18-163-79.plesk.page\/pt-pt\/inicio\/\"},{\"@type\":\"ListItem\",\"position\":2,\"name\":\"Pol\u00edtica de privacidade\"}]},{\"@type\":\"WebSite\",\"@id\":\"https:\/\/brave-sutherland.217-18-163-79.plesk.page\/#website\",\"url\":\"https:\/\/brave-sutherland.217-18-163-79.plesk.page\/\",\"name\":\"Fumihogar\",\"description\":\"Tratamientos fum\u00edgenos en seco\",\"publisher\":{\"@id\":\"https:\/\/brave-sutherland.217-18-163-79.plesk.page\/#organization\"},\"potentialAction\":[{\"@type\":\"SearchAction\",\"target\":{\"@type\":\"EntryPoint\",\"urlTemplate\":\"https:\/\/brave-sutherland.217-18-163-79.plesk.page\/?s={search_term_string}\"},\"query-input\":{\"@type\":\"PropertyValueSpecification\",\"valueRequired\":true,\"valueName\":\"search_term_string\"}}],\"inLanguage\":\"pt-PT\"},{\"@type\":\"Organization\",\"@id\":\"https:\/\/brave-sutherland.217-18-163-79.plesk.page\/#organization\",\"name\":\"Fumihogar\",\"url\":\"https:\/\/brave-sutherland.217-18-163-79.plesk.page\/\",\"logo\":{\"@type\":\"ImageObject\",\"inLanguage\":\"pt-PT\",\"@id\":\"https:\/\/brave-sutherland.217-18-163-79.plesk.page\/#\/schema\/logo\/image\/\",\"url\":\"https:\/\/brave-sutherland.217-18-163-79.plesk.page\/wp-content\/uploads\/2024\/11\/FumiHogar-LogoNuevo.png\",\"contentUrl\":\"https:\/\/brave-sutherland.217-18-163-79.plesk.page\/wp-content\/uploads\/2024\/11\/FumiHogar-LogoNuevo.png\",\"width\":400,\"height\":178,\"caption\":\"Fumihogar\"},\"image\":{\"@id\":\"https:\/\/brave-sutherland.217-18-163-79.plesk.page\/#\/schema\/logo\/image\/\"}}]}<\/script>\n<!-- \/ Yoast SEO plugin. -->","yoast_head_json":{"title":"Pol\u00edtica de privacidade | FumiHogar","description":"Saiba como a FumiHogar protege a sua privacidade e gere os seus dados pessoais de acordo com a nossa pol\u00edtica de privacidade.","robots":{"index":"index","follow":"follow","max-snippet":"max-snippet:-1","max-image-preview":"max-image-preview:large","max-video-preview":"max-video-preview:-1"},"canonical":"https:\/\/brave-sutherland.217-18-163-79.plesk.page\/pt-pt\/politica-de-privacidade\/","og_locale":"pt_PT","og_type":"article","og_title":"Pol\u00edtica de privacidade | FumiHogar","og_description":"Saiba como a FumiHogar protege a sua privacidade e gere os seus dados pessoais de acordo com a nossa pol\u00edtica de privacidade.","og_url":"https:\/\/brave-sutherland.217-18-163-79.plesk.page\/pt-pt\/politica-de-privacidade\/","og_site_name":"Fumihogar","article_modified_time":"2025-03-17T16:10:07+00:00","twitter_card":"summary_large_image","twitter_misc":{"Tempo estimado de leitura":"9 minutos"},"schema":{"@context":"https:\/\/schema.org","@graph":[{"@type":"WebPage","@id":"https:\/\/brave-sutherland.217-18-163-79.plesk.page\/pt-pt\/politica-de-privacidade\/","url":"https:\/\/brave-sutherland.217-18-163-79.plesk.page\/pt-pt\/politica-de-privacidade\/","name":"Pol\u00edtica de privacidade | FumiHogar","isPartOf":{"@id":"https:\/\/brave-sutherland.217-18-163-79.plesk.page\/#website"},"datePublished":"2024-11-22T13:13:14+00:00","dateModified":"2025-03-17T16:10:07+00:00","description":"Saiba como a FumiHogar protege a sua privacidade e gere os seus dados pessoais de acordo com a nossa pol\u00edtica de privacidade.","breadcrumb":{"@id":"https:\/\/brave-sutherland.217-18-163-79.plesk.page\/pt-pt\/politica-de-privacidade\/#breadcrumb"},"inLanguage":"pt-PT","potentialAction":[{"@type":"ReadAction","target":["https:\/\/brave-sutherland.217-18-163-79.plesk.page\/pt-pt\/politica-de-privacidade\/"]}]},{"@type":"BreadcrumbList","@id":"https:\/\/brave-sutherland.217-18-163-79.plesk.page\/pt-pt\/politica-de-privacidade\/#breadcrumb","itemListElement":[{"@type":"ListItem","position":1,"name":"Portada","item":"https:\/\/brave-sutherland.217-18-163-79.plesk.page\/pt-pt\/inicio\/"},{"@type":"ListItem","position":2,"name":"Pol\u00edtica de privacidade"}]},{"@type":"WebSite","@id":"https:\/\/brave-sutherland.217-18-163-79.plesk.page\/#website","url":"https:\/\/brave-sutherland.217-18-163-79.plesk.page\/","name":"Fumihogar","description":"Tratamientos fum\u00edgenos en seco","publisher":{"@id":"https:\/\/brave-sutherland.217-18-163-79.plesk.page\/#organization"},"potentialAction":[{"@type":"SearchAction","target":{"@type":"EntryPoint","urlTemplate":"https:\/\/brave-sutherland.217-18-163-79.plesk.page\/?s={search_term_string}"},"query-input":{"@type":"PropertyValueSpecification","valueRequired":true,"valueName":"search_term_string"}}],"inLanguage":"pt-PT"},{"@type":"Organization","@id":"https:\/\/brave-sutherland.217-18-163-79.plesk.page\/#organization","name":"Fumihogar","url":"https:\/\/brave-sutherland.217-18-163-79.plesk.page\/","logo":{"@type":"ImageObject","inLanguage":"pt-PT","@id":"https:\/\/brave-sutherland.217-18-163-79.plesk.page\/#\/schema\/logo\/image\/","url":"https:\/\/brave-sutherland.217-18-163-79.plesk.page\/wp-content\/uploads\/2024\/11\/FumiHogar-LogoNuevo.png","contentUrl":"https:\/\/brave-sutherland.217-18-163-79.plesk.page\/wp-content\/uploads\/2024\/11\/FumiHogar-LogoNuevo.png","width":400,"height":178,"caption":"Fumihogar"},"image":{"@id":"https:\/\/brave-sutherland.217-18-163-79.plesk.page\/#\/schema\/logo\/image\/"}}]}},"_links":{"self":[{"href":"https:\/\/brave-sutherland.217-18-163-79.plesk.page\/pt-pt\/wp-json\/wp\/v2\/pages\/1968","targetHints":{"allow":["GET"]}}],"collection":[{"href":"https:\/\/brave-sutherland.217-18-163-79.plesk.page\/pt-pt\/wp-json\/wp\/v2\/pages"}],"about":[{"href":"https:\/\/brave-sutherland.217-18-163-79.plesk.page\/pt-pt\/wp-json\/wp\/v2\/types\/page"}],"author":[{"embeddable":true,"href":"https:\/\/brave-sutherland.217-18-163-79.plesk.page\/pt-pt\/wp-json\/wp\/v2\/users\/1"}],"replies":[{"embeddable":true,"href":"https:\/\/brave-sutherland.217-18-163-79.plesk.page\/pt-pt\/wp-json\/wp\/v2\/comments?post=1968"}],"version-history":[{"count":1,"href":"https:\/\/brave-sutherland.217-18-163-79.plesk.page\/pt-pt\/wp-json\/wp\/v2\/pages\/1968\/revisions"}],"predecessor-version":[{"id":1969,"href":"https:\/\/brave-sutherland.217-18-163-79.plesk.page\/pt-pt\/wp-json\/wp\/v2\/pages\/1968\/revisions\/1969"}],"wp:attachment":[{"href":"https:\/\/brave-sutherland.217-18-163-79.plesk.page\/pt-pt\/wp-json\/wp\/v2\/media?parent=1968"}],"curies":[{"name":"wp","href":"https:\/\/api.w.org\/{rel}","templated":true}]}}